{"id":7289,"date":"2021-03-22T12:56:30","date_gmt":"2021-03-22T11:56:30","guid":{"rendered":"https:\/\/pensumgroup.no\/diskretionaere-vermoegensverwaltung\/"},"modified":"2023-02-06T22:41:30","modified_gmt":"2023-02-06T21:41:30","slug":"diskretionaere-vermoegensverwaltung","status":"publish","type":"page","link":"https:\/\/pensumgroup.no\/de\/diskretionaere-vermoegensverwaltung\/","title":{"rendered":"Diskretion\u00e4re Verm\u00f6gensverwaltung"},"content":{"rendered":"\t\t<div data-elementor-type=\"wp-page\" data-elementor-id=\"7289\" class=\"elementor elementor-7289 elementor-102\" data-elementor-post-type=\"page\">\n\t\t\t\t\t\t<section class=\"elementor-section elementor-top-section elementor-element elementor-element-615b82e elementor-section-height-min-height elementor-section-content-middle elementor-section-boxed elementor-section-height-default elementor-section-items-middle\" data-id=\"615b82e\" data-element_type=\"section\" data-e-type=\"section\" data-settings=\"{&quot;background_background&quot;:&quot;classic&quot;}\">\n\t\t\t\t\t\t\t<div class=\"elementor-background-overlay\"><\/div>\n\t\t\t\t\t\t\t<div class=\"elementor-container elementor-column-gap-default\">\n\t\t\t\t\t<div class=\"elementor-column elementor-col-50 elementor-top-column elementor-element elementor-element-1290a1e\" data-id=\"1290a1e\" data-element_type=\"column\" data-e-type=\"column\">\n\t\t\t<div class=\"elementor-widget-wrap elementor-element-populated\">\n\t\t\t\t\t\t<div class=\"elementor-element elementor-element-413fe7a elementor-widget elementor-widget-heading\" data-id=\"413fe7a\" data-element_type=\"widget\" data-e-type=\"widget\" data-widget_type=\"heading.default\">\n\t\t\t\t<div class=\"elementor-widget-container\">\n\t\t\t\t\t<h2 class=\"elementor-heading-title elementor-size-default\">Diskretion\u00e4re Verm\u00f6gensverwaltung<\/h2>\t\t\t\t<\/div>\n\t\t\t\t<\/div>\n\t\t\t\t\t<\/div>\n\t\t<\/div>\n\t\t\t\t<div class=\"elementor-column elementor-col-50 elementor-top-column elementor-element elementor-element-18a7908\" data-id=\"18a7908\" data-element_type=\"column\" data-e-type=\"column\">\n\t\t\t<div class=\"elementor-widget-wrap elementor-element-populated\">\n\t\t\t\t\t\t<div class=\"elementor-element elementor-element-5ec7861 elementor-align-right elementor-widget elementor-widget-breadcrumbs\" data-id=\"5ec7861\" data-element_type=\"widget\" data-e-type=\"widget\" data-widget_type=\"breadcrumbs.default\">\n\t\t\t\t<div class=\"elementor-widget-container\">\n\t\t\t\t\t<p id=\"breadcrumbs\"><span><span><a href=\"https:\/\/pensumgroup.no\/de\/\">Forside<\/a><\/span><\/span><\/p>\t\t\t\t<\/div>\n\t\t\t\t<\/div>\n\t\t\t\t\t<\/div>\n\t\t<\/div>\n\t\t\t\t\t<\/div>\n\t\t<\/section>\n\t\t\t\t<section class=\"elementor-section elementor-top-section elementor-element elementor-element-f2e9fd9 elementor-section-content-top elementor-section-boxed elementor-section-height-default elementor-section-height-default\" data-id=\"f2e9fd9\" data-element_type=\"section\" data-e-type=\"section\">\n\t\t\t\t\t\t<div class=\"elementor-container elementor-column-gap-no\">\n\t\t\t\t\t<div class=\"elementor-column elementor-col-100 elementor-top-column elementor-element elementor-element-3c05f75\" data-id=\"3c05f75\" data-element_type=\"column\" data-e-type=\"column\">\n\t\t\t<div class=\"elementor-widget-wrap elementor-element-populated\">\n\t\t\t\t\t\t<div class=\"elementor-element elementor-element-4c701b0 elementor-widget elementor-widget-heading\" data-id=\"4c701b0\" data-element_type=\"widget\" data-e-type=\"widget\" data-widget_type=\"heading.default\">\n\t\t\t\t<div class=\"elementor-widget-container\">\n\t\t\t\t\t<h2 class=\"elementor-heading-title elementor-size-default\">Diskretion\u00e4re Verm\u00f6gensverwaltung - Freiheit unter Verantwortung<\/h2>\t\t\t\t<\/div>\n\t\t\t\t<\/div>\n\t\t\t\t<div class=\"elementor-element elementor-element-6630762 elementor-widget elementor-widget-text-editor\" data-id=\"6630762\" data-element_type=\"widget\" data-e-type=\"widget\" data-widget_type=\"text-editor.default\">\n\t\t\t\t<div class=\"elementor-widget-container\">\n\t\t\t\t\t\t\t\t\t<p>F\u00fcr Kunden, die nicht in die laufenden Anlageentscheidungen einbezogen werden m\u00f6chten, bieten wir eine diskretion\u00e4re Verm\u00f6gensverwaltung an. Das bedeutet, dass Sie als Kunde uns die Verwaltungsentscheidung anvertrauen. Der Verwalter ist befugt, innerhalb des mit dem Kunden vereinbarten Rahmens laufend Umschichtungen vorzunehmen, die sich z.B. nach Marktrisiko, Liquidit\u00e4t, Volatilit\u00e4t und Renditeerwartung richten. Der Vorteil der diskretion\u00e4ren Verm\u00f6gensverwaltung liegt darin, dass Sie nicht selbst aktiv werden m\u00fcssen, sondern einen Verwalter haben, der sich voll und ganz auf Ihre Anlagen konzentriert und daf\u00fcr sorgt, dass Sie jederzeit vern\u00fcnftig positioniert sind.<\/p>\n<p>Die diskretion\u00e4re Verm\u00f6gensverwaltung bringt f\u00fcr uns eine besonders gro\u00dfe Verantwortung mit sich. Wir treffen wichtige Finanzentscheidungen f\u00fcr unsere Kunden und sind darauf angewiesen, dieses Vertrauen solide zu verwalten. Deshalb legen wir einen besonderen Fokus auf unsere Verm\u00f6gensverwaltung und sind stets bestrebt, die bestm\u00f6gliche Arbeit zu leisten.<\/p>\n<p>Wir bieten kundenindividuelle L\u00f6sungen mit den L\u00f6sungen mit den folgenden Platzierungsm\u00f6glichkeiten:<\/p>\n<p><\/p>\n<p><strong>Pensum Global Fondsportfolios<\/strong><\/p>\n<ul>\n<li>Aktienfonds<\/li>\n<li>Verzinsliche Wertpapiere<\/li>\n<li>Kombination aus Aktien und Zinsen, dynamisch verwaltet<\/li>\n<\/ul><div><br><\/div>\n<p><strong>Pensum Global Absolute Return<\/strong><\/p>\n<ul>\n<li>Hedgefonds, Private Loans, andere Fonds mit Fokus auf Absolute Return<\/li>\n<li>Geringe Korrelation mit anderen Anlageklassen<\/li>\n<\/ul><div><br><\/div>\n<p><strong>Pensum Aktienportfolios<\/strong><\/p>\n<ul>\n<li>Norwegische Aktien<\/li>\n<li>Energie<\/li>\n<li>Aktienzertifikate<\/li>\n<li>Seafood<\/li>\n<li>Nordische Aktien<\/li>\n<li>Europ\u00e4ische Aktien<\/li>\n<\/ul><div><br><\/div>\n<p><strong>Pensum Bonds<\/strong><\/p>\t\t\t\t\t\t\t\t<\/div>\n\t\t\t\t<\/div>\n\t\t\t\t\t<\/div>\n\t\t<\/div>\n\t\t\t\t\t<\/div>\n\t\t<\/section>\n\t\t\t\t<section class=\"elementor-section elementor-top-section elementor-element elementor-element-3eeb1d11 elementor-section-boxed elementor-section-height-default elementor-section-height-default\" data-id=\"3eeb1d11\" data-element_type=\"section\" data-e-type=\"section\">\n\t\t\t\t\t\t<div class=\"elementor-container elementor-column-gap-default\">\n\t\t\t\t\t<div class=\"elementor-column elementor-col-100 elementor-top-column elementor-element elementor-element-6054191\" data-id=\"6054191\" data-element_type=\"column\" data-e-type=\"column\">\n\t\t\t<div class=\"elementor-widget-wrap elementor-element-populated\">\n\t\t\t\t\t\t<section class=\"elementor-section elementor-inner-section elementor-element elementor-element-43a54e42 ignore-toc elementor-section-boxed elementor-section-height-default elementor-section-height-default\" data-id=\"43a54e42\" data-element_type=\"section\" data-e-type=\"section\" data-settings=\"{&quot;background_background&quot;:&quot;classic&quot;}\">\n\t\t\t\t\t\t<div class=\"elementor-container elementor-column-gap-default\">\n\t\t\t\t\t<div class=\"elementor-column elementor-col-100 elementor-inner-column elementor-element elementor-element-603c7a82\" data-id=\"603c7a82\" data-element_type=\"column\" data-e-type=\"column\">\n\t\t\t<div class=\"elementor-widget-wrap elementor-element-populated\">\n\t\t\t\t\t\t<div class=\"elementor-element elementor-element-199837a6 elementor-widget-divider--view-line_text elementor-widget-divider--element-align-right elementor-widget elementor-widget-divider\" data-id=\"199837a6\" data-element_type=\"widget\" data-e-type=\"widget\" data-widget_type=\"divider.default\">\n\t\t\t\t<div class=\"elementor-widget-container\">\n\t\t\t\t\t\t\t<div class=\"elementor-divider\">\n\t\t\t<span class=\"elementor-divider-separator\">\n\t\t\t\t\t\t\t<span class=\"elementor-divider__text elementor-divider__element\">\n\t\t\t\tHolen Sie sich die neuesten Updates\t\t\t\t<\/span>\n\t\t\t\t\t\t<\/span>\n\t\t<\/div>\n\t\t\t\t\t\t<\/div>\n\t\t\t\t<\/div>\n\t\t\t\t<div class=\"elementor-element elementor-element-f96cdfb ignore-toc elementor-widget elementor-widget-heading\" data-id=\"f96cdfb\" data-element_type=\"widget\" data-e-type=\"widget\" data-widget_type=\"heading.default\">\n\t\t\t\t<div class=\"elementor-widget-container\">\n\t\t\t\t\t<h2 class=\"elementor-heading-title elementor-size-default\">Melden Sie sich f\u00fcr unseren Newsletter an<\/h2>\t\t\t\t<\/div>\n\t\t\t\t<\/div>\n\t\t\t\t<div class=\"elementor-element elementor-element-6d13ccfe elementor-widget elementor-widget-text-editor\" data-id=\"6d13ccfe\" data-element_type=\"widget\" data-e-type=\"widget\" data-widget_type=\"text-editor.default\">\n\t\t\t\t<div class=\"elementor-widget-container\">\n\t\t\t\t\t\t\t\t\t<p>Kein Spam &#8211; nur Neuigkeiten von Pensum<\/p>\n\t\t\t\t\t\t\t\t<\/div>\n\t\t\t\t<\/div>\n\t\t\t\t\t<\/div>\n\t\t<\/div>\n\t\t\t\t\t<\/div>\n\t\t<\/section>\n\t\t\t\t<section class=\"elementor-section elementor-inner-section elementor-element elementor-element-43049018 elementor-section-boxed elementor-section-height-default elementor-section-height-default\" data-id=\"43049018\" data-element_type=\"section\" data-e-type=\"section\">\n\t\t\t\t\t\t<div class=\"elementor-container elementor-column-gap-default\">\n\t\t\t\t\t<div class=\"elementor-column elementor-col-100 elementor-inner-column elementor-element elementor-element-15325c44\" data-id=\"15325c44\" data-element_type=\"column\" data-e-type=\"column\">\n\t\t\t<div class=\"elementor-widget-wrap elementor-element-populated\">\n\t\t\t\t\t\t<div class=\"elementor-element elementor-element-3f2b3584 elementor-widget elementor-widget-shortcode\" data-id=\"3f2b3584\" data-element_type=\"widget\" data-e-type=\"widget\" data-widget_type=\"shortcode.default\">\n\t\t\t\t<div class=\"elementor-widget-container\">\n\t\t\t\t\t\t\t<div class=\"elementor-shortcode\"><script>(function() {\n\twindow.mc4wp = window.mc4wp || {\n\t\tlisteners: [],\n\t\tforms: {\n\t\t\ton: function(evt, cb) {\n\t\t\t\twindow.mc4wp.listeners.push(\n\t\t\t\t\t{\n\t\t\t\t\t\tevent   : evt,\n\t\t\t\t\t\tcallback: cb\n\t\t\t\t\t}\n\t\t\t\t);\n\t\t\t}\n\t\t}\n\t}\n})();\n<\/script><!-- Mailchimp for WordPress v4.12.0 - https:\/\/wordpress.org\/plugins\/mailchimp-for-wp\/ --><form id=\"mc4wp-form-1\" class=\"mc4wp-form mc4wp-form-7374\" method=\"post\" data-id=\"7374\" data-name=\"Newsletter\" ><div class=\"mc4wp-form-fields\"><p>\n    <label>Vorname*<\/label>\n    <input type=\"text\" name=\"FNAME\" placeholder=\"Ihr Vorname\" required=\"\">\n<\/p>\n<p>\n    <label>Nachname*<\/label>\n    <input type=\"text\" name=\"LNAME\" placeholder=\"Ihr Nachname\" required=\"\">\n<\/p>\n\n<p>\n\t<label>E-Mail-Addresse: *<\/label>\n\t\t<input type=\"email\" name=\"EMAIL\" placeholder=\"Deine E-Mail\" required=\"\">\n<\/label>\n<\/p>\n\n<p>\n\t<input type=\"submit\" value=\"NEWSLETTER ERHALTEN\">\n<\/p><\/div><label style=\"display: none !important;\">Wenn du ein Mensch bist, lasse das Feld leer: <input type=\"text\" name=\"_mc4wp_honeypot\" value=\"\" tabindex=\"-1\" autocomplete=\"off\" \/><\/label><input type=\"hidden\" name=\"_mc4wp_timestamp\" value=\"1777082984\" \/><input type=\"hidden\" name=\"_mc4wp_form_id\" value=\"7374\" \/><input type=\"hidden\" name=\"_mc4wp_form_element_id\" value=\"mc4wp-form-1\" \/><div class=\"mc4wp-response\"><\/div><\/form><!-- \/ Mailchimp for WordPress Plugin --><\/div>\n\t\t\t\t\t\t<\/div>\n\t\t\t\t<\/div>\n\t\t\t\t\t<\/div>\n\t\t<\/div>\n\t\t\t\t\t<\/div>\n\t\t<\/section>\n\t\t\t\t\t<\/div>\n\t\t<\/div>\n\t\t\t\t\t<\/div>\n\t\t<\/section>\n\t\t\t\t<\/div>\n\t\t","protected":false},"excerpt":{"rendered":"<p>Diskretion\u00e4re Verm\u00f6gensverwaltung Diskretion\u00e4re Verm\u00f6gensverwaltung &#8211; Freiheit unter Verantwortung F\u00fcr Kunden, die nicht in die laufenden Anlageentscheidungen einbezogen werden m\u00f6chten, bieten wir eine diskretion\u00e4re Verm\u00f6gensverwaltung an. Das bedeutet, dass Sie als Kunde uns die Verwaltungsentscheidung anvertrauen. Der Verwalter ist befugt, innerhalb des mit dem Kunden vereinbarten Rahmens laufend Umschichtungen vorzunehmen, die sich z.B. nach Marktrisiko, Liquidit\u00e4t, [&hellip;]<\/p>\n","protected":false},"author":1,"featured_media":0,"parent":0,"menu_order":0,"comment_status":"closed","ping_status":"closed","template":"","meta":{"_acf_changed":false,"footnotes":""},"class_list":["post-7289","page","type-page","status-publish","hentry"],"acf":[],"yoast_head":"<!-- This site is optimized with the Yoast SEO plugin v27.4 - https:\/\/yoast.com\/product\/yoast-seo-wordpress\/ -->\n<title>Diskretion\u00e4re Verm\u00f6gensverwaltung - Pensum Group<\/title>\n<meta name=\"robots\" content=\"index, follow, max-snippet:-1, max-image-preview:large, max-video-preview:-1\" \/>\n<link rel=\"canonical\" href=\"https:\/\/pensumgroup.no\/de\/diskretionaere-vermoegensverwaltung\/\" \/>\n<meta property=\"og:locale\" content=\"de_DE\" \/>\n<meta property=\"og:type\" content=\"article\" \/>\n<meta property=\"og:title\" content=\"Diskretion\u00e4re Verm\u00f6gensverwaltung - Pensum Group\" \/>\n<meta property=\"og:description\" content=\"Diskretion\u00e4re Verm\u00f6gensverwaltung Diskretion\u00e4re Verm\u00f6gensverwaltung &#8211; Freiheit unter Verantwortung F\u00fcr Kunden, die nicht in die laufenden Anlageentscheidungen einbezogen werden m\u00f6chten, bieten wir eine diskretion\u00e4re Verm\u00f6gensverwaltung an. Das bedeutet, dass Sie als Kunde uns die Verwaltungsentscheidung anvertrauen. Der Verwalter ist befugt, innerhalb des mit dem Kunden vereinbarten Rahmens laufend Umschichtungen vorzunehmen, die sich z.B. nach Marktrisiko, Liquidit\u00e4t, [&hellip;]\" \/>\n<meta property=\"og:url\" content=\"https:\/\/pensumgroup.no\/de\/diskretionaere-vermoegensverwaltung\/\" \/>\n<meta property=\"og:site_name\" content=\"Pensum Group\" \/>\n<meta property=\"article:modified_time\" content=\"2023-02-06T21:41:30+00:00\" \/>\n<meta name=\"twitter:card\" content=\"summary_large_image\" \/>\n<meta name=\"twitter:label1\" content=\"Gesch\u00e4tzte Lesezeit\" \/>\n\t<meta name=\"twitter:data1\" content=\"1\u00a0Minute\" \/>\n<script type=\"application\/ld+json\" class=\"yoast-schema-graph\">{\"@context\":\"https:\\\/\\\/schema.org\",\"@graph\":[{\"@type\":\"WebPage\",\"@id\":\"https:\\\/\\\/pensumgroup.no\\\/de\\\/diskretionaere-vermoegensverwaltung\\\/\",\"url\":\"https:\\\/\\\/pensumgroup.no\\\/de\\\/diskretionaere-vermoegensverwaltung\\\/\",\"name\":\"Diskretion\u00e4re Verm\u00f6gensverwaltung - Pensum Group\",\"isPartOf\":{\"@id\":\"https:\\\/\\\/pensumgroup.no\\\/de\\\/#website\"},\"datePublished\":\"2021-03-22T11:56:30+00:00\",\"dateModified\":\"2023-02-06T21:41:30+00:00\",\"breadcrumb\":{\"@id\":\"https:\\\/\\\/pensumgroup.no\\\/de\\\/diskretionaere-vermoegensverwaltung\\\/#breadcrumb\"},\"inLanguage\":\"de\",\"potentialAction\":[{\"@type\":\"ReadAction\",\"target\":[\"https:\\\/\\\/pensumgroup.no\\\/de\\\/diskretionaere-vermoegensverwaltung\\\/\"]}]},{\"@type\":\"BreadcrumbList\",\"@id\":\"https:\\\/\\\/pensumgroup.no\\\/de\\\/diskretionaere-vermoegensverwaltung\\\/#breadcrumb\",\"itemListElement\":[{\"@type\":\"ListItem\",\"position\":1,\"name\":\"Forside\",\"item\":\"https:\\\/\\\/pensumgroup.no\\\/de\\\/\"},{\"@type\":\"ListItem\",\"position\":2,\"name\":\"Diskretion\u00e4re Verm\u00f6gensverwaltung\"}]},{\"@type\":\"WebSite\",\"@id\":\"https:\\\/\\\/pensumgroup.no\\\/de\\\/#website\",\"url\":\"https:\\\/\\\/pensumgroup.no\\\/de\\\/\",\"name\":\"Pensum Group\",\"description\":\"\",\"publisher\":{\"@id\":\"https:\\\/\\\/pensumgroup.no\\\/de\\\/#organization\"},\"potentialAction\":[{\"@type\":\"SearchAction\",\"target\":{\"@type\":\"EntryPoint\",\"urlTemplate\":\"https:\\\/\\\/pensumgroup.no\\\/de\\\/?s={search_term_string}\"},\"query-input\":{\"@type\":\"PropertyValueSpecification\",\"valueRequired\":true,\"valueName\":\"search_term_string\"}}],\"inLanguage\":\"de\"},{\"@type\":\"Organization\",\"@id\":\"https:\\\/\\\/pensumgroup.no\\\/de\\\/#organization\",\"name\":\"Pensum Group\",\"url\":\"https:\\\/\\\/pensumgroup.no\\\/de\\\/\",\"logo\":{\"@type\":\"ImageObject\",\"inLanguage\":\"de\",\"@id\":\"https:\\\/\\\/pensumgroup.no\\\/de\\\/#\\\/schema\\\/logo\\\/image\\\/\",\"url\":\"https:\\\/\\\/pensumgroup.no\\\/wp-content\\\/uploads\\\/2021\\\/06\\\/cropped-Pensum-Logo-2021-Bredde-Lys-bla\u2560e.png\",\"contentUrl\":\"https:\\\/\\\/pensumgroup.no\\\/wp-content\\\/uploads\\\/2021\\\/06\\\/cropped-Pensum-Logo-2021-Bredde-Lys-bla\u2560e.png\",\"width\":462,\"height\":176,\"caption\":\"Pensum Group\"},\"image\":{\"@id\":\"https:\\\/\\\/pensumgroup.no\\\/de\\\/#\\\/schema\\\/logo\\\/image\\\/\"}}]}<\/script>\n<!-- \/ Yoast SEO plugin. -->","yoast_head_json":{"title":"Diskretion\u00e4re Verm\u00f6gensverwaltung - Pensum Group","robots":{"index":"index","follow":"follow","max-snippet":"max-snippet:-1","max-image-preview":"max-image-preview:large","max-video-preview":"max-video-preview:-1"},"canonical":"https:\/\/pensumgroup.no\/de\/diskretionaere-vermoegensverwaltung\/","og_locale":"de_DE","og_type":"article","og_title":"Diskretion\u00e4re Verm\u00f6gensverwaltung - Pensum Group","og_description":"Diskretion\u00e4re Verm\u00f6gensverwaltung Diskretion\u00e4re Verm\u00f6gensverwaltung &#8211; Freiheit unter Verantwortung F\u00fcr Kunden, die nicht in die laufenden Anlageentscheidungen einbezogen werden m\u00f6chten, bieten wir eine diskretion\u00e4re Verm\u00f6gensverwaltung an. Das bedeutet, dass Sie als Kunde uns die Verwaltungsentscheidung anvertrauen. Der Verwalter ist befugt, innerhalb des mit dem Kunden vereinbarten Rahmens laufend Umschichtungen vorzunehmen, die sich z.B. nach Marktrisiko, Liquidit\u00e4t, [&hellip;]","og_url":"https:\/\/pensumgroup.no\/de\/diskretionaere-vermoegensverwaltung\/","og_site_name":"Pensum Group","article_modified_time":"2023-02-06T21:41:30+00:00","twitter_card":"summary_large_image","twitter_misc":{"Gesch\u00e4tzte Lesezeit":"1\u00a0Minute"},"schema":{"@context":"https:\/\/schema.org","@graph":[{"@type":"WebPage","@id":"https:\/\/pensumgroup.no\/de\/diskretionaere-vermoegensverwaltung\/","url":"https:\/\/pensumgroup.no\/de\/diskretionaere-vermoegensverwaltung\/","name":"Diskretion\u00e4re Verm\u00f6gensverwaltung - Pensum Group","isPartOf":{"@id":"https:\/\/pensumgroup.no\/de\/#website"},"datePublished":"2021-03-22T11:56:30+00:00","dateModified":"2023-02-06T21:41:30+00:00","breadcrumb":{"@id":"https:\/\/pensumgroup.no\/de\/diskretionaere-vermoegensverwaltung\/#breadcrumb"},"inLanguage":"de","potentialAction":[{"@type":"ReadAction","target":["https:\/\/pensumgroup.no\/de\/diskretionaere-vermoegensverwaltung\/"]}]},{"@type":"BreadcrumbList","@id":"https:\/\/pensumgroup.no\/de\/diskretionaere-vermoegensverwaltung\/#breadcrumb","itemListElement":[{"@type":"ListItem","position":1,"name":"Forside","item":"https:\/\/pensumgroup.no\/de\/"},{"@type":"ListItem","position":2,"name":"Diskretion\u00e4re Verm\u00f6gensverwaltung"}]},{"@type":"WebSite","@id":"https:\/\/pensumgroup.no\/de\/#website","url":"https:\/\/pensumgroup.no\/de\/","name":"Pensum Group","description":"","publisher":{"@id":"https:\/\/pensumgroup.no\/de\/#organization"},"potentialAction":[{"@type":"SearchAction","target":{"@type":"EntryPoint","urlTemplate":"https:\/\/pensumgroup.no\/de\/?s={search_term_string}"},"query-input":{"@type":"PropertyValueSpecification","valueRequired":true,"valueName":"search_term_string"}}],"inLanguage":"de"},{"@type":"Organization","@id":"https:\/\/pensumgroup.no\/de\/#organization","name":"Pensum Group","url":"https:\/\/pensumgroup.no\/de\/","logo":{"@type":"ImageObject","inLanguage":"de","@id":"https:\/\/pensumgroup.no\/de\/#\/schema\/logo\/image\/","url":"https:\/\/pensumgroup.no\/wp-content\/uploads\/2021\/06\/cropped-Pensum-Logo-2021-Bredde-Lys-bla\u2560e.png","contentUrl":"https:\/\/pensumgroup.no\/wp-content\/uploads\/2021\/06\/cropped-Pensum-Logo-2021-Bredde-Lys-bla\u2560e.png","width":462,"height":176,"caption":"Pensum Group"},"image":{"@id":"https:\/\/pensumgroup.no\/de\/#\/schema\/logo\/image\/"}}]}},"_links":{"self":[{"href":"https:\/\/pensumgroup.no\/de\/wp-json\/wp\/v2\/pages\/7289","targetHints":{"allow":["GET"]}}],"collection":[{"href":"https:\/\/pensumgroup.no\/de\/wp-json\/wp\/v2\/pages"}],"about":[{"href":"https:\/\/pensumgroup.no\/de\/wp-json\/wp\/v2\/types\/page"}],"author":[{"embeddable":true,"href":"https:\/\/pensumgroup.no\/de\/wp-json\/wp\/v2\/users\/1"}],"replies":[{"embeddable":true,"href":"https:\/\/pensumgroup.no\/de\/wp-json\/wp\/v2\/comments?post=7289"}],"version-history":[{"count":1,"href":"https:\/\/pensumgroup.no\/de\/wp-json\/wp\/v2\/pages\/7289\/revisions"}],"predecessor-version":[{"id":7290,"href":"https:\/\/pensumgroup.no\/de\/wp-json\/wp\/v2\/pages\/7289\/revisions\/7290"}],"wp:attachment":[{"href":"https:\/\/pensumgroup.no\/de\/wp-json\/wp\/v2\/media?parent=7289"}],"curies":[{"name":"wp","href":"https:\/\/api.w.org\/{rel}","templated":true}]}}