{"id":7291,"date":"2022-06-22T08:11:15","date_gmt":"2022-06-22T06:11:15","guid":{"rendered":"https:\/\/pensumgroup.no\/pensum-fonds\/"},"modified":"2024-04-15T09:13:46","modified_gmt":"2024-04-15T07:13:46","slug":"pensum-fonds","status":"publish","type":"page","link":"https:\/\/pensumgroup.no\/de\/pensum-fonds\/","title":{"rendered":"Pensum Fonds"},"content":{"rendered":"\t\t<div data-elementor-type=\"wp-page\" data-elementor-id=\"7291\" class=\"elementor elementor-7291 elementor-3589\" data-elementor-post-type=\"page\">\n\t\t\t\t\t\t<section class=\"elementor-section elementor-top-section elementor-element elementor-element-4fad6448 elementor-section-height-min-height elementor-section-content-middle elementor-section-boxed elementor-section-height-default elementor-section-items-middle\" data-id=\"4fad6448\" data-element_type=\"section\" data-e-type=\"section\" data-settings=\"{&quot;background_background&quot;:&quot;classic&quot;}\">\n\t\t\t\t\t\t\t<div class=\"elementor-background-overlay\"><\/div>\n\t\t\t\t\t\t\t<div class=\"elementor-container elementor-column-gap-default\">\n\t\t\t\t\t<div class=\"elementor-column elementor-col-50 elementor-top-column elementor-element elementor-element-4777aac5\" data-id=\"4777aac5\" data-element_type=\"column\" data-e-type=\"column\">\n\t\t\t<div class=\"elementor-widget-wrap elementor-element-populated\">\n\t\t\t\t\t\t<div class=\"elementor-element elementor-element-48d31b88 elementor-widget elementor-widget-heading\" data-id=\"48d31b88\" data-element_type=\"widget\" data-e-type=\"widget\" data-widget_type=\"heading.default\">\n\t\t\t\t<div class=\"elementor-widget-container\">\n\t\t\t\t\t<h2 class=\"elementor-heading-title elementor-size-default\">Pensum Fonds<\/h2>\t\t\t\t<\/div>\n\t\t\t\t<\/div>\n\t\t\t\t\t<\/div>\n\t\t<\/div>\n\t\t\t\t<div class=\"elementor-column elementor-col-50 elementor-top-column elementor-element elementor-element-6d0b090d\" data-id=\"6d0b090d\" data-element_type=\"column\" data-e-type=\"column\">\n\t\t\t<div class=\"elementor-widget-wrap elementor-element-populated\">\n\t\t\t\t\t\t<div class=\"elementor-element elementor-element-5e915cf1 elementor-align-right elementor-widget elementor-widget-breadcrumbs\" data-id=\"5e915cf1\" data-element_type=\"widget\" data-e-type=\"widget\" data-widget_type=\"breadcrumbs.default\">\n\t\t\t\t<div class=\"elementor-widget-container\">\n\t\t\t\t\t<p id=\"breadcrumbs\"><span><span><a href=\"https:\/\/pensumgroup.no\/de\/\">Forside<\/a><\/span><\/span><\/p>\t\t\t\t<\/div>\n\t\t\t\t<\/div>\n\t\t\t\t\t<\/div>\n\t\t<\/div>\n\t\t\t\t\t<\/div>\n\t\t<\/section>\n\t\t\t\t<section class=\"elementor-section elementor-top-section elementor-element elementor-element-6b6d5ac0 elementor-section-boxed elementor-section-height-default elementor-section-height-default\" data-id=\"6b6d5ac0\" data-element_type=\"section\" data-e-type=\"section\">\n\t\t\t\t\t\t<div class=\"elementor-container elementor-column-gap-default\">\n\t\t\t\t\t<div class=\"elementor-column elementor-col-100 elementor-top-column elementor-element elementor-element-9b4704c\" data-id=\"9b4704c\" data-element_type=\"column\" data-e-type=\"column\">\n\t\t\t<div class=\"elementor-widget-wrap elementor-element-populated\">\n\t\t\t\t\t\t<div class=\"elementor-element elementor-element-4b0bb420 elementor-widget elementor-widget-heading\" data-id=\"4b0bb420\" data-element_type=\"widget\" data-e-type=\"widget\" data-widget_type=\"heading.default\">\n\t\t\t\t<div class=\"elementor-widget-container\">\n\t\t\t\t\t<h2 class=\"elementor-heading-title elementor-size-default\"><br>Pensum Fonds<\/h2>\t\t\t\t<\/div>\n\t\t\t\t<\/div>\n\t\t\t\t\t<\/div>\n\t\t<\/div>\n\t\t\t\t\t<\/div>\n\t\t<\/section>\n\t\t\t\t<section class=\"elementor-section elementor-top-section elementor-element elementor-element-388ec2fe elementor-section-boxed elementor-section-height-default elementor-section-height-default\" data-id=\"388ec2fe\" data-element_type=\"section\" data-e-type=\"section\">\n\t\t\t\t\t\t<div class=\"elementor-container elementor-column-gap-default\">\n\t\t\t\t\t<div class=\"elementor-column elementor-col-100 elementor-top-column elementor-element elementor-element-39d4afb0\" data-id=\"39d4afb0\" data-element_type=\"column\" data-e-type=\"column\">\n\t\t\t<div class=\"elementor-widget-wrap elementor-element-populated\">\n\t\t\t\t\t\t<div class=\"elementor-element elementor-element-2fcfea2 elementor-widget elementor-widget-text-editor\" data-id=\"2fcfea2\" data-element_type=\"widget\" data-e-type=\"widget\" data-widget_type=\"text-editor.default\">\n\t\t\t\t<div class=\"elementor-widget-container\">\n\t\t\t\t\t\t\t\t\t<div>\u00a0<\/div><h5><strong>Pensum Global Opportunities<\/strong><\/h5><ul><li>Der Pensum Global Opportunities ist ein aktienbasierter Hedge-Fonds, der \u00fcber Investitionen in handelbare Wertpapiere ein Engagement auf dem globalen Markt eingeht.<\/li><li>Dies wird durch Anlagen in Aktien, aktienbezogenen Wertpapieren, aktienbezogenen Derivaten und in Geldmarktinstrumenten erreicht.<\/li><li>Die Anlagen k\u00f6nnen aus Short- und Long-Positionen bestehen und korrelieren daher voraussichtlich nicht mit der Entwicklung des Aktienmarktes.<\/li><li>Die Anlagen des Fonds verteilen sich auf verschiedene Anlageklassen und geografische M\u00e4rkte sowie auf Finanzinstrumente, um ein gut diversifiziertes Portfolio und Risikoprofil zu erhalten.<\/li><li>Es wird erwartet, dass eine Anlage in den Fonds mit einem mittleren bis hohen Risiko vereinbar ist, und der Anleger sollte einen Anlagehorizont von mindestens f\u00fcnf Jahren haben.<\/li><\/ul><div><span style=\"color: var( --e-global-color-primary ); font-family: var( --e-global-typography-text-font-family ), Sans-serif; font-weight: var( --e-global-typography-text-font-weight ); font-size: 1rem;\"><br \/>Weitere Informationen zu Pensum Norge, einschlie\u00dflich der wichtigsten Informationen (KIID), der Satzung und der Informationsbrosch\u00fcre, finden Sie unter dem Link zu unserer Verwaltungsgesellschaft:\u00a0<\/span><u style=\"font-family: var( --e-global-typography-text-font-family ), Sans-serif; font-weight: var( --e-global-typography-text-font-weight ); font-size: 1rem; background-color: #ffffff;\"><a href=\"https:\/\/fcgfonder.se\/funds\/pensum-global-opportunities\/\">FCG Fonder AB<\/a><\/u><span style=\"color: var( --e-global-color-primary ); font-family: var( --e-global-typography-text-font-family ), Sans-serif; font-weight: var( --e-global-typography-text-font-weight ); font-size: 1rem;\">.<\/span><span style=\"color: var( --e-global-color-primary ); font-family: var( --e-global-typography-text-font-family ), Sans-serif; font-weight: var( --e-global-typography-text-font-weight ); font-size: 1rem;\">\u00a0<\/span><\/div><div>\u00a0<\/div><div><h5><strong>Pensum Global Energy<\/strong><\/h5><ul><li>Der Pensum Global Energy ist ein aktiv verwalteter Aktienfonds mit einem globalen Anlagemandat.<\/li><li>Die Anlagen des Fonds zielen auf b\u00f6rsennotierte Unternehmen im globalen Energiesektor ab, z.B. traditionelle Energiequellen wie Erd\u00f6l und Erdgas sowie alle Formen erneuerbarer Energiequellen wie Wasser, Wind und Sonne.<\/li><li>Die Mittel des Fonds k\u00f6nnen in Wertpapieren, Fondsanteilen (einschlie\u00dflich b\u00f6rsennotierter Fonds), derivativen Instrumenten, Geldmarktinstrumenten und in Konten bei Kreditinstituten angelegt werden. Der Fonds kann auch notwendige liquide Mittel auf Kosten des Fonds aufnehmen.<\/li><li>Der Fonds hat keine geografischen Anlagebeschr\u00e4nkungen, kann aber in seiner Gesamtheit als globaler Fonds betrachtet werden. Da der Fonds ein globales Mandat hat, kann er in Verm\u00f6genswerte investieren, die in verschiedenen W\u00e4hrungen engagiert sind, was bedeutet, dass das W\u00e4hrungsrisiko ein nat\u00fcrlicher Bestandteil des Gesamtrisikos des Fonds ist. Der Fonds hat jedoch die M\u00f6glichkeit, derivative Instrumente ganz oder teilweise einzusetzen, um das W\u00e4hrungsrisiko zu begrenzen.<\/li><li>Es wird erwartet, dass eine Anlage in den Fonds mit einem hohen Risiko verbunden ist, und der Anleger sollte einen Anlagehorizont von mindestens f\u00fcnf Jahren haben.<\/li><\/ul><p style=\"line-height: normal; margin: 0pt 0in; text-indent: 0in; direction: ltr; unicode-bidi: embed; word-break: normal;\"><span style=\"color: var( --e-global-color-primary ); font-family: var( --e-global-typography-text-font-family ), Sans-serif; font-weight: var( --e-global-typography-text-font-weight ); font-size: 1rem;\"><br \/>Weitere Informationen zu Pensum Norge, einschlie\u00dflich der wichtigsten Informationen (KIID), der Satzung und der Informationsbrosch\u00fcre, finden Sie unter dem Link zu unserer Verwaltungsgesellschaft:\u00a0<\/span><u style=\"font-family: var( --e-global-typography-text-font-family ), Sans-serif; font-weight: var( --e-global-typography-text-font-weight ); font-size: 1rem; background-color: #ffffff;\"><a href=\"https:\/\/fcgfonder.se\/funds\/pensum-global-energy\/\">FCG Fonder AB<\/a><\/u><span style=\"color: var( --e-global-color-primary ); font-family: var( --e-global-typography-text-font-family ), Sans-serif; font-weight: var( --e-global-typography-text-font-weight ); font-size: 1rem;\">.<\/span><\/p><p style=\"line-height: normal; margin: 0pt 0in; text-indent: 0in; direction: ltr; unicode-bidi: embed; word-break: normal;\"><span style=\"color: var( --e-global-color-primary ); font-family: var( --e-global-typography-text-font-family ), Sans-serif; font-weight: var( --e-global-typography-text-font-weight ); font-size: 1rem;\">\u00a0<\/span><\/p><\/div><div>\u00a0<\/div><div><h5><strong>Pensum Norge<\/strong><\/h5><ul><li>Pensum Norge ist ein aktiv verwalteter Aktienfonds, der haupts\u00e4chlich in Aktien investiert, die an der Osloer B\u00f6rse notiert sind.<\/li><li>Ziel des Fonds ist es, auf lange Sicht eine Rendite zu erzielen, die \u00fcber der Rendite des Referenzindex des Fonds liegt.<\/li><li>Das Fondsverm\u00f6gen kann in \u00fcbertragbare Wertpapiere, Geldmarktinstrumente, Fondsanteile und auf einem Konto bei einem Kreditinstitut. Der Fonds kann auch die f\u00fcr die Verwaltung des Fonds erforderlichen liquiden Mittel umfassen.<\/li><li>Der Fonds muss jederzeit zu mindestens 90 % in aktienbezogenen Finanzinstrumenten angelegt sein, die zum Handel an der Osloer B\u00f6rse zugelassen sind.<\/li><li>Es wird erwartet, dass eine Anlage in den Fonds mit einem mittleren bis hohen Risiko verbunden ist, und der Anleger sollte einen Anlagehorizont von mindestens f\u00fcnf Jahren haben.<\/li><\/ul><p>Weitere Informationen zu Pensum Norge, einschlie\u00dflich der wichtigsten Informationen (KIID), der Satzung und der Informationsbrosch\u00fcre, finden Sie unter dem Link zu unserer Verwaltungsgesellschaft:\u00a0<u><a href=\"https:\/\/fcgfonder.se\/funds\/pensum-norge\/\">FCG Fonder AB<\/a><\/u>.<\/p><\/div>\t\t\t\t\t\t\t\t<\/div>\n\t\t\t\t<\/div>\n\t\t\t\t\t<\/div>\n\t\t<\/div>\n\t\t\t\t\t<\/div>\n\t\t<\/section>\n\t\t\t\t<\/div>\n\t\t","protected":false},"excerpt":{"rendered":"<p>Pensum Fonds Pensum Fonds \u00a0 Pensum Global Opportunities Der Pensum Global Opportunities ist ein aktienbasierter Hedge-Fonds, der \u00fcber Investitionen in handelbare Wertpapiere ein Engagement auf dem globalen Markt eingeht. Dies wird durch Anlagen in Aktien, aktienbezogenen Wertpapieren, aktienbezogenen Derivaten und in Geldmarktinstrumenten erreicht. Die Anlagen k\u00f6nnen aus Short- und Long-Positionen bestehen und korrelieren daher voraussichtlich [&hellip;]<\/p>\n","protected":false},"author":2,"featured_media":0,"parent":0,"menu_order":0,"comment_status":"closed","ping_status":"closed","template":"","meta":{"_acf_changed":false,"footnotes":""},"class_list":["post-7291","page","type-page","status-publish","hentry"],"acf":[],"yoast_head":"<!-- This site is optimized with the Yoast SEO plugin v27.5 - https:\/\/yoast.com\/product\/yoast-seo-wordpress\/ -->\n<title>Pensum Fonds - Pensum Group<\/title>\n<meta name=\"robots\" content=\"index, follow, max-snippet:-1, max-image-preview:large, max-video-preview:-1\" \/>\n<link rel=\"canonical\" href=\"https:\/\/pensumgroup.no\/de\/pensum-fonds\/\" \/>\n<meta property=\"og:locale\" content=\"de_DE\" \/>\n<meta property=\"og:type\" content=\"article\" \/>\n<meta property=\"og:title\" content=\"Pensum Fonds - Pensum Group\" \/>\n<meta property=\"og:description\" content=\"Pensum Fonds Pensum Fonds \u00a0 Pensum Global Opportunities Der Pensum Global Opportunities ist ein aktienbasierter Hedge-Fonds, der \u00fcber Investitionen in handelbare Wertpapiere ein Engagement auf dem globalen Markt eingeht. Dies wird durch Anlagen in Aktien, aktienbezogenen Wertpapieren, aktienbezogenen Derivaten und in Geldmarktinstrumenten erreicht. Die Anlagen k\u00f6nnen aus Short- und Long-Positionen bestehen und korrelieren daher voraussichtlich [&hellip;]\" \/>\n<meta property=\"og:url\" content=\"https:\/\/pensumgroup.no\/de\/pensum-fonds\/\" \/>\n<meta property=\"og:site_name\" content=\"Pensum Group\" \/>\n<meta property=\"article:modified_time\" content=\"2024-04-15T07:13:46+00:00\" \/>\n<meta name=\"twitter:card\" content=\"summary_large_image\" \/>\n<meta name=\"twitter:label1\" content=\"Gesch\u00e4tzte Lesezeit\" \/>\n\t<meta name=\"twitter:data1\" content=\"3\u00a0Minuten\" \/>\n<script type=\"application\/ld+json\" class=\"yoast-schema-graph\">{\"@context\":\"https:\\\/\\\/schema.org\",\"@graph\":[{\"@type\":\"WebPage\",\"@id\":\"https:\\\/\\\/pensumgroup.no\\\/de\\\/pensum-fonds\\\/\",\"url\":\"https:\\\/\\\/pensumgroup.no\\\/de\\\/pensum-fonds\\\/\",\"name\":\"Pensum Fonds - Pensum Group\",\"isPartOf\":{\"@id\":\"https:\\\/\\\/pensumgroup.no\\\/de\\\/#website\"},\"datePublished\":\"2022-06-22T06:11:15+00:00\",\"dateModified\":\"2024-04-15T07:13:46+00:00\",\"breadcrumb\":{\"@id\":\"https:\\\/\\\/pensumgroup.no\\\/de\\\/pensum-fonds\\\/#breadcrumb\"},\"inLanguage\":\"de\",\"potentialAction\":[{\"@type\":\"ReadAction\",\"target\":[\"https:\\\/\\\/pensumgroup.no\\\/de\\\/pensum-fonds\\\/\"]}]},{\"@type\":\"BreadcrumbList\",\"@id\":\"https:\\\/\\\/pensumgroup.no\\\/de\\\/pensum-fonds\\\/#breadcrumb\",\"itemListElement\":[{\"@type\":\"ListItem\",\"position\":1,\"name\":\"Forside\",\"item\":\"https:\\\/\\\/pensumgroup.no\\\/de\\\/\"},{\"@type\":\"ListItem\",\"position\":2,\"name\":\"Pensum Fonds\"}]},{\"@type\":\"WebSite\",\"@id\":\"https:\\\/\\\/pensumgroup.no\\\/de\\\/#website\",\"url\":\"https:\\\/\\\/pensumgroup.no\\\/de\\\/\",\"name\":\"Pensum Group\",\"description\":\"\",\"publisher\":{\"@id\":\"https:\\\/\\\/pensumgroup.no\\\/de\\\/#organization\"},\"potentialAction\":[{\"@type\":\"SearchAction\",\"target\":{\"@type\":\"EntryPoint\",\"urlTemplate\":\"https:\\\/\\\/pensumgroup.no\\\/de\\\/?s={search_term_string}\"},\"query-input\":{\"@type\":\"PropertyValueSpecification\",\"valueRequired\":true,\"valueName\":\"search_term_string\"}}],\"inLanguage\":\"de\"},{\"@type\":\"Organization\",\"@id\":\"https:\\\/\\\/pensumgroup.no\\\/de\\\/#organization\",\"name\":\"Pensum Group\",\"url\":\"https:\\\/\\\/pensumgroup.no\\\/de\\\/\",\"logo\":{\"@type\":\"ImageObject\",\"inLanguage\":\"de\",\"@id\":\"https:\\\/\\\/pensumgroup.no\\\/de\\\/#\\\/schema\\\/logo\\\/image\\\/\",\"url\":\"https:\\\/\\\/pensumgroup.no\\\/wp-content\\\/uploads\\\/2021\\\/06\\\/cropped-Pensum-Logo-2021-Bredde-Lys-bla\u2560e.png\",\"contentUrl\":\"https:\\\/\\\/pensumgroup.no\\\/wp-content\\\/uploads\\\/2021\\\/06\\\/cropped-Pensum-Logo-2021-Bredde-Lys-bla\u2560e.png\",\"width\":462,\"height\":176,\"caption\":\"Pensum Group\"},\"image\":{\"@id\":\"https:\\\/\\\/pensumgroup.no\\\/de\\\/#\\\/schema\\\/logo\\\/image\\\/\"}}]}<\/script>\n<!-- \/ Yoast SEO plugin. -->","yoast_head_json":{"title":"Pensum Fonds - Pensum Group","robots":{"index":"index","follow":"follow","max-snippet":"max-snippet:-1","max-image-preview":"max-image-preview:large","max-video-preview":"max-video-preview:-1"},"canonical":"https:\/\/pensumgroup.no\/de\/pensum-fonds\/","og_locale":"de_DE","og_type":"article","og_title":"Pensum Fonds - Pensum Group","og_description":"Pensum Fonds Pensum Fonds \u00a0 Pensum Global Opportunities Der Pensum Global Opportunities ist ein aktienbasierter Hedge-Fonds, der \u00fcber Investitionen in handelbare Wertpapiere ein Engagement auf dem globalen Markt eingeht. Dies wird durch Anlagen in Aktien, aktienbezogenen Wertpapieren, aktienbezogenen Derivaten und in Geldmarktinstrumenten erreicht. Die Anlagen k\u00f6nnen aus Short- und Long-Positionen bestehen und korrelieren daher voraussichtlich [&hellip;]","og_url":"https:\/\/pensumgroup.no\/de\/pensum-fonds\/","og_site_name":"Pensum Group","article_modified_time":"2024-04-15T07:13:46+00:00","twitter_card":"summary_large_image","twitter_misc":{"Gesch\u00e4tzte Lesezeit":"3\u00a0Minuten"},"schema":{"@context":"https:\/\/schema.org","@graph":[{"@type":"WebPage","@id":"https:\/\/pensumgroup.no\/de\/pensum-fonds\/","url":"https:\/\/pensumgroup.no\/de\/pensum-fonds\/","name":"Pensum Fonds - Pensum Group","isPartOf":{"@id":"https:\/\/pensumgroup.no\/de\/#website"},"datePublished":"2022-06-22T06:11:15+00:00","dateModified":"2024-04-15T07:13:46+00:00","breadcrumb":{"@id":"https:\/\/pensumgroup.no\/de\/pensum-fonds\/#breadcrumb"},"inLanguage":"de","potentialAction":[{"@type":"ReadAction","target":["https:\/\/pensumgroup.no\/de\/pensum-fonds\/"]}]},{"@type":"BreadcrumbList","@id":"https:\/\/pensumgroup.no\/de\/pensum-fonds\/#breadcrumb","itemListElement":[{"@type":"ListItem","position":1,"name":"Forside","item":"https:\/\/pensumgroup.no\/de\/"},{"@type":"ListItem","position":2,"name":"Pensum Fonds"}]},{"@type":"WebSite","@id":"https:\/\/pensumgroup.no\/de\/#website","url":"https:\/\/pensumgroup.no\/de\/","name":"Pensum Group","description":"","publisher":{"@id":"https:\/\/pensumgroup.no\/de\/#organization"},"potentialAction":[{"@type":"SearchAction","target":{"@type":"EntryPoint","urlTemplate":"https:\/\/pensumgroup.no\/de\/?s={search_term_string}"},"query-input":{"@type":"PropertyValueSpecification","valueRequired":true,"valueName":"search_term_string"}}],"inLanguage":"de"},{"@type":"Organization","@id":"https:\/\/pensumgroup.no\/de\/#organization","name":"Pensum Group","url":"https:\/\/pensumgroup.no\/de\/","logo":{"@type":"ImageObject","inLanguage":"de","@id":"https:\/\/pensumgroup.no\/de\/#\/schema\/logo\/image\/","url":"https:\/\/pensumgroup.no\/wp-content\/uploads\/2021\/06\/cropped-Pensum-Logo-2021-Bredde-Lys-bla\u2560e.png","contentUrl":"https:\/\/pensumgroup.no\/wp-content\/uploads\/2021\/06\/cropped-Pensum-Logo-2021-Bredde-Lys-bla\u2560e.png","width":462,"height":176,"caption":"Pensum Group"},"image":{"@id":"https:\/\/pensumgroup.no\/de\/#\/schema\/logo\/image\/"}}]}},"_links":{"self":[{"href":"https:\/\/pensumgroup.no\/de\/wp-json\/wp\/v2\/pages\/7291","targetHints":{"allow":["GET"]}}],"collection":[{"href":"https:\/\/pensumgroup.no\/de\/wp-json\/wp\/v2\/pages"}],"about":[{"href":"https:\/\/pensumgroup.no\/de\/wp-json\/wp\/v2\/types\/page"}],"author":[{"embeddable":true,"href":"https:\/\/pensumgroup.no\/de\/wp-json\/wp\/v2\/users\/2"}],"replies":[{"embeddable":true,"href":"https:\/\/pensumgroup.no\/de\/wp-json\/wp\/v2\/comments?post=7291"}],"version-history":[{"count":46,"href":"https:\/\/pensumgroup.no\/de\/wp-json\/wp\/v2\/pages\/7291\/revisions"}],"predecessor-version":[{"id":12075,"href":"https:\/\/pensumgroup.no\/de\/wp-json\/wp\/v2\/pages\/7291\/revisions\/12075"}],"wp:attachment":[{"href":"https:\/\/pensumgroup.no\/de\/wp-json\/wp\/v2\/media?parent=7291"}],"curies":[{"name":"wp","href":"https:\/\/api.w.org\/{rel}","templated":true}]}}