{"id":7304,"date":"2021-03-22T13:03:58","date_gmt":"2021-03-22T12:03:58","guid":{"rendered":"https:\/\/pensumgroup.no\/schadensversicherungen\/"},"modified":"2023-02-07T01:08:01","modified_gmt":"2023-02-07T00:08:01","slug":"schadensversicherungen","status":"publish","type":"page","link":"https:\/\/pensumgroup.no\/de\/schadensversicherungen\/","title":{"rendered":"Schadensversicherungen"},"content":{"rendered":"\t\t<div data-elementor-type=\"wp-page\" data-elementor-id=\"7304\" class=\"elementor elementor-7304 elementor-165\" data-elementor-post-type=\"page\">\n\t\t\t\t\t\t<section class=\"elementor-section elementor-top-section elementor-element elementor-element-724f531 elementor-section-height-min-height elementor-section-content-middle elementor-section-boxed elementor-section-height-default elementor-section-items-middle\" data-id=\"724f531\" data-element_type=\"section\" data-e-type=\"section\" data-settings=\"{&quot;background_background&quot;:&quot;classic&quot;}\">\n\t\t\t\t\t\t\t<div class=\"elementor-background-overlay\"><\/div>\n\t\t\t\t\t\t\t<div class=\"elementor-container elementor-column-gap-default\">\n\t\t\t\t\t<div class=\"elementor-column elementor-col-50 elementor-top-column elementor-element elementor-element-a09c881\" data-id=\"a09c881\" data-element_type=\"column\" data-e-type=\"column\">\n\t\t\t<div class=\"elementor-widget-wrap elementor-element-populated\">\n\t\t\t\t\t\t<div class=\"elementor-element elementor-element-2d9463a elementor-widget elementor-widget-heading\" data-id=\"2d9463a\" data-element_type=\"widget\" data-e-type=\"widget\" data-widget_type=\"heading.default\">\n\t\t\t\t<div class=\"elementor-widget-container\">\n\t\t\t\t\t<h2 class=\"elementor-heading-title elementor-size-default\">Schadensversicherungen<\/h2>\t\t\t\t<\/div>\n\t\t\t\t<\/div>\n\t\t\t\t\t<\/div>\n\t\t<\/div>\n\t\t\t\t<div class=\"elementor-column elementor-col-50 elementor-top-column elementor-element elementor-element-31a5c2b\" data-id=\"31a5c2b\" data-element_type=\"column\" data-e-type=\"column\">\n\t\t\t<div class=\"elementor-widget-wrap elementor-element-populated\">\n\t\t\t\t\t\t<div class=\"elementor-element elementor-element-e42bb63 elementor-align-right elementor-widget elementor-widget-breadcrumbs\" data-id=\"e42bb63\" data-element_type=\"widget\" data-e-type=\"widget\" data-widget_type=\"breadcrumbs.default\">\n\t\t\t\t<div class=\"elementor-widget-container\">\n\t\t\t\t\t<p id=\"breadcrumbs\"><span><span><a href=\"https:\/\/pensumgroup.no\/de\/\">Forside<\/a><\/span><\/span><\/p>\t\t\t\t<\/div>\n\t\t\t\t<\/div>\n\t\t\t\t\t<\/div>\n\t\t<\/div>\n\t\t\t\t\t<\/div>\n\t\t<\/section>\n\t\t\t\t<section class=\"elementor-section elementor-top-section elementor-element elementor-element-2387a29 elementor-section-content-top elementor-section-boxed elementor-section-height-default elementor-section-height-default\" data-id=\"2387a29\" data-element_type=\"section\" data-e-type=\"section\">\n\t\t\t\t\t\t<div class=\"elementor-container elementor-column-gap-no\">\n\t\t\t\t\t<div class=\"elementor-column elementor-col-100 elementor-top-column elementor-element elementor-element-a7975cf\" data-id=\"a7975cf\" data-element_type=\"column\" data-e-type=\"column\">\n\t\t\t<div class=\"elementor-widget-wrap elementor-element-populated\">\n\t\t\t\t\t\t<div class=\"elementor-element elementor-element-3fad197 elementor-widget elementor-widget-heading\" data-id=\"3fad197\" data-element_type=\"widget\" data-e-type=\"widget\" data-widget_type=\"heading.default\">\n\t\t\t\t<div class=\"elementor-widget-container\">\n\t\t\t\t\t<h2 class=\"elementor-heading-title elementor-size-default\">Pensum gibt Ihnen Sicherheit\n<\/h2>\t\t\t\t<\/div>\n\t\t\t\t<\/div>\n\t\t\t\t<div class=\"elementor-element elementor-element-6e6225e elementor-widget elementor-widget-text-editor\" data-id=\"6e6225e\" data-element_type=\"widget\" data-e-type=\"widget\" data-widget_type=\"text-editor.default\">\n\t\t\t\t<div class=\"elementor-widget-container\">\n\t\t\t\t\t\t\t\t\t<p class=\"MsoNormal\" style=\"line-height: 21.6pt; background-image: initial; background-position: initial; background-size: initial; background-repeat: initial; background-attachment: initial; background-origin: initial; background-clip: initial;\"><span style=\"font-size:11.5pt;font-family:\"Arial\",sans-serif; mso-fareast-font-family:\"Times New Roman\";color:black;mso-color-alt:windowtext; mso-fareast-language:NO-BOK\">Pensum vermittelt alle Arten von Nichtlebensversicherungen\nan den norwegischen Unternehmensmarkt Wir analysieren und identifizieren die Risiken und Verantwortlichkeiten.\nIhres Unternehmens. Mit Risiko meinen wir das physische Risiko, wie &nbsp;Feuer, Wasser\noder Einbruchdiebstahl. Unter Verantwortung verstehen wir das rechtliche Risiko, bei dem wir helfen, Anspr\u00fcche zu definieren,\ndie gegen Ihr Unternehmen gerichtet werden k\u00f6nnen.<\/span><span style=\"font-size: 11.5pt;font-family:\"Arial\",sans-serif;mso-fareast-font-family:\"Times New Roman\"; mso-fareast-language:NO-BOK\"><o:p><\/o:p><\/span><\/p><p class=\"MsoNormal\" style=\"line-height: 21.6pt; background-image: initial; background-position: initial; background-size: initial; background-repeat: initial; background-attachment: initial; background-origin: initial; background-clip: initial;\"><span style=\"font-size:11.5pt;font-family:\"Arial\",sans-serif; mso-fareast-font-family:\"Times New Roman\";color:black;mso-color-alt:windowtext; mso-fareast-language:NO-BOK\">Wir helfen Ihnen beim Risikomanagement f\u00fcr Objekte und\nZwecke sowie Haftungsfragen, die in Ihrem Unternehmen auftreten\nk\u00f6nnen. In unserem t\u00e4glichen Umfeld und bei unseren T\u00e4tigkeiten sind wir alle st\u00e4ndig Risiken ausgesetzt,\nsowohl physischen als auch rechtlichen. Die Versicherung ist eine M\u00f6glichkeit des Risikomanagements, aber\nbei weitem nicht die einzige L\u00f6sung. Pensum macht Sie auf die Risiken aufmerksam, die Sie tragen,\nund zeigt Ihnen, wie Sie mit ihnen umgehen k\u00f6nnen. Wir identifizieren und verhindern sie durch\nAusschreibungsrunden mit den Versicherungsgesellschaften und helfen Ihnen beim Schadenmanagement,\nwenn der Schaden eintritt.<\/span><span style=\"font-size:11.5pt;font-family:\"Arial\",sans-serif; mso-fareast-font-family:\"Times New Roman\";mso-fareast-language:NO-BOK\"><o:p><\/o:p><\/span><\/p><p>\n\n\n\n<\/p><p class=\"MsoNormal\" style=\"line-height: 21.6pt; background-image: initial; background-position: initial; background-size: initial; background-repeat: initial; background-attachment: initial; background-origin: initial; background-clip: initial;\"><span style=\"font-size:11.5pt;font-family:\"Arial\",sans-serif; mso-fareast-font-family:\"Times New Roman\";color:black;mso-color-alt:windowtext; mso-fareast-language:NO-BOK\">Im Men\u00fc finden Sie Informationen \u00fcber die verschiedenen\nArten von Versicherungen, bei denen wir Ihnen helfen k\u00f6nnen.<\/span><span style=\"font-size:11.5pt; font-family:\"Arial\",sans-serif;mso-fareast-font-family:\"Times New Roman\"; mso-fareast-language:NO-BOK\"><o:p><\/o:p><\/span><\/p>\t\t\t\t\t\t\t\t<\/div>\n\t\t\t\t<\/div>\n\t\t\t\t\t<\/div>\n\t\t<\/div>\n\t\t\t\t\t<\/div>\n\t\t<\/section>\n\t\t\t\t<section class=\"elementor-section elementor-top-section elementor-element elementor-element-40332035 elementor-section-boxed elementor-section-height-default elementor-section-height-default\" data-id=\"40332035\" data-element_type=\"section\" data-e-type=\"section\">\n\t\t\t\t\t\t<div class=\"elementor-container elementor-column-gap-default\">\n\t\t\t\t\t<div class=\"elementor-column elementor-col-100 elementor-top-column elementor-element elementor-element-687d74c5\" data-id=\"687d74c5\" data-element_type=\"column\" data-e-type=\"column\">\n\t\t\t<div class=\"elementor-widget-wrap elementor-element-populated\">\n\t\t\t\t\t\t<section class=\"elementor-section elementor-inner-section elementor-element elementor-element-36f1143c ignore-toc elementor-section-boxed elementor-section-height-default elementor-section-height-default\" data-id=\"36f1143c\" data-element_type=\"section\" data-e-type=\"section\" data-settings=\"{&quot;background_background&quot;:&quot;classic&quot;}\">\n\t\t\t\t\t\t<div class=\"elementor-container elementor-column-gap-default\">\n\t\t\t\t\t<div class=\"elementor-column elementor-col-100 elementor-inner-column elementor-element elementor-element-4ce07c56\" data-id=\"4ce07c56\" data-element_type=\"column\" data-e-type=\"column\">\n\t\t\t<div class=\"elementor-widget-wrap elementor-element-populated\">\n\t\t\t\t\t\t<div class=\"elementor-element elementor-element-22a7efc3 elementor-widget-divider--view-line_text elementor-widget-divider--element-align-right elementor-widget elementor-widget-divider\" data-id=\"22a7efc3\" data-element_type=\"widget\" data-e-type=\"widget\" data-widget_type=\"divider.default\">\n\t\t\t\t<div class=\"elementor-widget-container\">\n\t\t\t\t\t\t\t<div class=\"elementor-divider\">\n\t\t\t<span class=\"elementor-divider-separator\">\n\t\t\t\t\t\t\t<span class=\"elementor-divider__text elementor-divider__element\">\n\t\t\t\tHolen Sie sich die neuesten Updates\t\t\t\t<\/span>\n\t\t\t\t\t\t<\/span>\n\t\t<\/div>\n\t\t\t\t\t\t<\/div>\n\t\t\t\t<\/div>\n\t\t\t\t<div class=\"elementor-element elementor-element-5ef37964 ignore-toc elementor-widget elementor-widget-heading\" data-id=\"5ef37964\" data-element_type=\"widget\" data-e-type=\"widget\" data-widget_type=\"heading.default\">\n\t\t\t\t<div class=\"elementor-widget-container\">\n\t\t\t\t\t<h2 class=\"elementor-heading-title elementor-size-default\">Melden Sie sich f\u00fcr unseren Newsletter an<\/h2>\t\t\t\t<\/div>\n\t\t\t\t<\/div>\n\t\t\t\t<div class=\"elementor-element elementor-element-73af5863 elementor-widget elementor-widget-text-editor\" data-id=\"73af5863\" data-element_type=\"widget\" data-e-type=\"widget\" data-widget_type=\"text-editor.default\">\n\t\t\t\t<div class=\"elementor-widget-container\">\n\t\t\t\t\t\t\t\t\t<p>Kein Spam &#8211; nur Neuigkeiten von Pensum<\/p>\n\t\t\t\t\t\t\t\t<\/div>\n\t\t\t\t<\/div>\n\t\t\t\t\t<\/div>\n\t\t<\/div>\n\t\t\t\t\t<\/div>\n\t\t<\/section>\n\t\t\t\t<section class=\"elementor-section elementor-inner-section elementor-element elementor-element-780f70e6 elementor-section-boxed elementor-section-height-default elementor-section-height-default\" data-id=\"780f70e6\" data-element_type=\"section\" data-e-type=\"section\">\n\t\t\t\t\t\t<div class=\"elementor-container elementor-column-gap-default\">\n\t\t\t\t\t<div class=\"elementor-column elementor-col-100 elementor-inner-column elementor-element elementor-element-45b1054a\" data-id=\"45b1054a\" data-element_type=\"column\" data-e-type=\"column\">\n\t\t\t<div class=\"elementor-widget-wrap elementor-element-populated\">\n\t\t\t\t\t\t<div class=\"elementor-element elementor-element-6cadb40a elementor-widget elementor-widget-shortcode\" data-id=\"6cadb40a\" data-element_type=\"widget\" data-e-type=\"widget\" data-widget_type=\"shortcode.default\">\n\t\t\t\t<div class=\"elementor-widget-container\">\n\t\t\t\t\t\t\t<div class=\"elementor-shortcode\"><script>(function() {\n\twindow.mc4wp = window.mc4wp || {\n\t\tlisteners: [],\n\t\tforms: {\n\t\t\ton: function(evt, cb) {\n\t\t\t\twindow.mc4wp.listeners.push(\n\t\t\t\t\t{\n\t\t\t\t\t\tevent   : evt,\n\t\t\t\t\t\tcallback: cb\n\t\t\t\t\t}\n\t\t\t\t);\n\t\t\t}\n\t\t}\n\t}\n})();\n<\/script><!-- Mailchimp for WordPress v4.12.2 - https:\/\/wordpress.org\/plugins\/mailchimp-for-wp\/ --><form id=\"mc4wp-form-1\" class=\"mc4wp-form mc4wp-form-7374\" method=\"post\" data-id=\"7374\" data-name=\"Newsletter\" ><div class=\"mc4wp-form-fields\"><p>\n    <label>Vorname*<\/label>\n    <input type=\"text\" name=\"FNAME\" placeholder=\"Ihr Vorname\" required=\"\">\n<\/p>\n<p>\n    <label>Nachname*<\/label>\n    <input type=\"text\" name=\"LNAME\" placeholder=\"Ihr Nachname\" required=\"\">\n<\/p>\n\n<p>\n\t<label>E-Mail-Addresse: *<\/label>\n\t\t<input type=\"email\" name=\"EMAIL\" placeholder=\"Deine E-Mail\" required=\"\">\n<\/label>\n<\/p>\n\n<p>\n\t<input type=\"submit\" value=\"NEWSLETTER ERHALTEN\">\n<\/p><\/div><label style=\"display: none !important;\">Wenn du ein Mensch bist, lasse das Feld leer: <input type=\"text\" name=\"_mc4wp_honeypot\" value=\"\" tabindex=\"-1\" autocomplete=\"off\" \/><\/label><input type=\"hidden\" name=\"_mc4wp_timestamp\" value=\"1777471807\" \/><input type=\"hidden\" name=\"_mc4wp_form_id\" value=\"7374\" \/><input type=\"hidden\" name=\"_mc4wp_form_element_id\" value=\"mc4wp-form-1\" \/><div class=\"mc4wp-response\"><\/div><\/form><!-- \/ Mailchimp for WordPress Plugin --><\/div>\n\t\t\t\t\t\t<\/div>\n\t\t\t\t<\/div>\n\t\t\t\t\t<\/div>\n\t\t<\/div>\n\t\t\t\t\t<\/div>\n\t\t<\/section>\n\t\t\t\t\t<\/div>\n\t\t<\/div>\n\t\t\t\t\t<\/div>\n\t\t<\/section>\n\t\t\t\t<\/div>\n\t\t","protected":false},"excerpt":{"rendered":"<p>Schadensversicherungen Pensum gibt Ihnen Sicherheit Pensum vermittelt alle Arten von Nichtlebensversicherungen an den norwegischen Unternehmensmarkt Wir analysieren und identifizieren die Risiken und Verantwortlichkeiten. Ihres Unternehmens. Mit Risiko meinen wir das physische Risiko, wie &nbsp;Feuer, Wasser oder Einbruchdiebstahl. Unter Verantwortung verstehen wir das rechtliche Risiko, bei dem wir helfen, Anspr\u00fcche zu definieren, die gegen Ihr Unternehmen [&hellip;]<\/p>\n","protected":false},"author":1,"featured_media":0,"parent":0,"menu_order":0,"comment_status":"closed","ping_status":"closed","template":"","meta":{"_acf_changed":false,"footnotes":""},"class_list":["post-7304","page","type-page","status-publish","hentry"],"acf":[],"yoast_head":"<!-- This site is optimized with the Yoast SEO plugin v27.5 - https:\/\/yoast.com\/product\/yoast-seo-wordpress\/ -->\n<title>Schadensversicherungen - Pensum Group<\/title>\n<meta name=\"robots\" content=\"index, follow, max-snippet:-1, max-image-preview:large, max-video-preview:-1\" \/>\n<link rel=\"canonical\" href=\"https:\/\/pensumgroup.no\/de\/schadensversicherungen\/\" \/>\n<meta property=\"og:locale\" content=\"de_DE\" \/>\n<meta property=\"og:type\" content=\"article\" \/>\n<meta property=\"og:title\" content=\"Schadensversicherungen - Pensum Group\" \/>\n<meta property=\"og:description\" content=\"Schadensversicherungen Pensum gibt Ihnen Sicherheit Pensum vermittelt alle Arten von Nichtlebensversicherungen an den norwegischen Unternehmensmarkt Wir analysieren und identifizieren die Risiken und Verantwortlichkeiten. Ihres Unternehmens. Mit Risiko meinen wir das physische Risiko, wie &nbsp;Feuer, Wasser oder Einbruchdiebstahl. Unter Verantwortung verstehen wir das rechtliche Risiko, bei dem wir helfen, Anspr\u00fcche zu definieren, die gegen Ihr Unternehmen [&hellip;]\" \/>\n<meta property=\"og:url\" content=\"https:\/\/pensumgroup.no\/de\/schadensversicherungen\/\" \/>\n<meta property=\"og:site_name\" content=\"Pensum Group\" \/>\n<meta property=\"article:modified_time\" content=\"2023-02-07T00:08:01+00:00\" \/>\n<meta name=\"twitter:card\" content=\"summary_large_image\" \/>\n<meta name=\"twitter:label1\" content=\"Gesch\u00e4tzte Lesezeit\" \/>\n\t<meta name=\"twitter:data1\" content=\"1\u00a0Minute\" \/>\n<script type=\"application\/ld+json\" class=\"yoast-schema-graph\">{\"@context\":\"https:\\\/\\\/schema.org\",\"@graph\":[{\"@type\":\"WebPage\",\"@id\":\"https:\\\/\\\/pensumgroup.no\\\/de\\\/schadensversicherungen\\\/\",\"url\":\"https:\\\/\\\/pensumgroup.no\\\/de\\\/schadensversicherungen\\\/\",\"name\":\"Schadensversicherungen - Pensum Group\",\"isPartOf\":{\"@id\":\"https:\\\/\\\/pensumgroup.no\\\/de\\\/#website\"},\"datePublished\":\"2021-03-22T12:03:58+00:00\",\"dateModified\":\"2023-02-07T00:08:01+00:00\",\"breadcrumb\":{\"@id\":\"https:\\\/\\\/pensumgroup.no\\\/de\\\/schadensversicherungen\\\/#breadcrumb\"},\"inLanguage\":\"de\",\"potentialAction\":[{\"@type\":\"ReadAction\",\"target\":[\"https:\\\/\\\/pensumgroup.no\\\/de\\\/schadensversicherungen\\\/\"]}]},{\"@type\":\"BreadcrumbList\",\"@id\":\"https:\\\/\\\/pensumgroup.no\\\/de\\\/schadensversicherungen\\\/#breadcrumb\",\"itemListElement\":[{\"@type\":\"ListItem\",\"position\":1,\"name\":\"Forside\",\"item\":\"https:\\\/\\\/pensumgroup.no\\\/de\\\/\"},{\"@type\":\"ListItem\",\"position\":2,\"name\":\"Schadensversicherungen\"}]},{\"@type\":\"WebSite\",\"@id\":\"https:\\\/\\\/pensumgroup.no\\\/de\\\/#website\",\"url\":\"https:\\\/\\\/pensumgroup.no\\\/de\\\/\",\"name\":\"Pensum Group\",\"description\":\"\",\"publisher\":{\"@id\":\"https:\\\/\\\/pensumgroup.no\\\/de\\\/#organization\"},\"potentialAction\":[{\"@type\":\"SearchAction\",\"target\":{\"@type\":\"EntryPoint\",\"urlTemplate\":\"https:\\\/\\\/pensumgroup.no\\\/de\\\/?s={search_term_string}\"},\"query-input\":{\"@type\":\"PropertyValueSpecification\",\"valueRequired\":true,\"valueName\":\"search_term_string\"}}],\"inLanguage\":\"de\"},{\"@type\":\"Organization\",\"@id\":\"https:\\\/\\\/pensumgroup.no\\\/de\\\/#organization\",\"name\":\"Pensum Group\",\"url\":\"https:\\\/\\\/pensumgroup.no\\\/de\\\/\",\"logo\":{\"@type\":\"ImageObject\",\"inLanguage\":\"de\",\"@id\":\"https:\\\/\\\/pensumgroup.no\\\/de\\\/#\\\/schema\\\/logo\\\/image\\\/\",\"url\":\"https:\\\/\\\/pensumgroup.no\\\/wp-content\\\/uploads\\\/2021\\\/06\\\/cropped-Pensum-Logo-2021-Bredde-Lys-bla\u2560e.png\",\"contentUrl\":\"https:\\\/\\\/pensumgroup.no\\\/wp-content\\\/uploads\\\/2021\\\/06\\\/cropped-Pensum-Logo-2021-Bredde-Lys-bla\u2560e.png\",\"width\":462,\"height\":176,\"caption\":\"Pensum Group\"},\"image\":{\"@id\":\"https:\\\/\\\/pensumgroup.no\\\/de\\\/#\\\/schema\\\/logo\\\/image\\\/\"}}]}<\/script>\n<!-- \/ Yoast SEO plugin. -->","yoast_head_json":{"title":"Schadensversicherungen - Pensum Group","robots":{"index":"index","follow":"follow","max-snippet":"max-snippet:-1","max-image-preview":"max-image-preview:large","max-video-preview":"max-video-preview:-1"},"canonical":"https:\/\/pensumgroup.no\/de\/schadensversicherungen\/","og_locale":"de_DE","og_type":"article","og_title":"Schadensversicherungen - Pensum Group","og_description":"Schadensversicherungen Pensum gibt Ihnen Sicherheit Pensum vermittelt alle Arten von Nichtlebensversicherungen an den norwegischen Unternehmensmarkt Wir analysieren und identifizieren die Risiken und Verantwortlichkeiten. Ihres Unternehmens. Mit Risiko meinen wir das physische Risiko, wie &nbsp;Feuer, Wasser oder Einbruchdiebstahl. Unter Verantwortung verstehen wir das rechtliche Risiko, bei dem wir helfen, Anspr\u00fcche zu definieren, die gegen Ihr Unternehmen [&hellip;]","og_url":"https:\/\/pensumgroup.no\/de\/schadensversicherungen\/","og_site_name":"Pensum Group","article_modified_time":"2023-02-07T00:08:01+00:00","twitter_card":"summary_large_image","twitter_misc":{"Gesch\u00e4tzte Lesezeit":"1\u00a0Minute"},"schema":{"@context":"https:\/\/schema.org","@graph":[{"@type":"WebPage","@id":"https:\/\/pensumgroup.no\/de\/schadensversicherungen\/","url":"https:\/\/pensumgroup.no\/de\/schadensversicherungen\/","name":"Schadensversicherungen - Pensum Group","isPartOf":{"@id":"https:\/\/pensumgroup.no\/de\/#website"},"datePublished":"2021-03-22T12:03:58+00:00","dateModified":"2023-02-07T00:08:01+00:00","breadcrumb":{"@id":"https:\/\/pensumgroup.no\/de\/schadensversicherungen\/#breadcrumb"},"inLanguage":"de","potentialAction":[{"@type":"ReadAction","target":["https:\/\/pensumgroup.no\/de\/schadensversicherungen\/"]}]},{"@type":"BreadcrumbList","@id":"https:\/\/pensumgroup.no\/de\/schadensversicherungen\/#breadcrumb","itemListElement":[{"@type":"ListItem","position":1,"name":"Forside","item":"https:\/\/pensumgroup.no\/de\/"},{"@type":"ListItem","position":2,"name":"Schadensversicherungen"}]},{"@type":"WebSite","@id":"https:\/\/pensumgroup.no\/de\/#website","url":"https:\/\/pensumgroup.no\/de\/","name":"Pensum Group","description":"","publisher":{"@id":"https:\/\/pensumgroup.no\/de\/#organization"},"potentialAction":[{"@type":"SearchAction","target":{"@type":"EntryPoint","urlTemplate":"https:\/\/pensumgroup.no\/de\/?s={search_term_string}"},"query-input":{"@type":"PropertyValueSpecification","valueRequired":true,"valueName":"search_term_string"}}],"inLanguage":"de"},{"@type":"Organization","@id":"https:\/\/pensumgroup.no\/de\/#organization","name":"Pensum Group","url":"https:\/\/pensumgroup.no\/de\/","logo":{"@type":"ImageObject","inLanguage":"de","@id":"https:\/\/pensumgroup.no\/de\/#\/schema\/logo\/image\/","url":"https:\/\/pensumgroup.no\/wp-content\/uploads\/2021\/06\/cropped-Pensum-Logo-2021-Bredde-Lys-bla\u2560e.png","contentUrl":"https:\/\/pensumgroup.no\/wp-content\/uploads\/2021\/06\/cropped-Pensum-Logo-2021-Bredde-Lys-bla\u2560e.png","width":462,"height":176,"caption":"Pensum Group"},"image":{"@id":"https:\/\/pensumgroup.no\/de\/#\/schema\/logo\/image\/"}}]}},"_links":{"self":[{"href":"https:\/\/pensumgroup.no\/de\/wp-json\/wp\/v2\/pages\/7304","targetHints":{"allow":["GET"]}}],"collection":[{"href":"https:\/\/pensumgroup.no\/de\/wp-json\/wp\/v2\/pages"}],"about":[{"href":"https:\/\/pensumgroup.no\/de\/wp-json\/wp\/v2\/types\/page"}],"author":[{"embeddable":true,"href":"https:\/\/pensumgroup.no\/de\/wp-json\/wp\/v2\/users\/1"}],"replies":[{"embeddable":true,"href":"https:\/\/pensumgroup.no\/de\/wp-json\/wp\/v2\/comments?post=7304"}],"version-history":[{"count":5,"href":"https:\/\/pensumgroup.no\/de\/wp-json\/wp\/v2\/pages\/7304\/revisions"}],"predecessor-version":[{"id":7315,"href":"https:\/\/pensumgroup.no\/de\/wp-json\/wp\/v2\/pages\/7304\/revisions\/7315"}],"wp:attachment":[{"href":"https:\/\/pensumgroup.no\/de\/wp-json\/wp\/v2\/media?parent=7304"}],"curies":[{"name":"wp","href":"https:\/\/api.w.org\/{rel}","templated":true}]}}