{"id":7324,"date":"2021-03-22T13:06:05","date_gmt":"2021-03-22T12:06:05","guid":{"rendered":"https:\/\/pensumgroup.no\/versicherung-fuer-fitnessstudios\/"},"modified":"2023-02-07T01:26:30","modified_gmt":"2023-02-07T00:26:30","slug":"versicherung-fuer-fitnessstudios","status":"publish","type":"page","link":"https:\/\/pensumgroup.no\/de\/versicherung-fuer-fitnessstudios\/","title":{"rendered":"Versicherung f\u00fcr Fitnessstudios"},"content":{"rendered":"\t\t<div data-elementor-type=\"wp-page\" data-elementor-id=\"7324\" class=\"elementor elementor-7324 elementor-187\" data-elementor-post-type=\"page\">\n\t\t\t\t\t\t<section class=\"elementor-section elementor-top-section elementor-element elementor-element-250b1e5 elementor-section-height-min-height elementor-section-content-middle elementor-section-boxed elementor-section-height-default elementor-section-items-middle\" data-id=\"250b1e5\" data-element_type=\"section\" data-e-type=\"section\" data-settings=\"{&quot;background_background&quot;:&quot;classic&quot;}\">\n\t\t\t\t\t\t\t<div class=\"elementor-background-overlay\"><\/div>\n\t\t\t\t\t\t\t<div class=\"elementor-container elementor-column-gap-default\">\n\t\t\t\t\t<div class=\"elementor-column elementor-col-50 elementor-top-column elementor-element elementor-element-366ca35\" data-id=\"366ca35\" data-element_type=\"column\" data-e-type=\"column\">\n\t\t\t<div class=\"elementor-widget-wrap elementor-element-populated\">\n\t\t\t\t\t\t<div class=\"elementor-element elementor-element-b108514 elementor-widget elementor-widget-heading\" data-id=\"b108514\" data-element_type=\"widget\" data-e-type=\"widget\" data-widget_type=\"heading.default\">\n\t\t\t\t<div class=\"elementor-widget-container\">\n\t\t\t\t\t<h2 class=\"elementor-heading-title elementor-size-default\">Versicherung f\u00fcr Fitnessstudios<\/h2>\t\t\t\t<\/div>\n\t\t\t\t<\/div>\n\t\t\t\t\t<\/div>\n\t\t<\/div>\n\t\t\t\t<div class=\"elementor-column elementor-col-50 elementor-top-column elementor-element elementor-element-85e1f3f\" data-id=\"85e1f3f\" data-element_type=\"column\" data-e-type=\"column\">\n\t\t\t<div class=\"elementor-widget-wrap elementor-element-populated\">\n\t\t\t\t\t\t<div class=\"elementor-element elementor-element-6e3ac34 elementor-align-right elementor-widget elementor-widget-breadcrumbs\" data-id=\"6e3ac34\" data-element_type=\"widget\" data-e-type=\"widget\" data-widget_type=\"breadcrumbs.default\">\n\t\t\t\t<div class=\"elementor-widget-container\">\n\t\t\t\t\t<p id=\"breadcrumbs\"><span><span><a href=\"https:\/\/pensumgroup.no\/de\/\">Forside<\/a><\/span><\/span><\/p>\t\t\t\t<\/div>\n\t\t\t\t<\/div>\n\t\t\t\t\t<\/div>\n\t\t<\/div>\n\t\t\t\t\t<\/div>\n\t\t<\/section>\n\t\t\t\t<section class=\"elementor-section elementor-top-section elementor-element elementor-element-5ea97ad elementor-section-content-top elementor-section-boxed elementor-section-height-default elementor-section-height-default\" data-id=\"5ea97ad\" data-element_type=\"section\" data-e-type=\"section\">\n\t\t\t\t\t\t<div class=\"elementor-container elementor-column-gap-no\">\n\t\t\t\t\t<div class=\"elementor-column elementor-col-100 elementor-top-column elementor-element elementor-element-0253a80\" data-id=\"0253a80\" data-element_type=\"column\" data-e-type=\"column\">\n\t\t\t<div class=\"elementor-widget-wrap elementor-element-populated\">\n\t\t\t\t\t\t<div class=\"elementor-element elementor-element-ad7a53e elementor-widget elementor-widget-heading\" data-id=\"ad7a53e\" data-element_type=\"widget\" data-e-type=\"widget\" data-widget_type=\"heading.default\">\n\t\t\t\t<div class=\"elementor-widget-container\">\n\t\t\t\t\t<h2 class=\"elementor-heading-title elementor-size-default\">Pensum Sport<\/h2>\t\t\t\t<\/div>\n\t\t\t\t<\/div>\n\t\t\t\t<div class=\"elementor-element elementor-element-c90af8c elementor-widget elementor-widget-text-editor\" data-id=\"c90af8c\" data-element_type=\"widget\" data-e-type=\"widget\" data-widget_type=\"text-editor.default\">\n\t\t\t\t<div class=\"elementor-widget-container\">\n\t\t\t\t\t\t\t\t\t<p>Gemeinsam mit der Fitness-Center-Branche hat Pensum eine eigene Versicherungsl\u00f6sung speziell f\u00fcr die Fitness-Center-Branche vorbereitet. Dies ist eine Branche, die dem Wettbewerb ausgesetzt ist, und ein gr\u00f6\u00dferer Schaden am Zentrum kann schwerwiegende Folgen f\u00fcr den weiteren Betrieb des Zentrums haben. Eine gute und angepasste Versicherungsl\u00f6sung hilft, den Weiterbetrieb zu sichern.<\/p>\n\t\t\t\t\t\t\t\t<\/div>\n\t\t\t\t<\/div>\n\t\t\t\t\t<\/div>\n\t\t<\/div>\n\t\t\t\t\t<\/div>\n\t\t<\/section>\n\t\t\t\t<section class=\"elementor-section elementor-top-section elementor-element elementor-element-4f049431 elementor-section-boxed elementor-section-height-default elementor-section-height-default\" data-id=\"4f049431\" data-element_type=\"section\" data-e-type=\"section\">\n\t\t\t\t\t\t<div class=\"elementor-container elementor-column-gap-default\">\n\t\t\t\t\t<div class=\"elementor-column elementor-col-100 elementor-top-column elementor-element elementor-element-39979ddc\" data-id=\"39979ddc\" data-element_type=\"column\" data-e-type=\"column\">\n\t\t\t<div class=\"elementor-widget-wrap elementor-element-populated\">\n\t\t\t\t\t\t<section class=\"elementor-section elementor-inner-section elementor-element elementor-element-eef02ff ignore-toc elementor-section-boxed elementor-section-height-default elementor-section-height-default\" data-id=\"eef02ff\" data-element_type=\"section\" data-e-type=\"section\" data-settings=\"{&quot;background_background&quot;:&quot;classic&quot;}\">\n\t\t\t\t\t\t<div class=\"elementor-container elementor-column-gap-default\">\n\t\t\t\t\t<div class=\"elementor-column elementor-col-100 elementor-inner-column elementor-element elementor-element-2f89a622\" data-id=\"2f89a622\" data-element_type=\"column\" data-e-type=\"column\">\n\t\t\t<div class=\"elementor-widget-wrap elementor-element-populated\">\n\t\t\t\t\t\t<div class=\"elementor-element elementor-element-121e65ee elementor-widget-divider--view-line_text elementor-widget-divider--element-align-right elementor-widget elementor-widget-divider\" data-id=\"121e65ee\" data-element_type=\"widget\" data-e-type=\"widget\" data-widget_type=\"divider.default\">\n\t\t\t\t<div class=\"elementor-widget-container\">\n\t\t\t\t\t\t\t<div class=\"elementor-divider\">\n\t\t\t<span class=\"elementor-divider-separator\">\n\t\t\t\t\t\t\t<span class=\"elementor-divider__text elementor-divider__element\">\n\t\t\t\tHolen Sie sich die neuesten Updates\t\t\t\t<\/span>\n\t\t\t\t\t\t<\/span>\n\t\t<\/div>\n\t\t\t\t\t\t<\/div>\n\t\t\t\t<\/div>\n\t\t\t\t<div class=\"elementor-element elementor-element-16f26876 ignore-toc elementor-widget elementor-widget-heading\" data-id=\"16f26876\" data-element_type=\"widget\" data-e-type=\"widget\" data-widget_type=\"heading.default\">\n\t\t\t\t<div class=\"elementor-widget-container\">\n\t\t\t\t\t<h2 class=\"elementor-heading-title elementor-size-default\">Melden Sie sich f\u00fcr unseren Newsletter an<\/h2>\t\t\t\t<\/div>\n\t\t\t\t<\/div>\n\t\t\t\t<div class=\"elementor-element elementor-element-9e81dd3 elementor-widget elementor-widget-text-editor\" data-id=\"9e81dd3\" data-element_type=\"widget\" data-e-type=\"widget\" data-widget_type=\"text-editor.default\">\n\t\t\t\t<div class=\"elementor-widget-container\">\n\t\t\t\t\t\t\t\t\t<p>Kein Spam &#8211; nur Neuigkeiten von Pensum<\/p>\n\t\t\t\t\t\t\t\t<\/div>\n\t\t\t\t<\/div>\n\t\t\t\t\t<\/div>\n\t\t<\/div>\n\t\t\t\t\t<\/div>\n\t\t<\/section>\n\t\t\t\t<section class=\"elementor-section elementor-inner-section elementor-element elementor-element-11477e75 elementor-section-boxed elementor-section-height-default elementor-section-height-default\" data-id=\"11477e75\" data-element_type=\"section\" data-e-type=\"section\">\n\t\t\t\t\t\t<div class=\"elementor-container elementor-column-gap-default\">\n\t\t\t\t\t<div class=\"elementor-column elementor-col-100 elementor-inner-column elementor-element elementor-element-12f08991\" data-id=\"12f08991\" data-element_type=\"column\" data-e-type=\"column\">\n\t\t\t<div class=\"elementor-widget-wrap elementor-element-populated\">\n\t\t\t\t\t\t<div class=\"elementor-element elementor-element-186fb7d9 elementor-widget elementor-widget-shortcode\" data-id=\"186fb7d9\" data-element_type=\"widget\" data-e-type=\"widget\" data-widget_type=\"shortcode.default\">\n\t\t\t\t<div class=\"elementor-widget-container\">\n\t\t\t\t\t\t\t<div class=\"elementor-shortcode\"><script>(function() {\n\twindow.mc4wp = window.mc4wp || {\n\t\tlisteners: [],\n\t\tforms: {\n\t\t\ton: function(evt, cb) {\n\t\t\t\twindow.mc4wp.listeners.push(\n\t\t\t\t\t{\n\t\t\t\t\t\tevent   : evt,\n\t\t\t\t\t\tcallback: cb\n\t\t\t\t\t}\n\t\t\t\t);\n\t\t\t}\n\t\t}\n\t}\n})();\n<\/script><!-- Mailchimp for WordPress v4.12.2 - https:\/\/wordpress.org\/plugins\/mailchimp-for-wp\/ --><form id=\"mc4wp-form-1\" class=\"mc4wp-form mc4wp-form-7374\" method=\"post\" data-id=\"7374\" data-name=\"Newsletter\" ><div class=\"mc4wp-form-fields\"><p>\n    <label>Vorname*<\/label>\n    <input type=\"text\" name=\"FNAME\" placeholder=\"Ihr Vorname\" required=\"\">\n<\/p>\n<p>\n    <label>Nachname*<\/label>\n    <input type=\"text\" name=\"LNAME\" placeholder=\"Ihr Nachname\" required=\"\">\n<\/p>\n\n<p>\n\t<label>E-Mail-Addresse: *<\/label>\n\t\t<input type=\"email\" name=\"EMAIL\" placeholder=\"Deine E-Mail\" required=\"\">\n<\/label>\n<\/p>\n\n<p>\n\t<input type=\"submit\" value=\"NEWSLETTER ERHALTEN\">\n<\/p><\/div><label style=\"display: none !important;\">Wenn du ein Mensch bist, lasse das Feld leer: <input type=\"text\" name=\"_mc4wp_honeypot\" value=\"\" tabindex=\"-1\" autocomplete=\"off\" \/><\/label><input type=\"hidden\" name=\"_mc4wp_timestamp\" value=\"1777471759\" \/><input type=\"hidden\" name=\"_mc4wp_form_id\" value=\"7374\" \/><input type=\"hidden\" name=\"_mc4wp_form_element_id\" value=\"mc4wp-form-1\" \/><div class=\"mc4wp-response\"><\/div><\/form><!-- \/ Mailchimp for WordPress Plugin --><\/div>\n\t\t\t\t\t\t<\/div>\n\t\t\t\t<\/div>\n\t\t\t\t\t<\/div>\n\t\t<\/div>\n\t\t\t\t\t<\/div>\n\t\t<\/section>\n\t\t\t\t\t<\/div>\n\t\t<\/div>\n\t\t\t\t\t<\/div>\n\t\t<\/section>\n\t\t\t\t<\/div>\n\t\t","protected":false},"excerpt":{"rendered":"<p>Versicherung f\u00fcr Fitnessstudios Pensum Sport Gemeinsam mit der Fitness-Center-Branche hat Pensum eine eigene Versicherungsl\u00f6sung speziell f\u00fcr die Fitness-Center-Branche vorbereitet. Dies ist eine Branche, die dem Wettbewerb ausgesetzt ist, und ein gr\u00f6\u00dferer Schaden am Zentrum kann schwerwiegende Folgen f\u00fcr den weiteren Betrieb des Zentrums haben. Eine gute und angepasste Versicherungsl\u00f6sung hilft, den Weiterbetrieb zu sichern. Holen [&hellip;]<\/p>\n","protected":false},"author":1,"featured_media":0,"parent":0,"menu_order":0,"comment_status":"closed","ping_status":"closed","template":"","meta":{"_acf_changed":false,"footnotes":""},"class_list":["post-7324","page","type-page","status-publish","hentry"],"acf":[],"yoast_head":"<!-- This site is optimized with the Yoast SEO plugin v27.5 - https:\/\/yoast.com\/product\/yoast-seo-wordpress\/ -->\n<title>Versicherung f\u00fcr Fitnessstudios - Pensum Group<\/title>\n<meta name=\"robots\" content=\"index, follow, max-snippet:-1, max-image-preview:large, max-video-preview:-1\" \/>\n<link rel=\"canonical\" href=\"https:\/\/pensumgroup.no\/de\/versicherung-fuer-fitnessstudios\/\" \/>\n<meta property=\"og:locale\" content=\"de_DE\" \/>\n<meta property=\"og:type\" content=\"article\" \/>\n<meta property=\"og:title\" content=\"Versicherung f\u00fcr Fitnessstudios - Pensum Group\" \/>\n<meta property=\"og:description\" content=\"Versicherung f\u00fcr Fitnessstudios Pensum Sport Gemeinsam mit der Fitness-Center-Branche hat Pensum eine eigene Versicherungsl\u00f6sung speziell f\u00fcr die Fitness-Center-Branche vorbereitet. Dies ist eine Branche, die dem Wettbewerb ausgesetzt ist, und ein gr\u00f6\u00dferer Schaden am Zentrum kann schwerwiegende Folgen f\u00fcr den weiteren Betrieb des Zentrums haben. Eine gute und angepasste Versicherungsl\u00f6sung hilft, den Weiterbetrieb zu sichern. Holen [&hellip;]\" \/>\n<meta property=\"og:url\" content=\"https:\/\/pensumgroup.no\/de\/versicherung-fuer-fitnessstudios\/\" \/>\n<meta property=\"og:site_name\" content=\"Pensum Group\" \/>\n<meta property=\"article:modified_time\" content=\"2023-02-07T00:26:30+00:00\" \/>\n<meta name=\"twitter:card\" content=\"summary_large_image\" \/>\n<script type=\"application\/ld+json\" class=\"yoast-schema-graph\">{\"@context\":\"https:\\\/\\\/schema.org\",\"@graph\":[{\"@type\":\"WebPage\",\"@id\":\"https:\\\/\\\/pensumgroup.no\\\/de\\\/versicherung-fuer-fitnessstudios\\\/\",\"url\":\"https:\\\/\\\/pensumgroup.no\\\/de\\\/versicherung-fuer-fitnessstudios\\\/\",\"name\":\"Versicherung f\u00fcr Fitnessstudios - Pensum Group\",\"isPartOf\":{\"@id\":\"https:\\\/\\\/pensumgroup.no\\\/de\\\/#website\"},\"datePublished\":\"2021-03-22T12:06:05+00:00\",\"dateModified\":\"2023-02-07T00:26:30+00:00\",\"breadcrumb\":{\"@id\":\"https:\\\/\\\/pensumgroup.no\\\/de\\\/versicherung-fuer-fitnessstudios\\\/#breadcrumb\"},\"inLanguage\":\"de\",\"potentialAction\":[{\"@type\":\"ReadAction\",\"target\":[\"https:\\\/\\\/pensumgroup.no\\\/de\\\/versicherung-fuer-fitnessstudios\\\/\"]}]},{\"@type\":\"BreadcrumbList\",\"@id\":\"https:\\\/\\\/pensumgroup.no\\\/de\\\/versicherung-fuer-fitnessstudios\\\/#breadcrumb\",\"itemListElement\":[{\"@type\":\"ListItem\",\"position\":1,\"name\":\"Forside\",\"item\":\"https:\\\/\\\/pensumgroup.no\\\/de\\\/\"},{\"@type\":\"ListItem\",\"position\":2,\"name\":\"Versicherung f\u00fcr Fitnessstudios\"}]},{\"@type\":\"WebSite\",\"@id\":\"https:\\\/\\\/pensumgroup.no\\\/de\\\/#website\",\"url\":\"https:\\\/\\\/pensumgroup.no\\\/de\\\/\",\"name\":\"Pensum Group\",\"description\":\"\",\"publisher\":{\"@id\":\"https:\\\/\\\/pensumgroup.no\\\/de\\\/#organization\"},\"potentialAction\":[{\"@type\":\"SearchAction\",\"target\":{\"@type\":\"EntryPoint\",\"urlTemplate\":\"https:\\\/\\\/pensumgroup.no\\\/de\\\/?s={search_term_string}\"},\"query-input\":{\"@type\":\"PropertyValueSpecification\",\"valueRequired\":true,\"valueName\":\"search_term_string\"}}],\"inLanguage\":\"de\"},{\"@type\":\"Organization\",\"@id\":\"https:\\\/\\\/pensumgroup.no\\\/de\\\/#organization\",\"name\":\"Pensum Group\",\"url\":\"https:\\\/\\\/pensumgroup.no\\\/de\\\/\",\"logo\":{\"@type\":\"ImageObject\",\"inLanguage\":\"de\",\"@id\":\"https:\\\/\\\/pensumgroup.no\\\/de\\\/#\\\/schema\\\/logo\\\/image\\\/\",\"url\":\"https:\\\/\\\/pensumgroup.no\\\/wp-content\\\/uploads\\\/2021\\\/06\\\/cropped-Pensum-Logo-2021-Bredde-Lys-bla\u2560e.png\",\"contentUrl\":\"https:\\\/\\\/pensumgroup.no\\\/wp-content\\\/uploads\\\/2021\\\/06\\\/cropped-Pensum-Logo-2021-Bredde-Lys-bla\u2560e.png\",\"width\":462,\"height\":176,\"caption\":\"Pensum Group\"},\"image\":{\"@id\":\"https:\\\/\\\/pensumgroup.no\\\/de\\\/#\\\/schema\\\/logo\\\/image\\\/\"}}]}<\/script>\n<!-- \/ Yoast SEO plugin. -->","yoast_head_json":{"title":"Versicherung f\u00fcr Fitnessstudios - Pensum Group","robots":{"index":"index","follow":"follow","max-snippet":"max-snippet:-1","max-image-preview":"max-image-preview:large","max-video-preview":"max-video-preview:-1"},"canonical":"https:\/\/pensumgroup.no\/de\/versicherung-fuer-fitnessstudios\/","og_locale":"de_DE","og_type":"article","og_title":"Versicherung f\u00fcr Fitnessstudios - Pensum Group","og_description":"Versicherung f\u00fcr Fitnessstudios Pensum Sport Gemeinsam mit der Fitness-Center-Branche hat Pensum eine eigene Versicherungsl\u00f6sung speziell f\u00fcr die Fitness-Center-Branche vorbereitet. Dies ist eine Branche, die dem Wettbewerb ausgesetzt ist, und ein gr\u00f6\u00dferer Schaden am Zentrum kann schwerwiegende Folgen f\u00fcr den weiteren Betrieb des Zentrums haben. Eine gute und angepasste Versicherungsl\u00f6sung hilft, den Weiterbetrieb zu sichern. Holen [&hellip;]","og_url":"https:\/\/pensumgroup.no\/de\/versicherung-fuer-fitnessstudios\/","og_site_name":"Pensum Group","article_modified_time":"2023-02-07T00:26:30+00:00","twitter_card":"summary_large_image","schema":{"@context":"https:\/\/schema.org","@graph":[{"@type":"WebPage","@id":"https:\/\/pensumgroup.no\/de\/versicherung-fuer-fitnessstudios\/","url":"https:\/\/pensumgroup.no\/de\/versicherung-fuer-fitnessstudios\/","name":"Versicherung f\u00fcr Fitnessstudios - Pensum Group","isPartOf":{"@id":"https:\/\/pensumgroup.no\/de\/#website"},"datePublished":"2021-03-22T12:06:05+00:00","dateModified":"2023-02-07T00:26:30+00:00","breadcrumb":{"@id":"https:\/\/pensumgroup.no\/de\/versicherung-fuer-fitnessstudios\/#breadcrumb"},"inLanguage":"de","potentialAction":[{"@type":"ReadAction","target":["https:\/\/pensumgroup.no\/de\/versicherung-fuer-fitnessstudios\/"]}]},{"@type":"BreadcrumbList","@id":"https:\/\/pensumgroup.no\/de\/versicherung-fuer-fitnessstudios\/#breadcrumb","itemListElement":[{"@type":"ListItem","position":1,"name":"Forside","item":"https:\/\/pensumgroup.no\/de\/"},{"@type":"ListItem","position":2,"name":"Versicherung f\u00fcr Fitnessstudios"}]},{"@type":"WebSite","@id":"https:\/\/pensumgroup.no\/de\/#website","url":"https:\/\/pensumgroup.no\/de\/","name":"Pensum Group","description":"","publisher":{"@id":"https:\/\/pensumgroup.no\/de\/#organization"},"potentialAction":[{"@type":"SearchAction","target":{"@type":"EntryPoint","urlTemplate":"https:\/\/pensumgroup.no\/de\/?s={search_term_string}"},"query-input":{"@type":"PropertyValueSpecification","valueRequired":true,"valueName":"search_term_string"}}],"inLanguage":"de"},{"@type":"Organization","@id":"https:\/\/pensumgroup.no\/de\/#organization","name":"Pensum Group","url":"https:\/\/pensumgroup.no\/de\/","logo":{"@type":"ImageObject","inLanguage":"de","@id":"https:\/\/pensumgroup.no\/de\/#\/schema\/logo\/image\/","url":"https:\/\/pensumgroup.no\/wp-content\/uploads\/2021\/06\/cropped-Pensum-Logo-2021-Bredde-Lys-bla\u2560e.png","contentUrl":"https:\/\/pensumgroup.no\/wp-content\/uploads\/2021\/06\/cropped-Pensum-Logo-2021-Bredde-Lys-bla\u2560e.png","width":462,"height":176,"caption":"Pensum Group"},"image":{"@id":"https:\/\/pensumgroup.no\/de\/#\/schema\/logo\/image\/"}}]}},"_links":{"self":[{"href":"https:\/\/pensumgroup.no\/de\/wp-json\/wp\/v2\/pages\/7324","targetHints":{"allow":["GET"]}}],"collection":[{"href":"https:\/\/pensumgroup.no\/de\/wp-json\/wp\/v2\/pages"}],"about":[{"href":"https:\/\/pensumgroup.no\/de\/wp-json\/wp\/v2\/types\/page"}],"author":[{"embeddable":true,"href":"https:\/\/pensumgroup.no\/de\/wp-json\/wp\/v2\/users\/1"}],"replies":[{"embeddable":true,"href":"https:\/\/pensumgroup.no\/de\/wp-json\/wp\/v2\/comments?post=7324"}],"version-history":[{"count":1,"href":"https:\/\/pensumgroup.no\/de\/wp-json\/wp\/v2\/pages\/7324\/revisions"}],"predecessor-version":[{"id":7325,"href":"https:\/\/pensumgroup.no\/de\/wp-json\/wp\/v2\/pages\/7324\/revisions\/7325"}],"wp:attachment":[{"href":"https:\/\/pensumgroup.no\/de\/wp-json\/wp\/v2\/media?parent=7324"}],"curies":[{"name":"wp","href":"https:\/\/api.w.org\/{rel}","templated":true}]}}