{"id":7330,"date":"2022-09-27T15:28:37","date_gmt":"2022-09-27T13:28:37","guid":{"rendered":"https:\/\/pensumgroup.no\/verantwortung-des-verwaltungsrats-und-vorsorge-fuer-die-verantwortung-des-verwaltungsrats\/"},"modified":"2023-02-07T01:58:34","modified_gmt":"2023-02-07T00:58:34","slug":"verantwortung-des-verwaltungsrats-und-vorsorge-fuer-die-verantwortung-des-verwaltungsrats","status":"publish","type":"page","link":"https:\/\/pensumgroup.no\/de\/verantwortung-des-verwaltungsrats-und-vorsorge-fuer-die-verantwortung-des-verwaltungsrats\/","title":{"rendered":"Verantwortung des Verwaltungsrats und Vorsorge f\u00fcr die Verantwortung des Verwaltungsrats"},"content":{"rendered":"\t\t<div data-elementor-type=\"wp-page\" data-elementor-id=\"7330\" class=\"elementor elementor-7330 elementor-3861\" data-elementor-post-type=\"page\">\n\t\t\t\t\t\t<section class=\"elementor-section elementor-top-section elementor-element elementor-element-43a5f0e4 elementor-section-height-min-height elementor-section-content-middle elementor-section-boxed elementor-section-height-default elementor-section-items-middle\" data-id=\"43a5f0e4\" data-element_type=\"section\" data-e-type=\"section\" data-settings=\"{&quot;background_background&quot;:&quot;classic&quot;}\">\n\t\t\t\t\t\t\t<div class=\"elementor-background-overlay\"><\/div>\n\t\t\t\t\t\t\t<div class=\"elementor-container elementor-column-gap-default\">\n\t\t\t\t\t<div class=\"elementor-column elementor-col-50 elementor-top-column elementor-element elementor-element-7c55d88b\" data-id=\"7c55d88b\" data-element_type=\"column\" data-e-type=\"column\">\n\t\t\t<div class=\"elementor-widget-wrap elementor-element-populated\">\n\t\t\t\t\t\t<div class=\"elementor-element elementor-element-344a766d elementor-widget elementor-widget-heading\" data-id=\"344a766d\" data-element_type=\"widget\" data-e-type=\"widget\" data-widget_type=\"heading.default\">\n\t\t\t\t<div class=\"elementor-widget-container\">\n\t\t\t\t\t<h2 class=\"elementor-heading-title elementor-size-default\">Verantwortung des Verwaltungsrats und Vorsorge f\u00fcr die Verantwortung des Verwaltungsrats<\/h2>\t\t\t\t<\/div>\n\t\t\t\t<\/div>\n\t\t\t\t\t<\/div>\n\t\t<\/div>\n\t\t\t\t<div class=\"elementor-column elementor-col-50 elementor-top-column elementor-element elementor-element-4460724\" data-id=\"4460724\" data-element_type=\"column\" data-e-type=\"column\">\n\t\t\t<div class=\"elementor-widget-wrap elementor-element-populated\">\n\t\t\t\t\t\t<div class=\"elementor-element elementor-element-4a09bb6b elementor-align-right elementor-widget elementor-widget-breadcrumbs\" data-id=\"4a09bb6b\" data-element_type=\"widget\" data-e-type=\"widget\" data-widget_type=\"breadcrumbs.default\">\n\t\t\t\t<div class=\"elementor-widget-container\">\n\t\t\t\t\t<p id=\"breadcrumbs\"><span><span><a href=\"https:\/\/pensumgroup.no\/de\/\">Forside<\/a><\/span><\/span><\/p>\t\t\t\t<\/div>\n\t\t\t\t<\/div>\n\t\t\t\t\t<\/div>\n\t\t<\/div>\n\t\t\t\t\t<\/div>\n\t\t<\/section>\n\t\t\t\t<section class=\"elementor-section elementor-top-section elementor-element elementor-element-51a621f elementor-section-boxed elementor-section-height-default elementor-section-height-default\" data-id=\"51a621f\" data-element_type=\"section\" data-e-type=\"section\">\n\t\t\t\t\t\t<div class=\"elementor-container elementor-column-gap-default\">\n\t\t\t\t\t<div class=\"elementor-column elementor-col-100 elementor-top-column elementor-element elementor-element-d85df45\" data-id=\"d85df45\" data-element_type=\"column\" data-e-type=\"column\">\n\t\t\t<div class=\"elementor-widget-wrap elementor-element-populated\">\n\t\t\t\t\t\t<div class=\"elementor-element elementor-element-44ffbc9 elementor-widget elementor-widget-spacer\" data-id=\"44ffbc9\" data-element_type=\"widget\" data-e-type=\"widget\" data-widget_type=\"spacer.default\">\n\t\t\t\t<div class=\"elementor-widget-container\">\n\t\t\t\t\t\t\t<div class=\"elementor-spacer\">\n\t\t\t<div class=\"elementor-spacer-inner\"><\/div>\n\t\t<\/div>\n\t\t\t\t\t\t<\/div>\n\t\t\t\t<\/div>\n\t\t\t\t<div class=\"elementor-element elementor-element-8a71b60 elementor-widget elementor-widget-text-editor\" data-id=\"8a71b60\" data-element_type=\"widget\" data-e-type=\"widget\" data-widget_type=\"text-editor.default\">\n\t\t\t\t<div class=\"elementor-widget-container\">\n\t\t\t\t\t\t\t\t\t<p>Die Organhaftpflichtversicherung oder D&amp;O (Directors and Officers), wie die Versicherung auch genannt wird, ist eine Versicherung gegen die Haftung, die Organmitgliedern und anderen Mitgliedern der Gesch\u00e4ftsleitung aufgrund von Fehlentscheidungen oder anderen Verf\u00fcgungen, die jemandem einen finanziellen Schaden zuf\u00fcgen, entstehen kann. Dabei handelt es sich um eine pers\u00f6nliche finanzielle Verantwortung, und der Anspruch kann daher gegen einzelne Mitglieder des Vorstands oder der Gesch\u00e4ftsf\u00fchrung gerichtet werden.<\/p>\n<p>Die Haftung des Vorstands ergibt sich aus der so genannten Verschuldenshaftung, die die Verantwortung f\u00fcr fahrl\u00e4ssig verursachte Sch\u00e4den umfasst. Vorstandsmitglieder und andere Mitglieder der Gesch\u00e4ftsf\u00fchrung haben eine Sorgfaltspflicht. Daraus ergibt sich die Erwartung, dass die Beurteilungen des Verwaltungsrats und der Gesch\u00e4ftsleitung auf einer sorgf\u00e4ltigen Entscheidung beruhen. Die Fahrl\u00e4ssigkeit hat eine Grenze zu vors\u00e4tzlichen\/bewussten Sch\u00e4den einerseits und zuf\u00e4lligen Unf\u00e4llen andererseits. Es sind die fahrl\u00e4ssigen und vors\u00e4tzlichen Handlungen, die die Haftung des Vorstands ausl\u00f6sen k\u00f6nnen.<\/p>\n<p>Der Vorstand ist grunds\u00e4tzlich kollektiv f\u00fcr die getroffenen Entscheidungen verantwortlich. Sie k\u00f6nnen daher f\u00fcr Entscheidungen des Vorstands schadenersatzpflichtig werden, auch wenn Sie bei dem Entscheidungsprozess, der zur Schadenersatzpflicht gef\u00fchrt hat, keine aktive Rolle gespielt haben. Ein Mitglied, das gegen eine Entscheidung gestimmt hat, wird jedoch in der Regel nicht zur Verantwortung gezogen, wenn dies nachgewiesen werden kann.<\/p>\n<p>Beispiele f\u00fcr Situationen, in denen die Unternehmensleitung oder der Vorstand in Anspruch genommen werden k\u00f6nnen, sind Akquisitionsprozesse, Emissionen und Kapitalerh\u00f6hungen, Verkleinerungsprozesse und Konkurse. In all diesen Situationen sind zahlreiche Bewertungen vorzunehmen und Entscheidungen zu treffen. Diese k\u00f6nnen sp\u00e4ter die Grundlage f\u00fcr Anspr\u00fcche gegen die Personen bilden, die zum Zeitpunkt der Entscheidung im Vorstand oder in der Gesch\u00e4ftsf\u00fchrung sa\u00dfen.<\/p>\n<p>Zun\u00e4chst einmal ist die Arbeit in einem Verwaltungsrat nicht gef\u00e4hrlich, und die blo\u00dfe Mitgliedschaft in einem solchen Gremium bringt keine Verantwortung mit sich. Das Wichtigste ist, dass Sie die Verantwortung, die mit der Position verbunden ist, die Sie innehaben, ernst nehmen.<\/p>\n<p>Bei Aktiengesellschaften ist die Verantwortung des Vorstands im Aktiengesetz festgelegt. Bei Vereinen ist die Verantwortung des Vorstands nicht gesetzlich geregelt. <br \/>Eine Organhaftpflichtversicherung deckt im Allgemeinen die pers\u00f6nliche finanzielle Verantwortung ab, die Sie als Mitglied des Vorstands oder der Gesch\u00e4ftsf\u00fchrung haben. Es handelt sich um eine n\u00fctzliche Versicherung, die im Vergleich zu der Sicherheit, die sie bietet, wenig kostet.<\/p>\n<p>Kontaktieren Sie uns bei Pensum Forsikringsmegling f\u00fcr ein unverbindliches Gespr\u00e4ch \u00fcber die Bordhaftpflichtversicherung f\u00fcr Ihr Unternehmen, Ihre Eigentumswohnung oder Ihren Verein. Wir helfen bei der \u00dcberpr\u00fcfung Ihrer Versicherungsvertr\u00e4ge und unterst\u00fctzen Sie im Dialog mit den Unternehmen, damit Sie den bestm\u00f6glichen, auf Ihre Bed\u00fcrfnisse angepassten Versicherungsschutz erhalten.<\/p>\n\t\t\t\t\t\t\t\t<\/div>\n\t\t\t\t<\/div>\n\t\t\t\t\t<\/div>\n\t\t<\/div>\n\t\t\t\t\t<\/div>\n\t\t<\/section>\n\t\t\t\t<section class=\"elementor-section elementor-top-section elementor-element elementor-element-5207cc0 elementor-section-boxed elementor-section-height-default elementor-section-height-default\" data-id=\"5207cc0\" data-element_type=\"section\" data-e-type=\"section\">\n\t\t\t\t\t\t<div class=\"elementor-container elementor-column-gap-default\">\n\t\t\t\t\t<div class=\"elementor-column elementor-col-100 elementor-top-column elementor-element elementor-element-13eea59\" data-id=\"13eea59\" data-element_type=\"column\" data-e-type=\"column\">\n\t\t\t<div class=\"elementor-widget-wrap elementor-element-populated\">\n\t\t\t\t\t\t<div class=\"elementor-element elementor-element-259210c elementor-widget elementor-widget-image\" data-id=\"259210c\" data-element_type=\"widget\" data-e-type=\"widget\" data-widget_type=\"image.default\">\n\t\t\t\t<div class=\"elementor-widget-container\">\n\t\t\t\t\t\t\t\t\t\t\t\t\t\t\t<img fetchpriority=\"high\" decoding=\"async\" width=\"573\" height=\"524\" src=\"https:\/\/pensumgroup.no\/wp-content\/uploads\/2022\/09\/Styreansvar.png\" class=\"attachment-large size-large wp-image-6613\" alt=\"\" srcset=\"https:\/\/pensumgroup.no\/wp-content\/uploads\/2022\/09\/Styreansvar.png 573w, https:\/\/pensumgroup.no\/wp-content\/uploads\/2022\/09\/Styreansvar-300x274.png 300w\" sizes=\"(max-width: 573px) 100vw, 573px\" \/>\t\t\t\t\t\t\t\t\t\t\t\t\t\t\t<\/div>\n\t\t\t\t<\/div>\n\t\t\t\t\t<\/div>\n\t\t<\/div>\n\t\t\t\t\t<\/div>\n\t\t<\/section>\n\t\t\t\t<\/div>\n\t\t","protected":false},"excerpt":{"rendered":"<p>Verantwortung des Verwaltungsrats und Vorsorge f\u00fcr die Verantwortung des Verwaltungsrats Die Organhaftpflichtversicherung oder D&amp;O (Directors and Officers), wie die Versicherung auch genannt wird, ist eine Versicherung gegen die Haftung, die Organmitgliedern und anderen Mitgliedern der Gesch\u00e4ftsleitung aufgrund von Fehlentscheidungen oder anderen Verf\u00fcgungen, die jemandem einen finanziellen Schaden zuf\u00fcgen, entstehen kann. Dabei handelt es sich um [&hellip;]<\/p>\n","protected":false},"author":2,"featured_media":0,"parent":0,"menu_order":0,"comment_status":"closed","ping_status":"closed","template":"","meta":{"_acf_changed":false,"footnotes":""},"class_list":["post-7330","page","type-page","status-publish","hentry"],"acf":[],"yoast_head":"<!-- This site is optimized with the Yoast SEO plugin v27.4 - https:\/\/yoast.com\/product\/yoast-seo-wordpress\/ -->\n<title>Verantwortung des Verwaltungsrats und Vorsorge f\u00fcr die Verantwortung des Verwaltungsrats - Pensum Group<\/title>\n<meta name=\"robots\" content=\"index, follow, max-snippet:-1, max-image-preview:large, max-video-preview:-1\" \/>\n<link rel=\"canonical\" href=\"https:\/\/pensumgroup.no\/de\/verantwortung-des-verwaltungsrats-und-vorsorge-fuer-die-verantwortung-des-verwaltungsrats\/\" \/>\n<meta property=\"og:locale\" content=\"de_DE\" \/>\n<meta property=\"og:type\" content=\"article\" \/>\n<meta property=\"og:title\" content=\"Verantwortung des Verwaltungsrats und Vorsorge f\u00fcr die Verantwortung des Verwaltungsrats - Pensum Group\" \/>\n<meta property=\"og:description\" content=\"Verantwortung des Verwaltungsrats und Vorsorge f\u00fcr die Verantwortung des Verwaltungsrats Die Organhaftpflichtversicherung oder D&amp;O (Directors and Officers), wie die Versicherung auch genannt wird, ist eine Versicherung gegen die Haftung, die Organmitgliedern und anderen Mitgliedern der Gesch\u00e4ftsleitung aufgrund von Fehlentscheidungen oder anderen Verf\u00fcgungen, die jemandem einen finanziellen Schaden zuf\u00fcgen, entstehen kann. Dabei handelt es sich um [&hellip;]\" \/>\n<meta property=\"og:url\" content=\"https:\/\/pensumgroup.no\/de\/verantwortung-des-verwaltungsrats-und-vorsorge-fuer-die-verantwortung-des-verwaltungsrats\/\" \/>\n<meta property=\"og:site_name\" content=\"Pensum Group\" \/>\n<meta property=\"article:modified_time\" content=\"2023-02-07T00:58:34+00:00\" \/>\n<meta property=\"og:image\" content=\"https:\/\/pensumgroup.no\/wp-content\/uploads\/2022\/09\/Styreansvar.png\" \/>\n<meta name=\"twitter:card\" content=\"summary_large_image\" \/>\n<meta name=\"twitter:label1\" content=\"Gesch\u00e4tzte Lesezeit\" \/>\n\t<meta name=\"twitter:data1\" content=\"2\u00a0Minuten\" \/>\n<script type=\"application\/ld+json\" class=\"yoast-schema-graph\">{\"@context\":\"https:\\\/\\\/schema.org\",\"@graph\":[{\"@type\":\"WebPage\",\"@id\":\"https:\\\/\\\/pensumgroup.no\\\/de\\\/verantwortung-des-verwaltungsrats-und-vorsorge-fuer-die-verantwortung-des-verwaltungsrats\\\/\",\"url\":\"https:\\\/\\\/pensumgroup.no\\\/de\\\/verantwortung-des-verwaltungsrats-und-vorsorge-fuer-die-verantwortung-des-verwaltungsrats\\\/\",\"name\":\"Verantwortung des Verwaltungsrats und Vorsorge f\u00fcr die Verantwortung des Verwaltungsrats - Pensum Group\",\"isPartOf\":{\"@id\":\"https:\\\/\\\/pensumgroup.no\\\/de\\\/#website\"},\"primaryImageOfPage\":{\"@id\":\"https:\\\/\\\/pensumgroup.no\\\/de\\\/verantwortung-des-verwaltungsrats-und-vorsorge-fuer-die-verantwortung-des-verwaltungsrats\\\/#primaryimage\"},\"image\":{\"@id\":\"https:\\\/\\\/pensumgroup.no\\\/de\\\/verantwortung-des-verwaltungsrats-und-vorsorge-fuer-die-verantwortung-des-verwaltungsrats\\\/#primaryimage\"},\"thumbnailUrl\":\"https:\\\/\\\/pensumgroup.no\\\/wp-content\\\/uploads\\\/2022\\\/09\\\/Styreansvar.png\",\"datePublished\":\"2022-09-27T13:28:37+00:00\",\"dateModified\":\"2023-02-07T00:58:34+00:00\",\"breadcrumb\":{\"@id\":\"https:\\\/\\\/pensumgroup.no\\\/de\\\/verantwortung-des-verwaltungsrats-und-vorsorge-fuer-die-verantwortung-des-verwaltungsrats\\\/#breadcrumb\"},\"inLanguage\":\"de\",\"potentialAction\":[{\"@type\":\"ReadAction\",\"target\":[\"https:\\\/\\\/pensumgroup.no\\\/de\\\/verantwortung-des-verwaltungsrats-und-vorsorge-fuer-die-verantwortung-des-verwaltungsrats\\\/\"]}]},{\"@type\":\"ImageObject\",\"inLanguage\":\"de\",\"@id\":\"https:\\\/\\\/pensumgroup.no\\\/de\\\/verantwortung-des-verwaltungsrats-und-vorsorge-fuer-die-verantwortung-des-verwaltungsrats\\\/#primaryimage\",\"url\":\"https:\\\/\\\/pensumgroup.no\\\/wp-content\\\/uploads\\\/2022\\\/09\\\/Styreansvar.png\",\"contentUrl\":\"https:\\\/\\\/pensumgroup.no\\\/wp-content\\\/uploads\\\/2022\\\/09\\\/Styreansvar.png\"},{\"@type\":\"BreadcrumbList\",\"@id\":\"https:\\\/\\\/pensumgroup.no\\\/de\\\/verantwortung-des-verwaltungsrats-und-vorsorge-fuer-die-verantwortung-des-verwaltungsrats\\\/#breadcrumb\",\"itemListElement\":[{\"@type\":\"ListItem\",\"position\":1,\"name\":\"Forside\",\"item\":\"https:\\\/\\\/pensumgroup.no\\\/de\\\/\"},{\"@type\":\"ListItem\",\"position\":2,\"name\":\"Verantwortung des Verwaltungsrats und Vorsorge f\u00fcr die Verantwortung des Verwaltungsrats\"}]},{\"@type\":\"WebSite\",\"@id\":\"https:\\\/\\\/pensumgroup.no\\\/de\\\/#website\",\"url\":\"https:\\\/\\\/pensumgroup.no\\\/de\\\/\",\"name\":\"Pensum Group\",\"description\":\"\",\"publisher\":{\"@id\":\"https:\\\/\\\/pensumgroup.no\\\/de\\\/#organization\"},\"potentialAction\":[{\"@type\":\"SearchAction\",\"target\":{\"@type\":\"EntryPoint\",\"urlTemplate\":\"https:\\\/\\\/pensumgroup.no\\\/de\\\/?s={search_term_string}\"},\"query-input\":{\"@type\":\"PropertyValueSpecification\",\"valueRequired\":true,\"valueName\":\"search_term_string\"}}],\"inLanguage\":\"de\"},{\"@type\":\"Organization\",\"@id\":\"https:\\\/\\\/pensumgroup.no\\\/de\\\/#organization\",\"name\":\"Pensum Group\",\"url\":\"https:\\\/\\\/pensumgroup.no\\\/de\\\/\",\"logo\":{\"@type\":\"ImageObject\",\"inLanguage\":\"de\",\"@id\":\"https:\\\/\\\/pensumgroup.no\\\/de\\\/#\\\/schema\\\/logo\\\/image\\\/\",\"url\":\"https:\\\/\\\/pensumgroup.no\\\/wp-content\\\/uploads\\\/2021\\\/06\\\/cropped-Pensum-Logo-2021-Bredde-Lys-bla\u2560e.png\",\"contentUrl\":\"https:\\\/\\\/pensumgroup.no\\\/wp-content\\\/uploads\\\/2021\\\/06\\\/cropped-Pensum-Logo-2021-Bredde-Lys-bla\u2560e.png\",\"width\":462,\"height\":176,\"caption\":\"Pensum Group\"},\"image\":{\"@id\":\"https:\\\/\\\/pensumgroup.no\\\/de\\\/#\\\/schema\\\/logo\\\/image\\\/\"}}]}<\/script>\n<!-- \/ Yoast SEO plugin. -->","yoast_head_json":{"title":"Verantwortung des Verwaltungsrats und Vorsorge f\u00fcr die Verantwortung des Verwaltungsrats - Pensum Group","robots":{"index":"index","follow":"follow","max-snippet":"max-snippet:-1","max-image-preview":"max-image-preview:large","max-video-preview":"max-video-preview:-1"},"canonical":"https:\/\/pensumgroup.no\/de\/verantwortung-des-verwaltungsrats-und-vorsorge-fuer-die-verantwortung-des-verwaltungsrats\/","og_locale":"de_DE","og_type":"article","og_title":"Verantwortung des Verwaltungsrats und Vorsorge f\u00fcr die Verantwortung des Verwaltungsrats - Pensum Group","og_description":"Verantwortung des Verwaltungsrats und Vorsorge f\u00fcr die Verantwortung des Verwaltungsrats Die Organhaftpflichtversicherung oder D&amp;O (Directors and Officers), wie die Versicherung auch genannt wird, ist eine Versicherung gegen die Haftung, die Organmitgliedern und anderen Mitgliedern der Gesch\u00e4ftsleitung aufgrund von Fehlentscheidungen oder anderen Verf\u00fcgungen, die jemandem einen finanziellen Schaden zuf\u00fcgen, entstehen kann. Dabei handelt es sich um [&hellip;]","og_url":"https:\/\/pensumgroup.no\/de\/verantwortung-des-verwaltungsrats-und-vorsorge-fuer-die-verantwortung-des-verwaltungsrats\/","og_site_name":"Pensum Group","article_modified_time":"2023-02-07T00:58:34+00:00","og_image":[{"url":"https:\/\/pensumgroup.no\/wp-content\/uploads\/2022\/09\/Styreansvar.png","type":"","width":"","height":""}],"twitter_card":"summary_large_image","twitter_misc":{"Gesch\u00e4tzte Lesezeit":"2\u00a0Minuten"},"schema":{"@context":"https:\/\/schema.org","@graph":[{"@type":"WebPage","@id":"https:\/\/pensumgroup.no\/de\/verantwortung-des-verwaltungsrats-und-vorsorge-fuer-die-verantwortung-des-verwaltungsrats\/","url":"https:\/\/pensumgroup.no\/de\/verantwortung-des-verwaltungsrats-und-vorsorge-fuer-die-verantwortung-des-verwaltungsrats\/","name":"Verantwortung des Verwaltungsrats und Vorsorge f\u00fcr die Verantwortung des Verwaltungsrats - Pensum Group","isPartOf":{"@id":"https:\/\/pensumgroup.no\/de\/#website"},"primaryImageOfPage":{"@id":"https:\/\/pensumgroup.no\/de\/verantwortung-des-verwaltungsrats-und-vorsorge-fuer-die-verantwortung-des-verwaltungsrats\/#primaryimage"},"image":{"@id":"https:\/\/pensumgroup.no\/de\/verantwortung-des-verwaltungsrats-und-vorsorge-fuer-die-verantwortung-des-verwaltungsrats\/#primaryimage"},"thumbnailUrl":"https:\/\/pensumgroup.no\/wp-content\/uploads\/2022\/09\/Styreansvar.png","datePublished":"2022-09-27T13:28:37+00:00","dateModified":"2023-02-07T00:58:34+00:00","breadcrumb":{"@id":"https:\/\/pensumgroup.no\/de\/verantwortung-des-verwaltungsrats-und-vorsorge-fuer-die-verantwortung-des-verwaltungsrats\/#breadcrumb"},"inLanguage":"de","potentialAction":[{"@type":"ReadAction","target":["https:\/\/pensumgroup.no\/de\/verantwortung-des-verwaltungsrats-und-vorsorge-fuer-die-verantwortung-des-verwaltungsrats\/"]}]},{"@type":"ImageObject","inLanguage":"de","@id":"https:\/\/pensumgroup.no\/de\/verantwortung-des-verwaltungsrats-und-vorsorge-fuer-die-verantwortung-des-verwaltungsrats\/#primaryimage","url":"https:\/\/pensumgroup.no\/wp-content\/uploads\/2022\/09\/Styreansvar.png","contentUrl":"https:\/\/pensumgroup.no\/wp-content\/uploads\/2022\/09\/Styreansvar.png"},{"@type":"BreadcrumbList","@id":"https:\/\/pensumgroup.no\/de\/verantwortung-des-verwaltungsrats-und-vorsorge-fuer-die-verantwortung-des-verwaltungsrats\/#breadcrumb","itemListElement":[{"@type":"ListItem","position":1,"name":"Forside","item":"https:\/\/pensumgroup.no\/de\/"},{"@type":"ListItem","position":2,"name":"Verantwortung des Verwaltungsrats und Vorsorge f\u00fcr die Verantwortung des Verwaltungsrats"}]},{"@type":"WebSite","@id":"https:\/\/pensumgroup.no\/de\/#website","url":"https:\/\/pensumgroup.no\/de\/","name":"Pensum Group","description":"","publisher":{"@id":"https:\/\/pensumgroup.no\/de\/#organization"},"potentialAction":[{"@type":"SearchAction","target":{"@type":"EntryPoint","urlTemplate":"https:\/\/pensumgroup.no\/de\/?s={search_term_string}"},"query-input":{"@type":"PropertyValueSpecification","valueRequired":true,"valueName":"search_term_string"}}],"inLanguage":"de"},{"@type":"Organization","@id":"https:\/\/pensumgroup.no\/de\/#organization","name":"Pensum Group","url":"https:\/\/pensumgroup.no\/de\/","logo":{"@type":"ImageObject","inLanguage":"de","@id":"https:\/\/pensumgroup.no\/de\/#\/schema\/logo\/image\/","url":"https:\/\/pensumgroup.no\/wp-content\/uploads\/2021\/06\/cropped-Pensum-Logo-2021-Bredde-Lys-bla\u2560e.png","contentUrl":"https:\/\/pensumgroup.no\/wp-content\/uploads\/2021\/06\/cropped-Pensum-Logo-2021-Bredde-Lys-bla\u2560e.png","width":462,"height":176,"caption":"Pensum Group"},"image":{"@id":"https:\/\/pensumgroup.no\/de\/#\/schema\/logo\/image\/"}}]}},"_links":{"self":[{"href":"https:\/\/pensumgroup.no\/de\/wp-json\/wp\/v2\/pages\/7330","targetHints":{"allow":["GET"]}}],"collection":[{"href":"https:\/\/pensumgroup.no\/de\/wp-json\/wp\/v2\/pages"}],"about":[{"href":"https:\/\/pensumgroup.no\/de\/wp-json\/wp\/v2\/types\/page"}],"author":[{"embeddable":true,"href":"https:\/\/pensumgroup.no\/de\/wp-json\/wp\/v2\/users\/2"}],"replies":[{"embeddable":true,"href":"https:\/\/pensumgroup.no\/de\/wp-json\/wp\/v2\/comments?post=7330"}],"version-history":[{"count":1,"href":"https:\/\/pensumgroup.no\/de\/wp-json\/wp\/v2\/pages\/7330\/revisions"}],"predecessor-version":[{"id":7331,"href":"https:\/\/pensumgroup.no\/de\/wp-json\/wp\/v2\/pages\/7330\/revisions\/7331"}],"wp:attachment":[{"href":"https:\/\/pensumgroup.no\/de\/wp-json\/wp\/v2\/media?parent=7330"}],"curies":[{"name":"wp","href":"https:\/\/api.w.org\/{rel}","templated":true}]}}