{"id":7500,"date":"2021-03-22T13:07:09","date_gmt":"2021-03-22T12:07:09","guid":{"rendered":"https:\/\/pensumgroup.no\/lizenzen\/"},"modified":"2023-03-13T12:57:09","modified_gmt":"2023-03-13T11:57:09","slug":"lizenzen","status":"publish","type":"page","link":"https:\/\/pensumgroup.no\/de\/lizenzen\/","title":{"rendered":"Lizenzen"},"content":{"rendered":"\t\t<div data-elementor-type=\"wp-page\" data-elementor-id=\"7500\" class=\"elementor elementor-7500 elementor-199\" data-elementor-post-type=\"page\">\n\t\t\t\t\t\t<section class=\"elementor-section elementor-top-section elementor-element elementor-element-33d24924 elementor-section-height-min-height elementor-section-content-middle elementor-section-boxed elementor-section-height-default elementor-section-items-middle\" data-id=\"33d24924\" data-element_type=\"section\" data-e-type=\"section\" data-settings=\"{&quot;background_background&quot;:&quot;classic&quot;}\">\n\t\t\t\t\t\t\t<div class=\"elementor-background-overlay\"><\/div>\n\t\t\t\t\t\t\t<div class=\"elementor-container elementor-column-gap-default\">\n\t\t\t\t\t<div class=\"elementor-column elementor-col-50 elementor-top-column elementor-element elementor-element-4b595668\" data-id=\"4b595668\" data-element_type=\"column\" data-e-type=\"column\">\n\t\t\t<div class=\"elementor-widget-wrap elementor-element-populated\">\n\t\t\t\t\t\t<div class=\"elementor-element elementor-element-4134f93 elementor-widget elementor-widget-heading\" data-id=\"4134f93\" data-element_type=\"widget\" data-e-type=\"widget\" data-widget_type=\"heading.default\">\n\t\t\t\t<div class=\"elementor-widget-container\">\n\t\t\t\t\t<h2 class=\"elementor-heading-title elementor-size-default\">Lizenzen<\/h2>\t\t\t\t<\/div>\n\t\t\t\t<\/div>\n\t\t\t\t\t<\/div>\n\t\t<\/div>\n\t\t\t\t<div class=\"elementor-column elementor-col-50 elementor-top-column elementor-element elementor-element-406d8f46\" data-id=\"406d8f46\" data-element_type=\"column\" data-e-type=\"column\">\n\t\t\t<div class=\"elementor-widget-wrap elementor-element-populated\">\n\t\t\t\t\t\t<div class=\"elementor-element elementor-element-1305d1b6 elementor-align-right elementor-widget elementor-widget-breadcrumbs\" data-id=\"1305d1b6\" data-element_type=\"widget\" data-e-type=\"widget\" data-widget_type=\"breadcrumbs.default\">\n\t\t\t\t<div class=\"elementor-widget-container\">\n\t\t\t\t\t<p id=\"breadcrumbs\"><span><span><a href=\"https:\/\/pensumgroup.no\/de\/\">Forside<\/a><\/span><\/span><\/p>\t\t\t\t<\/div>\n\t\t\t\t<\/div>\n\t\t\t\t\t<\/div>\n\t\t<\/div>\n\t\t\t\t\t<\/div>\n\t\t<\/section>\n\t\t\t\t<section class=\"elementor-section elementor-top-section elementor-element elementor-element-36de4642 elementor-section-content-top elementor-section-boxed elementor-section-height-default elementor-section-height-default\" data-id=\"36de4642\" data-element_type=\"section\" data-e-type=\"section\">\n\t\t\t\t\t\t<div class=\"elementor-container elementor-column-gap-no\">\n\t\t\t\t\t<div class=\"elementor-column elementor-col-100 elementor-top-column elementor-element elementor-element-2d8e57a3\" data-id=\"2d8e57a3\" data-element_type=\"column\" data-e-type=\"column\">\n\t\t\t<div class=\"elementor-widget-wrap elementor-element-populated\">\n\t\t\t\t\t\t<div class=\"elementor-element elementor-element-5ec530bd elementor-widget elementor-widget-heading\" data-id=\"5ec530bd\" data-element_type=\"widget\" data-e-type=\"widget\" data-widget_type=\"heading.default\">\n\t\t\t\t<div class=\"elementor-widget-container\">\n\t\t\t\t\t<h2 class=\"elementor-heading-title elementor-size-default\">Unsere Lizenzen\n<\/h2>\t\t\t\t<\/div>\n\t\t\t\t<\/div>\n\t\t\t\t<div class=\"elementor-element elementor-element-3378eb9f elementor-widget elementor-widget-text-editor\" data-id=\"3378eb9f\" data-element_type=\"widget\" data-e-type=\"widget\" data-widget_type=\"text-editor.default\">\n\t\t\t\t<div class=\"elementor-widget-container\">\n\t\t\t\t\t\t\t\t\t<p>Pensum Asset Management AS steht unter der Aufsicht der norwegischen Finanzaufsichtsbeh\u00f6rde und hat eine Lizenz f\u00fcr grenz\u00fcberschreitende Gesch\u00e4fte in Schweden, D\u00e4nemark, Island, Luxemburg, Spanien, Frankreich, Deutschland und \u00d6sterreich.<\/p>\n<p style=\"box-sizing: inherit; margin-right: 0px; margin-bottom: 1.25rem; margin-left: 0px; padding: 0px; font-family: AvenirLTStd55Roman, 'Helvetica Neue', Helvetica, Roboto, Arial, sans-serif; font-size: 16px; line-height: 1.6; text-rendering: optimizelegibility; color: #222222;\"><strong style=\"box-sizing: inherit; font-weight: bold; line-height: inherit;\">Wertpapierdienstleistungen, vphl. \u00a7 2-1 (1)<\/strong><\/p>\n<ul style=\"box-sizing: inherit; margin-right: 0px; margin-bottom: 1.25rem; margin-left: 1.1rem; padding: 0px; font-family: AvenirLTStd55Roman, 'Helvetica Neue', Helvetica, Roboto, Arial, sans-serif; font-size: 16px; line-height: 1.6; list-style-position: outside; color: #222222; background-color: #ffffff;\">\n<li style=\"box-sizing: inherit; margin-right: 0px; margin-left: 0px; padding: 0px;\">Nr. 1: Entgegennahme und Weiterleitung von Auftr\u00e4gen im Namen des Kunden in Verbindung mit einem oder mehreren Finanzinstrumenten im Sinne von \u00a7 2-2<\/li>\n<li style=\"box-sizing: inherit; margin-right: 0px; margin-left: 0px; padding: 0px;\">Nr. 2: Ausf\u00fchrung von Auftr\u00e4gen im Namen des Kunden<\/li>\n<li style=\"box-sizing: inherit; margin-right: 0px; margin-left: 0px; padding: 0px;\">Nr. 4: Aktive Verwaltung des Portfolios von Finanzinstrumenten des Anlegers auf individueller Basis und gem\u00e4\u00df der Erm\u00e4chtigung des Anlegers<\/li>\n<li style=\"box-sizing: inherit; margin-right: 0px; margin-left: 0px; padding: 0px;\">Nr. 5: Anlageberatung im Sinne von \u00a7 2-4 erster Absatz<\/li>\n<li style=\"box-sizing: inherit; margin-right: 0px; margin-left: 0px; padding: 0px;\">Nr. 6: Platzierung von Finanzinstrumenten, bei denen das Unternehmen keine vollst\u00e4ndige Zeichnungsgarantie abgibt<\/li>\n<\/ul>\n<p style=\"box-sizing: inherit; margin-right: 0px; margin-bottom: 1.25rem; margin-left: 0px; padding: 0px; font-family: AvenirLTStd55Roman, 'Helvetica Neue', Helvetica, Roboto, Arial, sans-serif; font-size: 16px; line-height: 1.6; text-rendering: optimizelegibility; color: #222222;\"><strong style=\"box-sizing: inherit; font-weight: bold; line-height: inherit;\">Verwandte Dienstleistungen, vphl. \u00a7 2-6 (1)<\/strong><\/p>\n<ul style=\"box-sizing: inherit; margin-right: 0px; margin-bottom: 1.25rem; margin-left: 1.1rem; padding: 0px; font-family: AvenirLTStd55Roman, 'Helvetica Neue', Helvetica, Roboto, Arial, sans-serif; font-size: 16px; line-height: 1.6; list-style-position: outside; color: #222222; background-color: #ffffff;\">\n<li style=\"box-sizing: inherit; margin-right: 0px; margin-left: 0px; padding: 0px;\">Nr. 1: Verwahrung und Verwaltung von Finanzinstrumenten<\/li>\n<li style=\"box-sizing: inherit; margin-right: 0px; margin-left: 0px; padding: 0px;\">Nr. 3: Beratung in Bezug auf die Kapitalstruktur von Unternehmen, die industrielle Strategie und damit verbundene Fragen sowie Beratung und Dienstleistungen im Zusammenhang mit Fusionen und \u00dcbernahmen von Unternehmen<\/li>\n<li style=\"box-sizing: inherit; margin-right: 0px; margin-left: 0px; padding: 0px;\">Nr. 4: Dienstleistungen im Zusammenhang mit Devisengesch\u00e4ften, wenn dies im Zusammenhang mit der Erbringung von Wertpapierdienstleistungen im Sinne des ersten Absatzes geschieht<\/li>\n<li style=\"box-sizing: inherit; margin-right: 0px; margin-left: 0px; padding: 0px;\">Nr. 5: Erstellung und Weitergabe von Anlageempfehlungen, Finanzanalysen und anderen Formen allgemeiner Empfehlungen zu Gesch\u00e4ften mit Finanzinstrumenten<\/li>\n<\/ul>\n<p style=\"box-sizing: inherit; margin-right: 0px; margin-bottom: 1.25rem; margin-left: 0px; padding: 0px; font-family: AvenirLTStd55Roman, 'Helvetica Neue', Helvetica, Roboto, Arial, sans-serif; font-size: 16px; line-height: 1.6; text-rendering: optimizelegibility; color: #222222;\"><strong style=\"box-sizing: inherit; font-weight: bold; line-height: inherit;\">Treuh\u00e4nder (Nominee) in norwegischen Eigent\u00fcmerregistern<br style=\"box-sizing: inherit;\"><\/strong>Die Lizenz gibt die Erlaubnis f\u00fcr das Folgende:<\/p>\n<ul style=\"box-sizing: inherit; margin-right: 0px; margin-bottom: 1.25rem; margin-left: 1.1rem; padding: 0px; font-family: AvenirLTStd55Roman, 'Helvetica Neue', Helvetica, Roboto, Arial, sans-serif; font-size: 16px; line-height: 1.6; list-style-position: outside; color: #222222; background-color: #ffffff;\">\n<li style=\"box-sizing: inherit; margin-right: 0px; margin-left: 0px; padding: 0px;\">Anteile an norwegischen Investmentfonds, die Investmentfondsverordnung \u00a7 13-2, vgl. das Investmentfondsgesetz \u00a7 4-10, und das Wertpapierregistergesetz \u00a7 6-3<\/li>\n<\/ul>\n<p style=\"box-sizing: inherit; margin-right: 0px; margin-bottom: 1.25rem; margin-left: 0px; padding: 0px; font-family: AvenirLTStd55Roman, 'Helvetica Neue', Helvetica, Roboto, Arial, sans-serif; font-size: 16px; line-height: 1.6; text-rendering: optimizelegibility; color: #222222;\"><a style=\"box-sizing: inherit; color: #1e416f; line-height: inherit;\" href=\"https:\/\/www.finanstilsynet.no\/virksomhetsregisteret\/detail\/?id=207941\" target=\"_blank\" rel=\"noopener noreferrer\">Klicken Sie hier<\/a>, um mehr \u00fcber Pensum Asset Management AS bei Finanstilsynet zu lesen.<\/p>\n<p style=\"box-sizing: inherit; margin-right: 0px; margin-bottom: 1.25rem; margin-left: 0px; padding: 0px; font-family: AvenirLTStd55Roman, 'Helvetica Neue', Helvetica, Roboto, Arial, sans-serif; font-size: 16px; line-height: 1.6; text-rendering: optimizelegibility; color: #222222;\"><strong style=\"box-sizing: inherit; font-weight: bold; line-height: inherit;\">Pensum Forsikringsmegling AS<\/strong><\/p>\n<ul style=\"box-sizing: inherit; margin-right: 0px; margin-bottom: 1.25rem; margin-left: 1.1rem; padding: 0px; font-family: AvenirLTStd55Roman, 'Helvetica Neue', Helvetica, Roboto, Arial, sans-serif; font-size: 16px; line-height: 1.6; list-style-position: outside; color: #222222; background-color: #ffffff;\">\n<li style=\"box-sizing: inherit; margin-right: 0px; margin-left: 0px; padding: 0px;\">Versicherungsmaklergesellschaft<\/li>\n<\/ul>\n<p style=\"box-sizing: inherit; margin-right: 0px; margin-bottom: 1.25rem; margin-left: 0px; padding: 0px; font-family: AvenirLTStd55Roman, 'Helvetica Neue', Helvetica, Roboto, Arial, sans-serif; font-size: 16px; line-height: 1.6; text-rendering: optimizelegibility; color: #222222;\"><a style=\"box-sizing: inherit; color: #1e416f; line-height: inherit;\" href=\"https:\/\/www.finanstilsynet.no\/virksomhetsregisteret\/detail\/?id=212120\" target=\"_blank\" rel=\"noopener noreferrer\">Klicken Sie hier<\/a>, um mehr \u00fcber Pensum Forsikringsmegling AS bei Finanstilsynet zu lesen.<\/p>\n\t\t\t\t\t\t\t\t<\/div>\n\t\t\t\t<\/div>\n\t\t\t\t\t<\/div>\n\t\t<\/div>\n\t\t\t\t\t<\/div>\n\t\t<\/section>\n\t\t\t\t<section class=\"elementor-section elementor-top-section elementor-element elementor-element-55b39d93 elementor-section-boxed elementor-section-height-default elementor-section-height-default\" data-id=\"55b39d93\" data-element_type=\"section\" data-e-type=\"section\">\n\t\t\t\t\t\t<div class=\"elementor-container elementor-column-gap-default\">\n\t\t\t\t\t<div class=\"elementor-column elementor-col-100 elementor-top-column elementor-element elementor-element-259dc89d\" data-id=\"259dc89d\" data-element_type=\"column\" data-e-type=\"column\">\n\t\t\t<div class=\"elementor-widget-wrap elementor-element-populated\">\n\t\t\t\t\t\t<section class=\"elementor-section elementor-inner-section elementor-element elementor-element-6663abb0 ignore-toc elementor-section-boxed elementor-section-height-default elementor-section-height-default\" data-id=\"6663abb0\" data-element_type=\"section\" data-e-type=\"section\" data-settings=\"{&quot;background_background&quot;:&quot;classic&quot;}\">\n\t\t\t\t\t\t<div class=\"elementor-container elementor-column-gap-default\">\n\t\t\t\t\t<div class=\"elementor-column elementor-col-100 elementor-inner-column elementor-element elementor-element-7763c6e7\" data-id=\"7763c6e7\" data-element_type=\"column\" data-e-type=\"column\">\n\t\t\t<div class=\"elementor-widget-wrap elementor-element-populated\">\n\t\t\t\t\t\t<div class=\"elementor-element elementor-element-20066781 elementor-widget-divider--view-line_text elementor-widget-divider--element-align-right elementor-widget elementor-widget-divider\" data-id=\"20066781\" data-element_type=\"widget\" data-e-type=\"widget\" data-widget_type=\"divider.default\">\n\t\t\t\t<div class=\"elementor-widget-container\">\n\t\t\t\t\t\t\t<div class=\"elementor-divider\">\n\t\t\t<span class=\"elementor-divider-separator\">\n\t\t\t\t\t\t\t<span class=\"elementor-divider__text elementor-divider__element\">\n\t\t\t\tHolen Sie sich die neuesten Updates\t\t\t\t<\/span>\n\t\t\t\t\t\t<\/span>\n\t\t<\/div>\n\t\t\t\t\t\t<\/div>\n\t\t\t\t<\/div>\n\t\t\t\t<div class=\"elementor-element elementor-element-10ac56aa ignore-toc elementor-widget elementor-widget-heading\" data-id=\"10ac56aa\" data-element_type=\"widget\" data-e-type=\"widget\" data-widget_type=\"heading.default\">\n\t\t\t\t<div class=\"elementor-widget-container\">\n\t\t\t\t\t<h2 class=\"elementor-heading-title elementor-size-default\">Melden Sie sich f\u00fcr unseren Newsletter an<\/h2>\t\t\t\t<\/div>\n\t\t\t\t<\/div>\n\t\t\t\t<div class=\"elementor-element elementor-element-665f3d56 elementor-widget elementor-widget-text-editor\" data-id=\"665f3d56\" data-element_type=\"widget\" data-e-type=\"widget\" data-widget_type=\"text-editor.default\">\n\t\t\t\t<div class=\"elementor-widget-container\">\n\t\t\t\t\t\t\t\t\t<p>Kein Spam &#8211; nur Neuigkeiten von Pensum<\/p>\n\t\t\t\t\t\t\t\t<\/div>\n\t\t\t\t<\/div>\n\t\t\t\t\t<\/div>\n\t\t<\/div>\n\t\t\t\t\t<\/div>\n\t\t<\/section>\n\t\t\t\t<section class=\"elementor-section elementor-inner-section elementor-element elementor-element-7381c67a elementor-section-boxed elementor-section-height-default elementor-section-height-default\" data-id=\"7381c67a\" data-element_type=\"section\" data-e-type=\"section\">\n\t\t\t\t\t\t<div class=\"elementor-container elementor-column-gap-default\">\n\t\t\t\t\t<div class=\"elementor-column elementor-col-100 elementor-inner-column elementor-element elementor-element-562ac24a\" data-id=\"562ac24a\" data-element_type=\"column\" data-e-type=\"column\">\n\t\t\t<div class=\"elementor-widget-wrap elementor-element-populated\">\n\t\t\t\t\t\t<div class=\"elementor-element elementor-element-41f1b533 elementor-widget elementor-widget-shortcode\" data-id=\"41f1b533\" data-element_type=\"widget\" data-e-type=\"widget\" data-widget_type=\"shortcode.default\">\n\t\t\t\t<div class=\"elementor-widget-container\">\n\t\t\t\t\t\t\t<div class=\"elementor-shortcode\"><script>(function() {\n\twindow.mc4wp = window.mc4wp || {\n\t\tlisteners: [],\n\t\tforms: {\n\t\t\ton: function(evt, cb) {\n\t\t\t\twindow.mc4wp.listeners.push(\n\t\t\t\t\t{\n\t\t\t\t\t\tevent   : evt,\n\t\t\t\t\t\tcallback: cb\n\t\t\t\t\t}\n\t\t\t\t);\n\t\t\t}\n\t\t}\n\t}\n})();\n<\/script><!-- Mailchimp for WordPress v4.12.0 - https:\/\/wordpress.org\/plugins\/mailchimp-for-wp\/ --><form id=\"mc4wp-form-1\" class=\"mc4wp-form mc4wp-form-7374\" method=\"post\" data-id=\"7374\" data-name=\"Newsletter\" ><div class=\"mc4wp-form-fields\"><p>\n    <label>Vorname*<\/label>\n    <input type=\"text\" name=\"FNAME\" placeholder=\"Ihr Vorname\" required=\"\">\n<\/p>\n<p>\n    <label>Nachname*<\/label>\n    <input type=\"text\" name=\"LNAME\" placeholder=\"Ihr Nachname\" required=\"\">\n<\/p>\n\n<p>\n\t<label>E-Mail-Addresse: *<\/label>\n\t\t<input type=\"email\" name=\"EMAIL\" placeholder=\"Deine E-Mail\" required=\"\">\n<\/label>\n<\/p>\n\n<p>\n\t<input type=\"submit\" value=\"NEWSLETTER ERHALTEN\">\n<\/p><\/div><label style=\"display: none !important;\">Wenn du ein Mensch bist, lasse das Feld leer: <input type=\"text\" name=\"_mc4wp_honeypot\" value=\"\" tabindex=\"-1\" autocomplete=\"off\" \/><\/label><input type=\"hidden\" name=\"_mc4wp_timestamp\" value=\"1776317543\" \/><input type=\"hidden\" name=\"_mc4wp_form_id\" value=\"7374\" \/><input type=\"hidden\" name=\"_mc4wp_form_element_id\" value=\"mc4wp-form-1\" \/><div class=\"mc4wp-response\"><\/div><\/form><!-- \/ Mailchimp for WordPress Plugin --><\/div>\n\t\t\t\t\t\t<\/div>\n\t\t\t\t<\/div>\n\t\t\t\t\t<\/div>\n\t\t<\/div>\n\t\t\t\t\t<\/div>\n\t\t<\/section>\n\t\t\t\t\t<\/div>\n\t\t<\/div>\n\t\t\t\t\t<\/div>\n\t\t<\/section>\n\t\t\t\t<\/div>\n\t\t","protected":false},"excerpt":{"rendered":"<p>Lizenzen Unsere Lizenzen Pensum Asset Management AS steht unter der Aufsicht der norwegischen Finanzaufsichtsbeh\u00f6rde und hat eine Lizenz f\u00fcr grenz\u00fcberschreitende Gesch\u00e4fte in Schweden, D\u00e4nemark, Island, Luxemburg, Spanien, Frankreich, Deutschland und \u00d6sterreich. Wertpapierdienstleistungen, vphl. \u00a7 2-1 (1) Nr. 1: Entgegennahme und Weiterleitung von Auftr\u00e4gen im Namen des Kunden in Verbindung mit einem oder mehreren Finanzinstrumenten im [&hellip;]<\/p>\n","protected":false},"author":1,"featured_media":0,"parent":0,"menu_order":0,"comment_status":"closed","ping_status":"closed","template":"","meta":{"_acf_changed":false,"footnotes":""},"class_list":["post-7500","page","type-page","status-publish","hentry"],"acf":[],"yoast_head":"<!-- This site is optimized with the Yoast SEO plugin v27.4 - https:\/\/yoast.com\/product\/yoast-seo-wordpress\/ -->\n<title>Lizenzen - Pensum Group<\/title>\n<meta name=\"robots\" content=\"index, follow, max-snippet:-1, max-image-preview:large, max-video-preview:-1\" \/>\n<link rel=\"canonical\" href=\"https:\/\/pensumgroup.no\/de\/lizenzen\/\" \/>\n<meta property=\"og:locale\" content=\"de_DE\" \/>\n<meta property=\"og:type\" content=\"article\" \/>\n<meta property=\"og:title\" content=\"Lizenzen - Pensum Group\" \/>\n<meta property=\"og:description\" content=\"Lizenzen Unsere Lizenzen Pensum Asset Management AS steht unter der Aufsicht der norwegischen Finanzaufsichtsbeh\u00f6rde und hat eine Lizenz f\u00fcr grenz\u00fcberschreitende Gesch\u00e4fte in Schweden, D\u00e4nemark, Island, Luxemburg, Spanien, Frankreich, Deutschland und \u00d6sterreich. Wertpapierdienstleistungen, vphl. \u00a7 2-1 (1) Nr. 1: Entgegennahme und Weiterleitung von Auftr\u00e4gen im Namen des Kunden in Verbindung mit einem oder mehreren Finanzinstrumenten im [&hellip;]\" \/>\n<meta property=\"og:url\" content=\"https:\/\/pensumgroup.no\/de\/lizenzen\/\" \/>\n<meta property=\"og:site_name\" content=\"Pensum Group\" \/>\n<meta property=\"article:modified_time\" content=\"2023-03-13T11:57:09+00:00\" \/>\n<meta name=\"twitter:card\" content=\"summary_large_image\" \/>\n<meta name=\"twitter:label1\" content=\"Gesch\u00e4tzte Lesezeit\" \/>\n\t<meta name=\"twitter:data1\" content=\"1\u00a0Minute\" \/>\n<script type=\"application\/ld+json\" class=\"yoast-schema-graph\">{\"@context\":\"https:\\\/\\\/schema.org\",\"@graph\":[{\"@type\":\"WebPage\",\"@id\":\"https:\\\/\\\/pensumgroup.no\\\/de\\\/lizenzen\\\/\",\"url\":\"https:\\\/\\\/pensumgroup.no\\\/de\\\/lizenzen\\\/\",\"name\":\"Lizenzen - Pensum Group\",\"isPartOf\":{\"@id\":\"https:\\\/\\\/pensumgroup.no\\\/de\\\/#website\"},\"datePublished\":\"2021-03-22T12:07:09+00:00\",\"dateModified\":\"2023-03-13T11:57:09+00:00\",\"breadcrumb\":{\"@id\":\"https:\\\/\\\/pensumgroup.no\\\/de\\\/lizenzen\\\/#breadcrumb\"},\"inLanguage\":\"de\",\"potentialAction\":[{\"@type\":\"ReadAction\",\"target\":[\"https:\\\/\\\/pensumgroup.no\\\/de\\\/lizenzen\\\/\"]}]},{\"@type\":\"BreadcrumbList\",\"@id\":\"https:\\\/\\\/pensumgroup.no\\\/de\\\/lizenzen\\\/#breadcrumb\",\"itemListElement\":[{\"@type\":\"ListItem\",\"position\":1,\"name\":\"Forside\",\"item\":\"https:\\\/\\\/pensumgroup.no\\\/de\\\/\"},{\"@type\":\"ListItem\",\"position\":2,\"name\":\"Lizenzen\"}]},{\"@type\":\"WebSite\",\"@id\":\"https:\\\/\\\/pensumgroup.no\\\/de\\\/#website\",\"url\":\"https:\\\/\\\/pensumgroup.no\\\/de\\\/\",\"name\":\"Pensum Group\",\"description\":\"\",\"publisher\":{\"@id\":\"https:\\\/\\\/pensumgroup.no\\\/de\\\/#organization\"},\"potentialAction\":[{\"@type\":\"SearchAction\",\"target\":{\"@type\":\"EntryPoint\",\"urlTemplate\":\"https:\\\/\\\/pensumgroup.no\\\/de\\\/?s={search_term_string}\"},\"query-input\":{\"@type\":\"PropertyValueSpecification\",\"valueRequired\":true,\"valueName\":\"search_term_string\"}}],\"inLanguage\":\"de\"},{\"@type\":\"Organization\",\"@id\":\"https:\\\/\\\/pensumgroup.no\\\/de\\\/#organization\",\"name\":\"Pensum Group\",\"url\":\"https:\\\/\\\/pensumgroup.no\\\/de\\\/\",\"logo\":{\"@type\":\"ImageObject\",\"inLanguage\":\"de\",\"@id\":\"https:\\\/\\\/pensumgroup.no\\\/de\\\/#\\\/schema\\\/logo\\\/image\\\/\",\"url\":\"https:\\\/\\\/pensumgroup.no\\\/wp-content\\\/uploads\\\/2021\\\/06\\\/cropped-Pensum-Logo-2021-Bredde-Lys-bla\u2560e.png\",\"contentUrl\":\"https:\\\/\\\/pensumgroup.no\\\/wp-content\\\/uploads\\\/2021\\\/06\\\/cropped-Pensum-Logo-2021-Bredde-Lys-bla\u2560e.png\",\"width\":462,\"height\":176,\"caption\":\"Pensum Group\"},\"image\":{\"@id\":\"https:\\\/\\\/pensumgroup.no\\\/de\\\/#\\\/schema\\\/logo\\\/image\\\/\"}}]}<\/script>\n<!-- \/ Yoast SEO plugin. -->","yoast_head_json":{"title":"Lizenzen - Pensum Group","robots":{"index":"index","follow":"follow","max-snippet":"max-snippet:-1","max-image-preview":"max-image-preview:large","max-video-preview":"max-video-preview:-1"},"canonical":"https:\/\/pensumgroup.no\/de\/lizenzen\/","og_locale":"de_DE","og_type":"article","og_title":"Lizenzen - Pensum Group","og_description":"Lizenzen Unsere Lizenzen Pensum Asset Management AS steht unter der Aufsicht der norwegischen Finanzaufsichtsbeh\u00f6rde und hat eine Lizenz f\u00fcr grenz\u00fcberschreitende Gesch\u00e4fte in Schweden, D\u00e4nemark, Island, Luxemburg, Spanien, Frankreich, Deutschland und \u00d6sterreich. Wertpapierdienstleistungen, vphl. \u00a7 2-1 (1) Nr. 1: Entgegennahme und Weiterleitung von Auftr\u00e4gen im Namen des Kunden in Verbindung mit einem oder mehreren Finanzinstrumenten im [&hellip;]","og_url":"https:\/\/pensumgroup.no\/de\/lizenzen\/","og_site_name":"Pensum Group","article_modified_time":"2023-03-13T11:57:09+00:00","twitter_card":"summary_large_image","twitter_misc":{"Gesch\u00e4tzte Lesezeit":"1\u00a0Minute"},"schema":{"@context":"https:\/\/schema.org","@graph":[{"@type":"WebPage","@id":"https:\/\/pensumgroup.no\/de\/lizenzen\/","url":"https:\/\/pensumgroup.no\/de\/lizenzen\/","name":"Lizenzen - Pensum Group","isPartOf":{"@id":"https:\/\/pensumgroup.no\/de\/#website"},"datePublished":"2021-03-22T12:07:09+00:00","dateModified":"2023-03-13T11:57:09+00:00","breadcrumb":{"@id":"https:\/\/pensumgroup.no\/de\/lizenzen\/#breadcrumb"},"inLanguage":"de","potentialAction":[{"@type":"ReadAction","target":["https:\/\/pensumgroup.no\/de\/lizenzen\/"]}]},{"@type":"BreadcrumbList","@id":"https:\/\/pensumgroup.no\/de\/lizenzen\/#breadcrumb","itemListElement":[{"@type":"ListItem","position":1,"name":"Forside","item":"https:\/\/pensumgroup.no\/de\/"},{"@type":"ListItem","position":2,"name":"Lizenzen"}]},{"@type":"WebSite","@id":"https:\/\/pensumgroup.no\/de\/#website","url":"https:\/\/pensumgroup.no\/de\/","name":"Pensum Group","description":"","publisher":{"@id":"https:\/\/pensumgroup.no\/de\/#organization"},"potentialAction":[{"@type":"SearchAction","target":{"@type":"EntryPoint","urlTemplate":"https:\/\/pensumgroup.no\/de\/?s={search_term_string}"},"query-input":{"@type":"PropertyValueSpecification","valueRequired":true,"valueName":"search_term_string"}}],"inLanguage":"de"},{"@type":"Organization","@id":"https:\/\/pensumgroup.no\/de\/#organization","name":"Pensum Group","url":"https:\/\/pensumgroup.no\/de\/","logo":{"@type":"ImageObject","inLanguage":"de","@id":"https:\/\/pensumgroup.no\/de\/#\/schema\/logo\/image\/","url":"https:\/\/pensumgroup.no\/wp-content\/uploads\/2021\/06\/cropped-Pensum-Logo-2021-Bredde-Lys-bla\u2560e.png","contentUrl":"https:\/\/pensumgroup.no\/wp-content\/uploads\/2021\/06\/cropped-Pensum-Logo-2021-Bredde-Lys-bla\u2560e.png","width":462,"height":176,"caption":"Pensum Group"},"image":{"@id":"https:\/\/pensumgroup.no\/de\/#\/schema\/logo\/image\/"}}]}},"_links":{"self":[{"href":"https:\/\/pensumgroup.no\/de\/wp-json\/wp\/v2\/pages\/7500","targetHints":{"allow":["GET"]}}],"collection":[{"href":"https:\/\/pensumgroup.no\/de\/wp-json\/wp\/v2\/pages"}],"about":[{"href":"https:\/\/pensumgroup.no\/de\/wp-json\/wp\/v2\/types\/page"}],"author":[{"embeddable":true,"href":"https:\/\/pensumgroup.no\/de\/wp-json\/wp\/v2\/users\/1"}],"replies":[{"embeddable":true,"href":"https:\/\/pensumgroup.no\/de\/wp-json\/wp\/v2\/comments?post=7500"}],"version-history":[{"count":3,"href":"https:\/\/pensumgroup.no\/de\/wp-json\/wp\/v2\/pages\/7500\/revisions"}],"predecessor-version":[{"id":7503,"href":"https:\/\/pensumgroup.no\/de\/wp-json\/wp\/v2\/pages\/7500\/revisions\/7503"}],"wp:attachment":[{"href":"https:\/\/pensumgroup.no\/de\/wp-json\/wp\/v2\/media?parent=7500"}],"curies":[{"name":"wp","href":"https:\/\/api.w.org\/{rel}","templated":true}]}}