{"id":7510,"date":"2022-09-26T12:16:10","date_gmt":"2022-09-26T10:16:10","guid":{"rendered":"https:\/\/pensumgroup.no\/nachhaltigkeit\/"},"modified":"2023-03-16T17:17:42","modified_gmt":"2023-03-16T16:17:42","slug":"nachhaltigkeit","status":"publish","type":"page","link":"https:\/\/pensumgroup.no\/de\/nachhaltigkeit\/","title":{"rendered":"Nachhaltigkeit"},"content":{"rendered":"\t\t<div data-elementor-type=\"wp-page\" data-elementor-id=\"7510\" class=\"elementor elementor-7510 elementor-3841\" data-elementor-post-type=\"page\">\n\t\t\t\t\t\t<section class=\"elementor-section elementor-top-section elementor-element elementor-element-7cbac9e elementor-section-height-min-height elementor-section-content-middle elementor-section-boxed elementor-section-height-default elementor-section-items-middle\" data-id=\"7cbac9e\" data-element_type=\"section\" data-e-type=\"section\" data-settings=\"{&quot;background_background&quot;:&quot;classic&quot;}\">\n\t\t\t\t\t\t\t<div class=\"elementor-background-overlay\"><\/div>\n\t\t\t\t\t\t\t<div class=\"elementor-container elementor-column-gap-default\">\n\t\t\t\t\t<div class=\"elementor-column elementor-col-50 elementor-top-column elementor-element elementor-element-249f3c87\" data-id=\"249f3c87\" data-element_type=\"column\" data-e-type=\"column\">\n\t\t\t<div class=\"elementor-widget-wrap elementor-element-populated\">\n\t\t\t\t\t\t<div class=\"elementor-element elementor-element-2b229b38 elementor-widget elementor-widget-heading\" data-id=\"2b229b38\" data-element_type=\"widget\" data-e-type=\"widget\" data-widget_type=\"heading.default\">\n\t\t\t\t<div class=\"elementor-widget-container\">\n\t\t\t\t\t<h2 class=\"elementor-heading-title elementor-size-default\">Nachhaltigkeit<\/h2>\t\t\t\t<\/div>\n\t\t\t\t<\/div>\n\t\t\t\t\t<\/div>\n\t\t<\/div>\n\t\t\t\t<div class=\"elementor-column elementor-col-50 elementor-top-column elementor-element elementor-element-15445555\" data-id=\"15445555\" data-element_type=\"column\" data-e-type=\"column\">\n\t\t\t<div class=\"elementor-widget-wrap elementor-element-populated\">\n\t\t\t\t\t\t<div class=\"elementor-element elementor-element-76751ad8 elementor-align-right elementor-widget elementor-widget-breadcrumbs\" data-id=\"76751ad8\" data-element_type=\"widget\" data-e-type=\"widget\" data-widget_type=\"breadcrumbs.default\">\n\t\t\t\t<div class=\"elementor-widget-container\">\n\t\t\t\t\t<p id=\"breadcrumbs\"><span><span><a href=\"https:\/\/pensumgroup.no\/de\/\">Forside<\/a><\/span><\/span><\/p>\t\t\t\t<\/div>\n\t\t\t\t<\/div>\n\t\t\t\t\t<\/div>\n\t\t<\/div>\n\t\t\t\t\t<\/div>\n\t\t<\/section>\n\t\t\t\t<section class=\"elementor-section elementor-top-section elementor-element elementor-element-2127f588 elementor-section-boxed elementor-section-height-default elementor-section-height-default\" data-id=\"2127f588\" data-element_type=\"section\" data-e-type=\"section\">\n\t\t\t\t\t\t<div class=\"elementor-container elementor-column-gap-default\">\n\t\t\t\t\t<div class=\"elementor-column elementor-col-100 elementor-top-column elementor-element elementor-element-23c8a63b\" data-id=\"23c8a63b\" data-element_type=\"column\" data-e-type=\"column\">\n\t\t\t<div class=\"elementor-widget-wrap elementor-element-populated\">\n\t\t\t\t\t\t<div class=\"elementor-element elementor-element-7cbc6e70 elementor-widget elementor-widget-heading\" data-id=\"7cbc6e70\" data-element_type=\"widget\" data-e-type=\"widget\" data-widget_type=\"heading.default\">\n\t\t\t\t<div class=\"elementor-widget-container\">\n\t\t\t\t\t<h2 class=\"elementor-heading-title elementor-size-default\"><br>Leitlinien f\u00fcr Nachhaltigkeit bei Pensum Asset Management AS<\/h2>\t\t\t\t<\/div>\n\t\t\t\t<\/div>\n\t\t\t\t<div class=\"elementor-element elementor-element-cce4708 elementor-widget elementor-widget-text-editor\" data-id=\"cce4708\" data-element_type=\"widget\" data-e-type=\"widget\" data-widget_type=\"text-editor.default\">\n\t\t\t\t<div class=\"elementor-widget-container\">\n\t\t\t\t\t\t\t\t\t<p style=\"text-align: right;\">02. M\u00e4rz 2023<\/p>\n\t\t\t\t\t\t\t\t<\/div>\n\t\t\t\t<\/div>\n\t\t\t\t<div class=\"elementor-element elementor-element-c993a61 elementor-widget elementor-widget-text-editor\" data-id=\"c993a61\" data-element_type=\"widget\" data-e-type=\"widget\" data-widget_type=\"text-editor.default\">\n\t\t\t\t<div class=\"elementor-widget-container\">\n\t\t\t\t\t\t\t\t\t<p><strong>ESG &#8211; HINTERGRUND UND ZWECK<\/strong><\/p><p>In den letzten Jahren haben ESG und Nachhaltigkeit an den Finanzm\u00e4rkten zunehmend an Bedeutung gewonnen. ESG steht f\u00fcr Umwelt, Governance und Soziales:<\/p><p><em><strong>Bei Umwelt<\/strong><\/em>geht es um Nachhaltigkeitsziele, die sich auf etablierte internationale Ziele beziehen, die aus dem Pariser Abkommen und den Nachhaltigkeitszielen der UNO stammen.<\/p><p><em><strong>Bei den sozialen Aspekten<\/strong><\/em>geht es vor allem um Anforderungen an Arbeitsbedingungen, Menschenrechte, Gesundheits-, Umwelt- und Sicherheitsaspekte, Antidiskriminierung usw.<\/p><p><em><strong>Bei der Governance<\/strong><\/em>geht es um gute Managementpraktiken und Aktion\u00e4rsrechte in Unternehmen, in die investiert werden soll.<\/p><p>Die EU hat sich daf\u00fcr entschieden, dies durch \u00c4nderungen in den sektoralen Rechtsvorschriften f\u00fcr regulierte Unternehmen im Finanzsektor und in den Vorschriften f\u00fcr die Berichterstattung \u00fcber nichtfinanzielle Informationen f\u00fcr Unternehmen durch die SFDR-Verordnung bzw. die Taxonomieverordnung zu regeln. Die \u00c4nderungen im norwegischen Recht werden entsprechend \u00fcber die Klassifizierungsverordnung und die Ver\u00f6ffentlichungsverordnung durchgef\u00fchrt.<\/p><p><strong>ESG IN PENSUM ASSET MANAGEMENT AS<br \/><\/strong><\/p><p><strong>Verantwortungsvolle Investments und Nachhaltigkeit<br \/><\/strong> Pensum Asset Management AS ist bestrebt, Nachhaltigkeitsrisiken beim Portfoliomanagement und bei der Anlageberatung f\u00fcr Kunden zu ber\u00fccksichtigen.<\/p><p>Nachhaltigkeitsrisiko bedeutet in diesem Zusammenhang das Risiko von umwelt-, sozial- oder governancebezogenen Ereignissen oder Umst\u00e4nden, die einen tats\u00e4chlichen oder potenziell erheblichen negativen Einfluss auf den Wert der Anlage haben k\u00f6nnen. Nachhaltigkeitsfaktoren sind umwelt-, sozial- und arbeitnehmerbezogene Bedingungen sowie Bedingungen, die die Menschenrechte und den Kampf gegen Korruption und Bestechung betreffen.<\/p><p>Pensum Asset Management AS ist bestrebt, in Unternehmen zu investieren und sie zu beraten, die \u00fcber eine hohe Qualit\u00e4t der Verwaltung und Kontrolle sowie \u00fcber eine gute Qualit\u00e4t der Gesch\u00e4ftst\u00e4tigkeit und des Managements verf\u00fcgen. Die Unternehmen sollten sich auf ethische Fragen konzentrieren und eine Wertebasis f\u00fcr das Gesch\u00e4ft haben, die den Richtlinien entspricht. Die Unternehmen sollten sich auf ethische Fragen konzentrieren und eine Wertebasis f\u00fcr das Gesch\u00e4ft haben, die mit den Richtlinien \u00fcbereinstimmt. Das bedeutet, dass Pensum Asset Management AS versucht, soziale Bedingungen, einschlie\u00dflich Arbeitsbedingungen, Menschenrechte, Gesundheits-, Umwelt- und Sicherheitsbelange, Antidiskriminierung und gute Managementpraktiken zu ber\u00fccksichtigen, wenn Anlageentscheidungen zu treffen sind und Anlageberatung erbracht wird, aber bei der Aus\u00fcbung von Verm\u00f6gensverwaltungs- oder Beratungsdienstleistungen nicht daran gebunden ist.<\/p><p>Pensum Asset Management AS wird das Nachhaltigkeitsrisiko bei seinen Anlageentscheidungen ber\u00fccksichtigen, ohne dass das Unternehmen, die Portfolios oder Fonds \u00f6kologische oder soziale Merkmale f\u00f6rdern oder nachhaltige Anlagen als vorrangiges Ziel haben. Das Nachhaltigkeitsrisiko wird zusammen mit anderen Arten von Risiken im Zusammenhang mit den verschiedenen get\u00e4tigten Investitionen bewertet. Die potenziellen Ertr\u00e4ge der Anlagen werden gegen das eingegangene Risiko abgewogen, und das Unternehmen wird nachhaltige Anlagen nicht gegen\u00fcber anderen Anlagen mit einer besseren risikobereinigten Rendite bevorzugen.<\/p><p>Pensum Asset Management AS ber\u00fccksichtigt derzeit keine negativen Folgen von Anlageentscheidungen f\u00fcr Nachhaltigkeitsfaktoren auf Unternehmensebene. Verwaltete Einzelfonds oder einzelne Portfolios k\u00f6nnen negative Folgen f\u00fcr Nachhaltigkeitsfaktoren auf Produktebene ber\u00fccksichtigen, aber das Unternehmen m\u00f6chte die Entwicklung der Vorschriften und die Verf\u00fcgbarkeit von Informationen beobachten, bevor es eine Entscheidung \u00fcber die m\u00f6gliche Einbeziehung negativer Folgen f\u00fcr Nachhaltigkeitsfaktoren auf Unternehmensebene trifft. Diese Position wird mindestens j\u00e4hrlich bewertet.<\/p><p>Pensum Asset Management AS wird das Nachhaltigkeitsrisiko bei der Anlageberatung in der gleichen Weise ber\u00fccksichtigen, wie andere Risiken bei den einzelnen Produkten bewertet werden. Das Unternehmen wird die Nachhaltigkeitspr\u00e4ferenzen der Kunden im Zusammenhang mit dem Portfoliomanagement und der Anlageberatung erfassen und diese Pr\u00e4ferenzen bei der Erbringung von Anlagedienstleistungen und der Auswahl von Produkten f\u00fcr den einzelnen Kunden so weit wie m\u00f6glich ber\u00fccksichtigen.<\/p><p>Pensum Asset Management AS ber\u00fccksichtigt derzeit keine negativen Auswirkungen der Anlageberatung auf Nachhaltigkeitsfaktoren auf Unternehmensebene und hat keine eigenst\u00e4ndigen Nachhaltigkeitskriterien bei der Bewertung der Produktpalette etabliert.<\/p><p><strong>Ausschluss &#8211; Kapitalanlagen<\/strong><\/p><p>Pensum Asset Management ist bestrebt, Unternehmen, die zur Verletzung grundlegender ethischer Normen beitragen (oder beigetragen haben), die bestimmte Arten von Waffen produzieren oder deren Gesch\u00e4ftst\u00e4tigkeit auf der Produktion von Kohle, Tabak oder \u00e4hnlichem beruht, so weit wie m\u00f6glich auszuschlie\u00dfen (siehe Liste unten f\u00fcr einen umfassenden \u00dcberblick).<br \/>Pensum Asset Management orientiert sich an der Ausschlussliste des staatlichen Pensionsfonds von Norwegen, die vom Vorstand der Norges Bank auf der Grundlage von Beitr\u00e4gen des Ethikrates des Fonds beschlossen wird, wenn sie Unternehmen ausschlie\u00dft.<\/p><p>Pensum Asset Management ist bestrebt, Unternehmen zu meiden und in sie zu investieren, die zu Folgendem beitragen:<br \/>\u2022 schwerwiegenden oder systematischen Menschenrechtsverletzungen<br \/>\u2022 Schwere Umweltsch\u00e4den<br \/>\u2022 Schwere Verletzungen der Rechte von Personen in Kriegen und Konflikten<br \/>\u2022 Korruption<br \/>\u2022 Andere schwerwiegende Verst\u00f6\u00dfe gegen grundlegende ethische Normen<br \/>\u2022 Unannehmbare Treibhausgasemissionen<br \/>\u2022 Herstellung von Waffenarten, Streumunition, Atomwaffen und Antipersonenminen<br \/>\u2022 Herstellung von Tabak<br \/>\u2022 Verkauf von Milit\u00e4rg\u00fctern an bestimmte Staaten<br \/>\u2022 Herstellung von Pornografie<\/p><p>Die von Pensum Asset Management verwalteten Fonds k\u00f6nnen ihre eigenen Richtlinien haben, die f\u00fcr jeden einzelnen Fonds spezifisch sind. Informationen zu den Richtlinien der Fonds finden Sie in den Informationsmaterialien zu den einzelnen Fonds.<\/p><p><strong>Nachhaltigkeit und Verg\u00fctungsrichtlinien<\/strong><br \/>Pensum Asset Management AS hat Richtlinien f\u00fcr die Verg\u00fctung, die die langfristige Verantwortung der Mitarbeiter und des Unternehmens f\u00f6rdern sollen. Die Richtlinien sollen eine ausreichende F\u00fchrung und Kontrolle f\u00f6rdern und einer hohen Risikobereitschaft sowie Interessenkonflikten zwischen Pensum und den Kunden von Pensum entgegenwirken. Nachhaltigkeit ist ein integraler Bestandteil der Verg\u00fctungsrichtlinien, und einer hohen Risikobereitschaft im Bereich der Nachhaltigkeit muss im Einklang mit anderen Risiken, denen das Unternehmen ausgesetzt ist, entgegengewirkt werden.<\/p><p><strong>Weiterverfolgung und Kontrolle der Leitlinien<\/strong><br \/>Der Vorstand von Pensum Asset Management AS tr\u00e4gt die letztendliche Verantwortung f\u00fcr das Gesch\u00e4ft, einschlie\u00dflich der Unternehmensstrategie und der Nachhaltigkeitsrichtlinien.<\/p><p>Die Compliance-Funktion im Unternehmen muss die Einhaltung der Nachhaltigkeitsrichtlinien kontrollieren, einschlie\u00dflich des notwendigen Ausschlusses von Unternehmen.<\/p><p><strong>Mehr \u00fcber die Vorschriften und die Nachhaltigkeit<\/strong><br \/>Nachhaltigkeit steht im Mittelpunkt, und ein wichtiges Mittel zur Erreichung des Ziels des Pariser Abkommens, bis 2050 klimaneutral zu sein, besteht darin, privates Kapital in nachhaltige Investitionen zu lenken. Als Ma\u00dfnahme zur Erreichung dieses Ziels hat die EU einen umfassenden Rechtsrahmen f\u00fcr nachhaltige Finanzen verabschiedet. Ein wichtiger Teil dieser Verordnung ist die sogenannte Taxonomie. Der Zweck der Taxonomie ist es, ein gemeinsames Verst\u00e4ndnis dar\u00fcber zu schaffen, welche wirtschaftlichen Aktivit\u00e4ten und Investitionen im Einklang mit den langfristigen Klima- und Umweltzielen der EU als nachhaltig angesehen werden k\u00f6nnen.<\/p><p>Damit eine Wirtschaftst\u00e4tigkeit als \u00f6kologisch nachhaltig im Sinne der Taxonomie definiert werden kann, muss sie:<\/p><p>\u2022 einen wesentlichen Beitrag zur Erreichung von mindestens einem der sechs Umweltziele leisten<br \/>\u2022 Keines der anderen Umweltziele darf wesentlich beeintr\u00e4chtigt werden<br \/>\u2022 Mindestanforderungen an soziale Rechte erf\u00fcllen<br \/>\u2022 weitere definierte technische Kriterien erf\u00fcllen<\/p><p>Die sechs Umweltziele sind:<\/p><p>\u2022 Begrenzung des Klimawandels (Reduzierung der Treibhausgasemissionen)<br \/>\u2022 Klimaanpassung (Ergreifen von Ma\u00dfnahmen zur Vermeidung\/Verminderung von Sch\u00e4den im Zusammenhang mit dem Klimawandel)<br \/>\u2022 Nachhaltige Nutzung und Schutz der Wasser- und Meeresressourcen<br \/>\u2022 \u00dcbergang zu einer Kreislaufwirtschaft<br \/>\u2022 Vermeidung und Begrenzung der Umweltverschmutzung<br \/>\u2022 Schutz und Wiederherstellung der biologischen Vielfalt und der \u00d6kosysteme<\/p>\t\t\t\t\t\t\t\t<\/div>\n\t\t\t\t<\/div>\n\t\t\t\t\t<\/div>\n\t\t<\/div>\n\t\t\t\t\t<\/div>\n\t\t<\/section>\n\t\t\t\t<\/div>\n\t\t","protected":false},"excerpt":{"rendered":"<p>Nachhaltigkeit Leitlinien f\u00fcr Nachhaltigkeit bei Pensum Asset Management AS 02. M\u00e4rz 2023 ESG &#8211; HINTERGRUND UND ZWECK In den letzten Jahren haben ESG und Nachhaltigkeit an den Finanzm\u00e4rkten zunehmend an Bedeutung gewonnen. ESG steht f\u00fcr Umwelt, Governance und Soziales: Bei Umweltgeht es um Nachhaltigkeitsziele, die sich auf etablierte internationale Ziele beziehen, die aus dem Pariser [&hellip;]<\/p>\n","protected":false},"author":2,"featured_media":0,"parent":0,"menu_order":0,"comment_status":"closed","ping_status":"closed","template":"","meta":{"_acf_changed":false,"footnotes":""},"class_list":["post-7510","page","type-page","status-publish","hentry"],"acf":[],"yoast_head":"<!-- This site is optimized with the Yoast SEO plugin v27.4 - https:\/\/yoast.com\/product\/yoast-seo-wordpress\/ -->\n<title>Nachhaltigkeit - Pensum Group<\/title>\n<meta name=\"robots\" content=\"index, follow, max-snippet:-1, max-image-preview:large, max-video-preview:-1\" \/>\n<link rel=\"canonical\" href=\"https:\/\/pensumgroup.no\/de\/nachhaltigkeit\/\" \/>\n<meta property=\"og:locale\" content=\"de_DE\" \/>\n<meta property=\"og:type\" content=\"article\" \/>\n<meta property=\"og:title\" content=\"Nachhaltigkeit - Pensum Group\" \/>\n<meta property=\"og:description\" content=\"Nachhaltigkeit Leitlinien f\u00fcr Nachhaltigkeit bei Pensum Asset Management AS 02. M\u00e4rz 2023 ESG &#8211; HINTERGRUND UND ZWECK In den letzten Jahren haben ESG und Nachhaltigkeit an den Finanzm\u00e4rkten zunehmend an Bedeutung gewonnen. ESG steht f\u00fcr Umwelt, Governance und Soziales: Bei Umweltgeht es um Nachhaltigkeitsziele, die sich auf etablierte internationale Ziele beziehen, die aus dem Pariser [&hellip;]\" \/>\n<meta property=\"og:url\" content=\"https:\/\/pensumgroup.no\/de\/nachhaltigkeit\/\" \/>\n<meta property=\"og:site_name\" content=\"Pensum Group\" \/>\n<meta property=\"article:modified_time\" content=\"2023-03-16T16:17:42+00:00\" \/>\n<meta name=\"twitter:card\" content=\"summary_large_image\" \/>\n<meta name=\"twitter:label1\" content=\"Gesch\u00e4tzte Lesezeit\" \/>\n\t<meta name=\"twitter:data1\" content=\"6\u00a0Minuten\" \/>\n<script type=\"application\/ld+json\" class=\"yoast-schema-graph\">{\"@context\":\"https:\\\/\\\/schema.org\",\"@graph\":[{\"@type\":\"WebPage\",\"@id\":\"https:\\\/\\\/pensumgroup.no\\\/de\\\/nachhaltigkeit\\\/\",\"url\":\"https:\\\/\\\/pensumgroup.no\\\/de\\\/nachhaltigkeit\\\/\",\"name\":\"Nachhaltigkeit - Pensum Group\",\"isPartOf\":{\"@id\":\"https:\\\/\\\/pensumgroup.no\\\/de\\\/#website\"},\"datePublished\":\"2022-09-26T10:16:10+00:00\",\"dateModified\":\"2023-03-16T16:17:42+00:00\",\"breadcrumb\":{\"@id\":\"https:\\\/\\\/pensumgroup.no\\\/de\\\/nachhaltigkeit\\\/#breadcrumb\"},\"inLanguage\":\"de\",\"potentialAction\":[{\"@type\":\"ReadAction\",\"target\":[\"https:\\\/\\\/pensumgroup.no\\\/de\\\/nachhaltigkeit\\\/\"]}]},{\"@type\":\"BreadcrumbList\",\"@id\":\"https:\\\/\\\/pensumgroup.no\\\/de\\\/nachhaltigkeit\\\/#breadcrumb\",\"itemListElement\":[{\"@type\":\"ListItem\",\"position\":1,\"name\":\"Forside\",\"item\":\"https:\\\/\\\/pensumgroup.no\\\/de\\\/\"},{\"@type\":\"ListItem\",\"position\":2,\"name\":\"Nachhaltigkeit\"}]},{\"@type\":\"WebSite\",\"@id\":\"https:\\\/\\\/pensumgroup.no\\\/de\\\/#website\",\"url\":\"https:\\\/\\\/pensumgroup.no\\\/de\\\/\",\"name\":\"Pensum Group\",\"description\":\"\",\"publisher\":{\"@id\":\"https:\\\/\\\/pensumgroup.no\\\/de\\\/#organization\"},\"potentialAction\":[{\"@type\":\"SearchAction\",\"target\":{\"@type\":\"EntryPoint\",\"urlTemplate\":\"https:\\\/\\\/pensumgroup.no\\\/de\\\/?s={search_term_string}\"},\"query-input\":{\"@type\":\"PropertyValueSpecification\",\"valueRequired\":true,\"valueName\":\"search_term_string\"}}],\"inLanguage\":\"de\"},{\"@type\":\"Organization\",\"@id\":\"https:\\\/\\\/pensumgroup.no\\\/de\\\/#organization\",\"name\":\"Pensum Group\",\"url\":\"https:\\\/\\\/pensumgroup.no\\\/de\\\/\",\"logo\":{\"@type\":\"ImageObject\",\"inLanguage\":\"de\",\"@id\":\"https:\\\/\\\/pensumgroup.no\\\/de\\\/#\\\/schema\\\/logo\\\/image\\\/\",\"url\":\"https:\\\/\\\/pensumgroup.no\\\/wp-content\\\/uploads\\\/2021\\\/06\\\/cropped-Pensum-Logo-2021-Bredde-Lys-bla\u2560e.png\",\"contentUrl\":\"https:\\\/\\\/pensumgroup.no\\\/wp-content\\\/uploads\\\/2021\\\/06\\\/cropped-Pensum-Logo-2021-Bredde-Lys-bla\u2560e.png\",\"width\":462,\"height\":176,\"caption\":\"Pensum Group\"},\"image\":{\"@id\":\"https:\\\/\\\/pensumgroup.no\\\/de\\\/#\\\/schema\\\/logo\\\/image\\\/\"}}]}<\/script>\n<!-- \/ Yoast SEO plugin. -->","yoast_head_json":{"title":"Nachhaltigkeit - Pensum Group","robots":{"index":"index","follow":"follow","max-snippet":"max-snippet:-1","max-image-preview":"max-image-preview:large","max-video-preview":"max-video-preview:-1"},"canonical":"https:\/\/pensumgroup.no\/de\/nachhaltigkeit\/","og_locale":"de_DE","og_type":"article","og_title":"Nachhaltigkeit - Pensum Group","og_description":"Nachhaltigkeit Leitlinien f\u00fcr Nachhaltigkeit bei Pensum Asset Management AS 02. M\u00e4rz 2023 ESG &#8211; HINTERGRUND UND ZWECK In den letzten Jahren haben ESG und Nachhaltigkeit an den Finanzm\u00e4rkten zunehmend an Bedeutung gewonnen. ESG steht f\u00fcr Umwelt, Governance und Soziales: Bei Umweltgeht es um Nachhaltigkeitsziele, die sich auf etablierte internationale Ziele beziehen, die aus dem Pariser [&hellip;]","og_url":"https:\/\/pensumgroup.no\/de\/nachhaltigkeit\/","og_site_name":"Pensum Group","article_modified_time":"2023-03-16T16:17:42+00:00","twitter_card":"summary_large_image","twitter_misc":{"Gesch\u00e4tzte Lesezeit":"6\u00a0Minuten"},"schema":{"@context":"https:\/\/schema.org","@graph":[{"@type":"WebPage","@id":"https:\/\/pensumgroup.no\/de\/nachhaltigkeit\/","url":"https:\/\/pensumgroup.no\/de\/nachhaltigkeit\/","name":"Nachhaltigkeit - Pensum Group","isPartOf":{"@id":"https:\/\/pensumgroup.no\/de\/#website"},"datePublished":"2022-09-26T10:16:10+00:00","dateModified":"2023-03-16T16:17:42+00:00","breadcrumb":{"@id":"https:\/\/pensumgroup.no\/de\/nachhaltigkeit\/#breadcrumb"},"inLanguage":"de","potentialAction":[{"@type":"ReadAction","target":["https:\/\/pensumgroup.no\/de\/nachhaltigkeit\/"]}]},{"@type":"BreadcrumbList","@id":"https:\/\/pensumgroup.no\/de\/nachhaltigkeit\/#breadcrumb","itemListElement":[{"@type":"ListItem","position":1,"name":"Forside","item":"https:\/\/pensumgroup.no\/de\/"},{"@type":"ListItem","position":2,"name":"Nachhaltigkeit"}]},{"@type":"WebSite","@id":"https:\/\/pensumgroup.no\/de\/#website","url":"https:\/\/pensumgroup.no\/de\/","name":"Pensum Group","description":"","publisher":{"@id":"https:\/\/pensumgroup.no\/de\/#organization"},"potentialAction":[{"@type":"SearchAction","target":{"@type":"EntryPoint","urlTemplate":"https:\/\/pensumgroup.no\/de\/?s={search_term_string}"},"query-input":{"@type":"PropertyValueSpecification","valueRequired":true,"valueName":"search_term_string"}}],"inLanguage":"de"},{"@type":"Organization","@id":"https:\/\/pensumgroup.no\/de\/#organization","name":"Pensum Group","url":"https:\/\/pensumgroup.no\/de\/","logo":{"@type":"ImageObject","inLanguage":"de","@id":"https:\/\/pensumgroup.no\/de\/#\/schema\/logo\/image\/","url":"https:\/\/pensumgroup.no\/wp-content\/uploads\/2021\/06\/cropped-Pensum-Logo-2021-Bredde-Lys-bla\u2560e.png","contentUrl":"https:\/\/pensumgroup.no\/wp-content\/uploads\/2021\/06\/cropped-Pensum-Logo-2021-Bredde-Lys-bla\u2560e.png","width":462,"height":176,"caption":"Pensum Group"},"image":{"@id":"https:\/\/pensumgroup.no\/de\/#\/schema\/logo\/image\/"}}]}},"_links":{"self":[{"href":"https:\/\/pensumgroup.no\/de\/wp-json\/wp\/v2\/pages\/7510","targetHints":{"allow":["GET"]}}],"collection":[{"href":"https:\/\/pensumgroup.no\/de\/wp-json\/wp\/v2\/pages"}],"about":[{"href":"https:\/\/pensumgroup.no\/de\/wp-json\/wp\/v2\/types\/page"}],"author":[{"embeddable":true,"href":"https:\/\/pensumgroup.no\/de\/wp-json\/wp\/v2\/users\/2"}],"replies":[{"embeddable":true,"href":"https:\/\/pensumgroup.no\/de\/wp-json\/wp\/v2\/comments?post=7510"}],"version-history":[{"count":9,"href":"https:\/\/pensumgroup.no\/de\/wp-json\/wp\/v2\/pages\/7510\/revisions"}],"predecessor-version":[{"id":7558,"href":"https:\/\/pensumgroup.no\/de\/wp-json\/wp\/v2\/pages\/7510\/revisions\/7558"}],"wp:attachment":[{"href":"https:\/\/pensumgroup.no\/de\/wp-json\/wp\/v2\/media?parent=7510"}],"curies":[{"name":"wp","href":"https:\/\/api.w.org\/{rel}","templated":true}]}}