{"id":8664,"date":"2021-03-22T12:56:16","date_gmt":"2021-03-22T11:56:16","guid":{"rendered":"https:\/\/pensumgroup.no\/investeringsradgivning\/"},"modified":"2023-03-24T15:25:26","modified_gmt":"2023-03-24T14:25:26","slug":"investeringsradgivning","status":"publish","type":"page","link":"https:\/\/pensumgroup.no\/sv\/investeringsradgivning\/","title":{"rendered":"Investeringsr\u00e5dgivning"},"content":{"rendered":"\t\t<div data-elementor-type=\"wp-page\" data-elementor-id=\"8664\" class=\"elementor elementor-8664 elementor-100\" data-elementor-post-type=\"page\">\n\t\t\t\t\t\t<section class=\"elementor-section elementor-top-section elementor-element elementor-element-d868c88 elementor-section-height-min-height elementor-section-content-middle elementor-section-boxed elementor-section-height-default elementor-section-items-middle\" data-id=\"d868c88\" data-element_type=\"section\" data-e-type=\"section\" data-settings=\"{&quot;background_background&quot;:&quot;classic&quot;}\">\n\t\t\t\t\t\t\t<div class=\"elementor-background-overlay\"><\/div>\n\t\t\t\t\t\t\t<div class=\"elementor-container elementor-column-gap-default\">\n\t\t\t\t\t<div class=\"elementor-column elementor-col-50 elementor-top-column elementor-element elementor-element-6ceae16\" data-id=\"6ceae16\" data-element_type=\"column\" data-e-type=\"column\">\n\t\t\t<div class=\"elementor-widget-wrap elementor-element-populated\">\n\t\t\t\t\t\t<div class=\"elementor-element elementor-element-d7f5b4a elementor-widget elementor-widget-heading\" data-id=\"d7f5b4a\" data-element_type=\"widget\" data-e-type=\"widget\" data-widget_type=\"heading.default\">\n\t\t\t\t<div class=\"elementor-widget-container\">\n\t\t\t\t\t<h2 class=\"elementor-heading-title elementor-size-default\">Investeringsr\u00e5dgivning<\/h2>\t\t\t\t<\/div>\n\t\t\t\t<\/div>\n\t\t\t\t\t<\/div>\n\t\t<\/div>\n\t\t\t\t<div class=\"elementor-column elementor-col-50 elementor-top-column elementor-element elementor-element-7ce94bd\" data-id=\"7ce94bd\" data-element_type=\"column\" data-e-type=\"column\">\n\t\t\t<div class=\"elementor-widget-wrap elementor-element-populated\">\n\t\t\t\t\t\t<div class=\"elementor-element elementor-element-e0f588c elementor-align-right elementor-widget elementor-widget-breadcrumbs\" data-id=\"e0f588c\" data-element_type=\"widget\" data-e-type=\"widget\" data-widget_type=\"breadcrumbs.default\">\n\t\t\t\t<div class=\"elementor-widget-container\">\n\t\t\t\t\t<p id=\"breadcrumbs\"><span><span><a href=\"https:\/\/pensumgroup.no\/sv\/\">Forside<\/a><\/span><\/span><\/p>\t\t\t\t<\/div>\n\t\t\t\t<\/div>\n\t\t\t\t\t<\/div>\n\t\t<\/div>\n\t\t\t\t\t<\/div>\n\t\t<\/section>\n\t\t\t\t<section class=\"elementor-section elementor-top-section elementor-element elementor-element-92f867f elementor-section-content-top elementor-section-boxed elementor-section-height-default elementor-section-height-default\" data-id=\"92f867f\" data-element_type=\"section\" data-e-type=\"section\">\n\t\t\t\t\t\t<div class=\"elementor-container elementor-column-gap-no\">\n\t\t\t\t\t<div class=\"elementor-column elementor-col-100 elementor-top-column elementor-element elementor-element-0f164e2\" data-id=\"0f164e2\" data-element_type=\"column\" data-e-type=\"column\">\n\t\t\t<div class=\"elementor-widget-wrap elementor-element-populated\">\n\t\t\t\t\t\t<div class=\"elementor-element elementor-element-7eae5bc elementor-widget elementor-widget-heading\" data-id=\"7eae5bc\" data-element_type=\"widget\" data-e-type=\"widget\" data-widget_type=\"heading.default\">\n\t\t\t\t<div class=\"elementor-widget-container\">\n\t\t\t\t\t<h2 class=\"elementor-heading-title elementor-size-default\">Kunden alltid f\u00f6rst!\n<\/h2>\t\t\t\t<\/div>\n\t\t\t\t<\/div>\n\t\t\t\t<div class=\"elementor-element elementor-element-a7e463a elementor-widget elementor-widget-text-editor\" data-id=\"a7e463a\" data-element_type=\"widget\" data-e-type=\"widget\" data-widget_type=\"text-editor.default\">\n\t\t\t\t<div class=\"elementor-widget-container\">\n\t\t\t\t\t\t\t\t\t<p>De r\u00e5dgivande r\u00e5den inneb\u00e4r att v\u00e5ra f\u00f6rvaltare f\u00f6resl\u00e5r f\u00f6r\u00e4ndringar i portf\u00f6ljen. Kunden best\u00e4mmer sedan om \u00e4ndringen ska genomf\u00f6ras eller inte.<\/p>\n<p>Att vara neutral genom arbetet med investeringsr\u00e5dgivning \u00e4r en f\u00f6ruts\u00e4ttning f\u00f6r att kunden ska kunna k\u00e4nna tillit till det arbete vi utf\u00f6r. Vi \u00e4r helt fria att alltid rekommendera kunden en investering som passar kunden b\u00e4st. Oavsett vem som \u00e4r leverant\u00f6r.&nbsp;<\/p><p>Som en oberoende akt\u00f6r p\u00e5 finansmarknaden anv\u00e4nder vi analyser av enskilda aktier, obligationer och fonder fr\u00e5n de b\u00e4sta f\u00f6rvaltningsmilj\u00f6erna i Norden och internationellt.<\/p>\n<p>P\u00e5 dagens marknad betalar de flesta kunder bara produktavgifter. R\u00e5dgivaren f\u00e5r normalt sin inkomst genom provisioner fr\u00e5n produktleverant\u00f6rerna. Vi ser en s\u00e5dan metodik som en fara att detta fr\u00e4mjar tj\u00e4nster och produkter som ger de h\u00f6gsta provisionerna.<\/p>\n<p>F\u00f6r dig som investerar \u00e4r detta s\u00e4rskilt negativt utifr\u00e5n 2 faktorer. Dels begr\u00e4nsar detta urvalet till endast produkter med h\u00f6ga returprovisioner, samt att de h\u00f6ga avgifterna absorberar den avkastning du ska ha som kund.<\/p>\n<p>Pensum tar emot betalning direkt fr\u00e5n v\u00e5ra kunder och anv\u00e4nder till stor del institutionella produkter, som har l\u00e5ga avgifter och ingen returprovision till r\u00e5dgivaren. Pensum tar emot betalning direkt fr\u00e5n v\u00e5ra kunder och anv\u00e4nder till stor del institutionella produkter, som har l\u00e5ga avgifter och ingen returprovision till r\u00e5dgivaren.<\/p>\t\t\t\t\t\t\t\t<\/div>\n\t\t\t\t<\/div>\n\t\t\t\t\t<\/div>\n\t\t<\/div>\n\t\t\t\t\t<\/div>\n\t\t<\/section>\n\t\t\t\t<section class=\"elementor-section elementor-top-section elementor-element elementor-element-4d5cd66c elementor-section-boxed elementor-section-height-default elementor-section-height-default\" data-id=\"4d5cd66c\" data-element_type=\"section\" data-e-type=\"section\">\n\t\t\t\t\t\t<div class=\"elementor-container elementor-column-gap-default\">\n\t\t\t\t\t<div class=\"elementor-column elementor-col-100 elementor-top-column elementor-element elementor-element-1e98a7a6\" data-id=\"1e98a7a6\" data-element_type=\"column\" data-e-type=\"column\">\n\t\t\t<div class=\"elementor-widget-wrap elementor-element-populated\">\n\t\t\t\t\t\t<section class=\"elementor-section elementor-inner-section elementor-element elementor-element-1e1de9c9 ignore-toc elementor-section-boxed elementor-section-height-default elementor-section-height-default\" data-id=\"1e1de9c9\" data-element_type=\"section\" data-e-type=\"section\" data-settings=\"{&quot;background_background&quot;:&quot;classic&quot;}\">\n\t\t\t\t\t\t<div class=\"elementor-container elementor-column-gap-default\">\n\t\t\t\t\t<div class=\"elementor-column elementor-col-100 elementor-inner-column elementor-element elementor-element-2b385f1b\" data-id=\"2b385f1b\" data-element_type=\"column\" data-e-type=\"column\">\n\t\t\t<div class=\"elementor-widget-wrap elementor-element-populated\">\n\t\t\t\t\t\t<div class=\"elementor-element elementor-element-3c9adb56 elementor-widget-divider--view-line_text elementor-widget-divider--element-align-right elementor-widget elementor-widget-divider\" data-id=\"3c9adb56\" data-element_type=\"widget\" data-e-type=\"widget\" data-widget_type=\"divider.default\">\n\t\t\t\t<div class=\"elementor-widget-container\">\n\t\t\t\t\t\t\t<div class=\"elementor-divider\">\n\t\t\t<span class=\"elementor-divider-separator\">\n\t\t\t\t\t\t\t<span class=\"elementor-divider__text elementor-divider__element\">\n\t\t\t\tF\u00e5 de senaste uppdateringarna\t\t\t\t<\/span>\n\t\t\t\t\t\t<\/span>\n\t\t<\/div>\n\t\t\t\t\t\t<\/div>\n\t\t\t\t<\/div>\n\t\t\t\t<div class=\"elementor-element elementor-element-3e447c3b ignore-toc elementor-widget elementor-widget-heading\" data-id=\"3e447c3b\" data-element_type=\"widget\" data-e-type=\"widget\" data-widget_type=\"heading.default\">\n\t\t\t\t<div class=\"elementor-widget-container\">\n\t\t\t\t\t<h2 class=\"elementor-heading-title elementor-size-default\">Anm\u00e4l dig till v\u00e5rt nyhetsbrev<\/h2>\t\t\t\t<\/div>\n\t\t\t\t<\/div>\n\t\t\t\t<div class=\"elementor-element elementor-element-55b2fc7e elementor-widget elementor-widget-text-editor\" data-id=\"55b2fc7e\" data-element_type=\"widget\" data-e-type=\"widget\" data-widget_type=\"text-editor.default\">\n\t\t\t\t<div class=\"elementor-widget-container\">\n\t\t\t\t\t\t\t\t\t<p>Ingen spam &#8211; bara nyheter fr\u00e5n Pensum<\/p>\n\t\t\t\t\t\t\t\t<\/div>\n\t\t\t\t<\/div>\n\t\t\t\t\t<\/div>\n\t\t<\/div>\n\t\t\t\t\t<\/div>\n\t\t<\/section>\n\t\t\t\t<section class=\"elementor-section elementor-inner-section elementor-element elementor-element-67e6ad3b elementor-section-boxed elementor-section-height-default elementor-section-height-default\" data-id=\"67e6ad3b\" data-element_type=\"section\" data-e-type=\"section\">\n\t\t\t\t\t\t<div class=\"elementor-container elementor-column-gap-default\">\n\t\t\t\t\t<div class=\"elementor-column elementor-col-100 elementor-inner-column elementor-element elementor-element-15eeaaa4\" data-id=\"15eeaaa4\" data-element_type=\"column\" data-e-type=\"column\">\n\t\t\t<div class=\"elementor-widget-wrap elementor-element-populated\">\n\t\t\t\t\t\t<div class=\"elementor-element elementor-element-5ec27973 elementor-widget elementor-widget-shortcode\" data-id=\"5ec27973\" data-element_type=\"widget\" data-e-type=\"widget\" data-widget_type=\"shortcode.default\">\n\t\t\t\t<div class=\"elementor-widget-container\">\n\t\t\t\t\t\t\t<div class=\"elementor-shortcode\"><script>(function() {\n\twindow.mc4wp = window.mc4wp || {\n\t\tlisteners: [],\n\t\tforms: {\n\t\t\ton: function(evt, cb) {\n\t\t\t\twindow.mc4wp.listeners.push(\n\t\t\t\t\t{\n\t\t\t\t\t\tevent   : evt,\n\t\t\t\t\t\tcallback: cb\n\t\t\t\t\t}\n\t\t\t\t);\n\t\t\t}\n\t\t}\n\t}\n})();\n<\/script><!-- Mailchimp for WordPress v4.12.2 - https:\/\/wordpress.org\/plugins\/mailchimp-for-wp\/ --><form id=\"mc4wp-form-1\" class=\"mc4wp-form mc4wp-form-1535\" method=\"post\" data-id=\"1535\" data-name=\"Nyhetsbrev\" ><div class=\"mc4wp-form-fields\"><p>\r\n    <label>Fornavn*<\/label>\r\n    <input type=\"text\" name=\"FNAME\" placeholder=\"Ditt fornavn\"\r\n    required=\"\">\r\n<\/p>\r\n<p>\r\n    <label>Etternavn*<\/label>\r\n    <input type=\"text\" name=\"LNAME\" placeholder=\"Ditt etternavn\"\r\n    required=\"\">\r\n<\/p>\r\n\r\n<p>\r\n\t<label>E-postadresse: *<\/label>\r\n\t\t<input type=\"email\" name=\"EMAIL\" placeholder=\"Din e-post\" required \/>\r\n<\/label>\r\n<\/p>\r\n\r\n<p>\r\n\t<input type=\"submit\" value=\"MOTTA NYHETSBREV\" \/>\r\n<\/p><\/div><label style=\"display: none !important;\">L\u00e5t detta f\u00e4lt vara tomt om du \u00e4r m\u00e4nniska: <input type=\"text\" name=\"_mc4wp_honeypot\" value=\"\" tabindex=\"-1\" autocomplete=\"off\" \/><\/label><input type=\"hidden\" name=\"_mc4wp_timestamp\" value=\"1777716353\" \/><input type=\"hidden\" name=\"_mc4wp_form_id\" value=\"1535\" \/><input type=\"hidden\" name=\"_mc4wp_form_element_id\" value=\"mc4wp-form-1\" \/><div class=\"mc4wp-response\"><\/div><\/form><!-- \/ Mailchimp for WordPress Plugin --><\/div>\n\t\t\t\t\t\t<\/div>\n\t\t\t\t<\/div>\n\t\t\t\t\t<\/div>\n\t\t<\/div>\n\t\t\t\t\t<\/div>\n\t\t<\/section>\n\t\t\t\t\t<\/div>\n\t\t<\/div>\n\t\t\t\t\t<\/div>\n\t\t<\/section>\n\t\t\t\t<\/div>\n\t\t","protected":false},"excerpt":{"rendered":"<p>Investeringsr\u00e5dgivning Kunden alltid f\u00f6rst! De r\u00e5dgivande r\u00e5den inneb\u00e4r att v\u00e5ra f\u00f6rvaltare f\u00f6resl\u00e5r f\u00f6r\u00e4ndringar i portf\u00f6ljen. Kunden best\u00e4mmer sedan om \u00e4ndringen ska genomf\u00f6ras eller inte. Att vara neutral genom arbetet med investeringsr\u00e5dgivning \u00e4r en f\u00f6ruts\u00e4ttning f\u00f6r att kunden ska kunna k\u00e4nna tillit till det arbete vi utf\u00f6r. Vi \u00e4r helt fria att alltid rekommendera kunden en [&hellip;]<\/p>\n","protected":false},"author":1,"featured_media":0,"parent":0,"menu_order":0,"comment_status":"closed","ping_status":"closed","template":"","meta":{"_acf_changed":false,"footnotes":""},"class_list":["post-8664","page","type-page","status-publish","hentry"],"acf":[],"yoast_head":"<!-- This site is optimized with the Yoast SEO plugin v27.5 - https:\/\/yoast.com\/product\/yoast-seo-wordpress\/ -->\n<title>Investeringsr\u00e5dgivning - Pensum Group<\/title>\n<meta name=\"robots\" content=\"index, follow, max-snippet:-1, max-image-preview:large, max-video-preview:-1\" \/>\n<link rel=\"canonical\" href=\"https:\/\/pensumgroup.no\/sv\/investeringsradgivning\/\" \/>\n<meta property=\"og:locale\" content=\"sv_SE\" \/>\n<meta property=\"og:type\" content=\"article\" \/>\n<meta property=\"og:title\" content=\"Investeringsr\u00e5dgivning - Pensum Group\" \/>\n<meta property=\"og:description\" content=\"Investeringsr\u00e5dgivning Kunden alltid f\u00f6rst! De r\u00e5dgivande r\u00e5den inneb\u00e4r att v\u00e5ra f\u00f6rvaltare f\u00f6resl\u00e5r f\u00f6r\u00e4ndringar i portf\u00f6ljen. Kunden best\u00e4mmer sedan om \u00e4ndringen ska genomf\u00f6ras eller inte. Att vara neutral genom arbetet med investeringsr\u00e5dgivning \u00e4r en f\u00f6ruts\u00e4ttning f\u00f6r att kunden ska kunna k\u00e4nna tillit till det arbete vi utf\u00f6r. Vi \u00e4r helt fria att alltid rekommendera kunden en [&hellip;]\" \/>\n<meta property=\"og:url\" content=\"https:\/\/pensumgroup.no\/sv\/investeringsradgivning\/\" \/>\n<meta property=\"og:site_name\" content=\"Pensum Group\" \/>\n<meta property=\"article:modified_time\" content=\"2023-03-24T14:25:26+00:00\" \/>\n<meta name=\"twitter:card\" content=\"summary_large_image\" \/>\n<meta name=\"twitter:label1\" content=\"Ber\u00e4knad l\u00e4stid\" \/>\n\t<meta name=\"twitter:data1\" content=\"1 minut\" \/>\n<script type=\"application\/ld+json\" class=\"yoast-schema-graph\">{\"@context\":\"https:\\\/\\\/schema.org\",\"@graph\":[{\"@type\":\"WebPage\",\"@id\":\"https:\\\/\\\/pensumgroup.no\\\/sv\\\/investeringsradgivning\\\/\",\"url\":\"https:\\\/\\\/pensumgroup.no\\\/sv\\\/investeringsradgivning\\\/\",\"name\":\"Investeringsr\u00e5dgivning - Pensum Group\",\"isPartOf\":{\"@id\":\"https:\\\/\\\/pensumgroup.no\\\/sv\\\/#website\"},\"datePublished\":\"2021-03-22T11:56:16+00:00\",\"dateModified\":\"2023-03-24T14:25:26+00:00\",\"breadcrumb\":{\"@id\":\"https:\\\/\\\/pensumgroup.no\\\/sv\\\/investeringsradgivning\\\/#breadcrumb\"},\"inLanguage\":\"sv-SE\",\"potentialAction\":[{\"@type\":\"ReadAction\",\"target\":[\"https:\\\/\\\/pensumgroup.no\\\/sv\\\/investeringsradgivning\\\/\"]}]},{\"@type\":\"BreadcrumbList\",\"@id\":\"https:\\\/\\\/pensumgroup.no\\\/sv\\\/investeringsradgivning\\\/#breadcrumb\",\"itemListElement\":[{\"@type\":\"ListItem\",\"position\":1,\"name\":\"Forside\",\"item\":\"https:\\\/\\\/pensumgroup.no\\\/sv\\\/\"},{\"@type\":\"ListItem\",\"position\":2,\"name\":\"Investeringsr\u00e5dgivning\"}]},{\"@type\":\"WebSite\",\"@id\":\"https:\\\/\\\/pensumgroup.no\\\/sv\\\/#website\",\"url\":\"https:\\\/\\\/pensumgroup.no\\\/sv\\\/\",\"name\":\"Pensum Group\",\"description\":\"\",\"publisher\":{\"@id\":\"https:\\\/\\\/pensumgroup.no\\\/sv\\\/#organization\"},\"potentialAction\":[{\"@type\":\"SearchAction\",\"target\":{\"@type\":\"EntryPoint\",\"urlTemplate\":\"https:\\\/\\\/pensumgroup.no\\\/sv\\\/?s={search_term_string}\"},\"query-input\":{\"@type\":\"PropertyValueSpecification\",\"valueRequired\":true,\"valueName\":\"search_term_string\"}}],\"inLanguage\":\"sv-SE\"},{\"@type\":\"Organization\",\"@id\":\"https:\\\/\\\/pensumgroup.no\\\/sv\\\/#organization\",\"name\":\"Pensum Group\",\"url\":\"https:\\\/\\\/pensumgroup.no\\\/sv\\\/\",\"logo\":{\"@type\":\"ImageObject\",\"inLanguage\":\"sv-SE\",\"@id\":\"https:\\\/\\\/pensumgroup.no\\\/sv\\\/#\\\/schema\\\/logo\\\/image\\\/\",\"url\":\"https:\\\/\\\/pensumgroup.no\\\/wp-content\\\/uploads\\\/2021\\\/06\\\/cropped-Pensum-Logo-2021-Bredde-Lys-bla\u2560e.png\",\"contentUrl\":\"https:\\\/\\\/pensumgroup.no\\\/wp-content\\\/uploads\\\/2021\\\/06\\\/cropped-Pensum-Logo-2021-Bredde-Lys-bla\u2560e.png\",\"width\":462,\"height\":176,\"caption\":\"Pensum Group\"},\"image\":{\"@id\":\"https:\\\/\\\/pensumgroup.no\\\/sv\\\/#\\\/schema\\\/logo\\\/image\\\/\"}}]}<\/script>\n<!-- \/ Yoast SEO plugin. -->","yoast_head_json":{"title":"Investeringsr\u00e5dgivning - Pensum Group","robots":{"index":"index","follow":"follow","max-snippet":"max-snippet:-1","max-image-preview":"max-image-preview:large","max-video-preview":"max-video-preview:-1"},"canonical":"https:\/\/pensumgroup.no\/sv\/investeringsradgivning\/","og_locale":"sv_SE","og_type":"article","og_title":"Investeringsr\u00e5dgivning - Pensum Group","og_description":"Investeringsr\u00e5dgivning Kunden alltid f\u00f6rst! De r\u00e5dgivande r\u00e5den inneb\u00e4r att v\u00e5ra f\u00f6rvaltare f\u00f6resl\u00e5r f\u00f6r\u00e4ndringar i portf\u00f6ljen. Kunden best\u00e4mmer sedan om \u00e4ndringen ska genomf\u00f6ras eller inte. Att vara neutral genom arbetet med investeringsr\u00e5dgivning \u00e4r en f\u00f6ruts\u00e4ttning f\u00f6r att kunden ska kunna k\u00e4nna tillit till det arbete vi utf\u00f6r. Vi \u00e4r helt fria att alltid rekommendera kunden en [&hellip;]","og_url":"https:\/\/pensumgroup.no\/sv\/investeringsradgivning\/","og_site_name":"Pensum Group","article_modified_time":"2023-03-24T14:25:26+00:00","twitter_card":"summary_large_image","twitter_misc":{"Ber\u00e4knad l\u00e4stid":"1 minut"},"schema":{"@context":"https:\/\/schema.org","@graph":[{"@type":"WebPage","@id":"https:\/\/pensumgroup.no\/sv\/investeringsradgivning\/","url":"https:\/\/pensumgroup.no\/sv\/investeringsradgivning\/","name":"Investeringsr\u00e5dgivning - Pensum Group","isPartOf":{"@id":"https:\/\/pensumgroup.no\/sv\/#website"},"datePublished":"2021-03-22T11:56:16+00:00","dateModified":"2023-03-24T14:25:26+00:00","breadcrumb":{"@id":"https:\/\/pensumgroup.no\/sv\/investeringsradgivning\/#breadcrumb"},"inLanguage":"sv-SE","potentialAction":[{"@type":"ReadAction","target":["https:\/\/pensumgroup.no\/sv\/investeringsradgivning\/"]}]},{"@type":"BreadcrumbList","@id":"https:\/\/pensumgroup.no\/sv\/investeringsradgivning\/#breadcrumb","itemListElement":[{"@type":"ListItem","position":1,"name":"Forside","item":"https:\/\/pensumgroup.no\/sv\/"},{"@type":"ListItem","position":2,"name":"Investeringsr\u00e5dgivning"}]},{"@type":"WebSite","@id":"https:\/\/pensumgroup.no\/sv\/#website","url":"https:\/\/pensumgroup.no\/sv\/","name":"Pensum Group","description":"","publisher":{"@id":"https:\/\/pensumgroup.no\/sv\/#organization"},"potentialAction":[{"@type":"SearchAction","target":{"@type":"EntryPoint","urlTemplate":"https:\/\/pensumgroup.no\/sv\/?s={search_term_string}"},"query-input":{"@type":"PropertyValueSpecification","valueRequired":true,"valueName":"search_term_string"}}],"inLanguage":"sv-SE"},{"@type":"Organization","@id":"https:\/\/pensumgroup.no\/sv\/#organization","name":"Pensum Group","url":"https:\/\/pensumgroup.no\/sv\/","logo":{"@type":"ImageObject","inLanguage":"sv-SE","@id":"https:\/\/pensumgroup.no\/sv\/#\/schema\/logo\/image\/","url":"https:\/\/pensumgroup.no\/wp-content\/uploads\/2021\/06\/cropped-Pensum-Logo-2021-Bredde-Lys-bla\u2560e.png","contentUrl":"https:\/\/pensumgroup.no\/wp-content\/uploads\/2021\/06\/cropped-Pensum-Logo-2021-Bredde-Lys-bla\u2560e.png","width":462,"height":176,"caption":"Pensum Group"},"image":{"@id":"https:\/\/pensumgroup.no\/sv\/#\/schema\/logo\/image\/"}}]}},"_links":{"self":[{"href":"https:\/\/pensumgroup.no\/sv\/wp-json\/wp\/v2\/pages\/8664","targetHints":{"allow":["GET"]}}],"collection":[{"href":"https:\/\/pensumgroup.no\/sv\/wp-json\/wp\/v2\/pages"}],"about":[{"href":"https:\/\/pensumgroup.no\/sv\/wp-json\/wp\/v2\/types\/page"}],"author":[{"embeddable":true,"href":"https:\/\/pensumgroup.no\/sv\/wp-json\/wp\/v2\/users\/1"}],"replies":[{"embeddable":true,"href":"https:\/\/pensumgroup.no\/sv\/wp-json\/wp\/v2\/comments?post=8664"}],"version-history":[{"count":3,"href":"https:\/\/pensumgroup.no\/sv\/wp-json\/wp\/v2\/pages\/8664\/revisions"}],"predecessor-version":[{"id":8667,"href":"https:\/\/pensumgroup.no\/sv\/wp-json\/wp\/v2\/pages\/8664\/revisions\/8667"}],"wp:attachment":[{"href":"https:\/\/pensumgroup.no\/sv\/wp-json\/wp\/v2\/media?parent=8664"}],"curies":[{"name":"wp","href":"https:\/\/api.w.org\/{rel}","templated":true}]}}