{"id":8672,"date":"2022-06-22T08:11:15","date_gmt":"2022-06-22T06:11:15","guid":{"rendered":"https:\/\/pensumgroup.no\/pensum-fonder\/"},"modified":"2024-04-02T10:22:19","modified_gmt":"2024-04-02T08:22:19","slug":"pensum-fonder","status":"publish","type":"page","link":"https:\/\/pensumgroup.no\/sv\/pensum-fonder\/","title":{"rendered":"Pensum Fonder"},"content":{"rendered":"\t\t<div data-elementor-type=\"wp-page\" data-elementor-id=\"8672\" class=\"elementor elementor-8672 elementor-3589\" data-elementor-post-type=\"page\">\n\t\t\t\t\t\t<section class=\"elementor-section elementor-top-section elementor-element elementor-element-4fad6448 elementor-section-height-min-height elementor-section-content-middle elementor-section-boxed elementor-section-height-default elementor-section-items-middle\" data-id=\"4fad6448\" data-element_type=\"section\" data-e-type=\"section\" data-settings=\"{&quot;background_background&quot;:&quot;classic&quot;}\">\n\t\t\t\t\t\t\t<div class=\"elementor-background-overlay\"><\/div>\n\t\t\t\t\t\t\t<div class=\"elementor-container elementor-column-gap-default\">\n\t\t\t\t\t<div class=\"elementor-column elementor-col-50 elementor-top-column elementor-element elementor-element-4777aac5\" data-id=\"4777aac5\" data-element_type=\"column\" data-e-type=\"column\">\n\t\t\t<div class=\"elementor-widget-wrap elementor-element-populated\">\n\t\t\t\t\t\t<div class=\"elementor-element elementor-element-48d31b88 elementor-widget elementor-widget-heading\" data-id=\"48d31b88\" data-element_type=\"widget\" data-e-type=\"widget\" data-widget_type=\"heading.default\">\n\t\t\t\t<div class=\"elementor-widget-container\">\n\t\t\t\t\t<h2 class=\"elementor-heading-title elementor-size-default\">Pensum Fonder<\/h2>\t\t\t\t<\/div>\n\t\t\t\t<\/div>\n\t\t\t\t\t<\/div>\n\t\t<\/div>\n\t\t\t\t<div class=\"elementor-column elementor-col-50 elementor-top-column elementor-element elementor-element-6d0b090d\" data-id=\"6d0b090d\" data-element_type=\"column\" data-e-type=\"column\">\n\t\t\t<div class=\"elementor-widget-wrap elementor-element-populated\">\n\t\t\t\t\t\t<div class=\"elementor-element elementor-element-5e915cf1 elementor-align-right elementor-widget elementor-widget-breadcrumbs\" data-id=\"5e915cf1\" data-element_type=\"widget\" data-e-type=\"widget\" data-widget_type=\"breadcrumbs.default\">\n\t\t\t\t<div class=\"elementor-widget-container\">\n\t\t\t\t\t<p id=\"breadcrumbs\"><span><span><a href=\"https:\/\/pensumgroup.no\/sv\/\">Forside<\/a><\/span><\/span><\/p>\t\t\t\t<\/div>\n\t\t\t\t<\/div>\n\t\t\t\t\t<\/div>\n\t\t<\/div>\n\t\t\t\t\t<\/div>\n\t\t<\/section>\n\t\t\t\t<section class=\"elementor-section elementor-top-section elementor-element elementor-element-6b6d5ac0 elementor-section-boxed elementor-section-height-default elementor-section-height-default\" data-id=\"6b6d5ac0\" data-element_type=\"section\" data-e-type=\"section\">\n\t\t\t\t\t\t<div class=\"elementor-container elementor-column-gap-default\">\n\t\t\t\t\t<div class=\"elementor-column elementor-col-100 elementor-top-column elementor-element elementor-element-9b4704c\" data-id=\"9b4704c\" data-element_type=\"column\" data-e-type=\"column\">\n\t\t\t<div class=\"elementor-widget-wrap elementor-element-populated\">\n\t\t\t\t\t\t<div class=\"elementor-element elementor-element-4b0bb420 elementor-widget elementor-widget-heading\" data-id=\"4b0bb420\" data-element_type=\"widget\" data-e-type=\"widget\" data-widget_type=\"heading.default\">\n\t\t\t\t<div class=\"elementor-widget-container\">\n\t\t\t\t\t<h2 class=\"elementor-heading-title elementor-size-default\"><br>Pensum Fonder<\/h2>\t\t\t\t<\/div>\n\t\t\t\t<\/div>\n\t\t\t\t\t<\/div>\n\t\t<\/div>\n\t\t\t\t\t<\/div>\n\t\t<\/section>\n\t\t\t\t<section class=\"elementor-section elementor-top-section elementor-element elementor-element-388ec2fe elementor-section-boxed elementor-section-height-default elementor-section-height-default\" data-id=\"388ec2fe\" data-element_type=\"section\" data-e-type=\"section\">\n\t\t\t\t\t\t<div class=\"elementor-container elementor-column-gap-default\">\n\t\t\t\t\t<div class=\"elementor-column elementor-col-100 elementor-top-column elementor-element elementor-element-39d4afb0\" data-id=\"39d4afb0\" data-element_type=\"column\" data-e-type=\"column\">\n\t\t\t<div class=\"elementor-widget-wrap elementor-element-populated\">\n\t\t\t\t\t\t<div class=\"elementor-element elementor-element-2fcfea2 elementor-widget elementor-widget-text-editor\" data-id=\"2fcfea2\" data-element_type=\"widget\" data-e-type=\"widget\" data-widget_type=\"text-editor.default\">\n\t\t\t\t<div class=\"elementor-widget-container\">\n\t\t\t\t\t\t\t\t\t<div>\u00a0<\/div><p><strong>Pensum Global Opportunities<\/strong><\/p><ul><li>Pensum Global Opportunities \u00e4r en aktiebaserad hedgefond med exponering p\u00e5 den globala marknaden via investeringar i oms\u00e4ttbara v\u00e4rdepapper<\/li><li>Detta uppn\u00e5s genom investeringar i aktier, aktierelaterade v\u00e4rdepapper, aktierelaterade derivat och i penningmarknadsinstrument<\/li><li>Investeringarna kan best\u00e5 av korta och l\u00e5nga positioner och f\u00f6rv\u00e4ntas d\u00e4rf\u00f6r inte korrelera med utvecklingen p\u00e5 aktiemarknaden<\/li><li>Fondens investeringar \u00e4r spridda \u00f6ver olika tillg\u00e5ngsklasser och geografiska marknader, samt finansiella instrument f\u00f6r att uppr\u00e4tth\u00e5lla en v\u00e4ldiversifierad portf\u00f6lj och riskprofil<\/li><li>En investering i fonden f\u00f6rv\u00e4ntas vara f\u00f6renlig med medelh\u00f6g risk och investeraren b\u00f6r ha en investeringshorisont p\u00e5 minst fem \u00e5r<\/li><\/ul><div>\u00a0<\/div><div>F\u00f6r ytterligare information om Pensum Global Opportunities, inklusive nyckelinformation (KIID), bolagsordning och informationsbroschyr, se l\u00e4nk till fondens f\u00f6rvaltare <span style=\"text-decoration: underline;\"><a href=\"https:\/\/fcgfonder.se\/funds\/pensum-global-opportunities\/\">FCG Fonder AB<\/a><\/span>.<\/div><div>\u00a0<\/div><div>\u00a0<\/div><div><p><strong>Pensum Global Energy<\/strong><\/p><ul><li>Pensum Global Energy \u00e4r en aktivt f\u00f6rvaltad aktiefond med ett globalt investeringsmandat<\/li><li>Fondens investeringar riktar sig till b\u00f6rsbolag inom den globala energisektorn, t.ex. traditionella energik\u00e4llor som petroleum och naturgas, och alla former av f\u00f6rnybara energik\u00e4llor, som vatten, vind och solkraft.<\/li><li>Fondens medel kan placeras i \u00f6verl\u00e5tbara v\u00e4rdepapper, fondandelar (inklusive noterade fonder), derivatinstrument, penningmarknadsinstrument och p\u00e5 konton hos kreditinstitut. Fonden kan \u00e4ven inkludera n\u00f6dv\u00e4ndiga likvida medel p\u00e5 fondens bekostnad.<\/li><li>Fonden har inga geografiska investeringsbegr\u00e4nsningar, men kan i sin helhet betraktas som en global fond. Eftersom fonden har ett globalt mandat kan den investera i tillg\u00e5ngar med exponering mot olika valutor, vilket g\u00f6r att valutarisk \u00e4r en naturlig del av fondens totala risk. Fonden har \u00e4nd\u00e5 m\u00f6jlighet att helt eller delvis anv\u00e4nda derivatinstrument i syfte att begr\u00e4nsa valutarisken.<\/li><li>En investering i fonden f\u00f6rv\u00e4ntas vara f\u00f6renad med h\u00f6g risk och investeraren b\u00f6r ha en investeringshorisont p\u00e5 minst fem \u00e5r<\/li><\/ul><p>\u00a0<\/p><p>F\u00f6r ytterligare information om Pensum Global Energy, inklusive nyckelinformation (KIID), bolagsordning och informationsbroschyr, se l\u00e4nk till fondens f\u00f6rvaltare <span style=\"text-decoration: underline;\"><a href=\"https:\/\/fcgfonder.se\/funds\/pensum-global-energy\/\">FCG Fonder AB<\/a><\/span>.<\/p><\/div><p>\u00a0<\/p><p><strong>Pensum Norge<\/strong><\/p><ul><li>Pensum Norge \u00e4r en aktivt f\u00f6rvaltad fond som huvudsakligen investerar i aktier noterade p\u00e5 Oslo B\u00f8rs<\/li><li>Fondens m\u00e5l \u00e4r att \u00f6ver tid generera en avkastning som \u00f6verstiger avkastningen f\u00f6r fondens referensindex<\/li><li>Fondens tillg\u00e5ngar kan placeras i \u00f6verl\u00e5tbara v\u00e4rdepapper, penningmarknadsinstrument, fondandelar och p\u00e5 ett konto i ett kreditinstitut. I fonden kan \u00e4ven ing\u00e5 de likvida medel som beh\u00f6vs f\u00f6r fondens f\u00f6rvaltning<\/li><li>Fonden m\u00e5ste alltid vara minst 90 procent investerad i aktierelaterade finansiella instrument som \u00e4r upptagna till handel p\u00e5 Oslo B\u00f8rs<\/li><li>En investering i fonden f\u00f6rv\u00e4ntas vara f\u00f6rknippad med medelh\u00f6g risk och investeraren b\u00f6r ha en investeringshorisont p\u00e5 minst fem \u00e5r<\/li><\/ul><p>\u00a0<\/p><p>F\u00f6r ytterligare information om Pensum Norge, inklusive nyckelinformation (KIID), bolagsordning och informationsbroschyr, se l\u00e4nk till fondens f\u00f6rvaltare <span style=\"text-decoration: underline;\"><a href=\"https:\/\/fcgfonder.se\/funds\/pensum-norge\/\">FCG Fonder AB<\/a><\/span>.<\/p>\t\t\t\t\t\t\t\t<\/div>\n\t\t\t\t<\/div>\n\t\t\t\t\t<\/div>\n\t\t<\/div>\n\t\t\t\t\t<\/div>\n\t\t<\/section>\n\t\t\t\t<\/div>\n\t\t","protected":false},"excerpt":{"rendered":"<p>Pensum Fonder Pensum Fonder \u00a0 Pensum Global Opportunities Pensum Global Opportunities \u00e4r en aktiebaserad hedgefond med exponering p\u00e5 den globala marknaden via investeringar i oms\u00e4ttbara v\u00e4rdepapper Detta uppn\u00e5s genom investeringar i aktier, aktierelaterade v\u00e4rdepapper, aktierelaterade derivat och i penningmarknadsinstrument Investeringarna kan best\u00e5 av korta och l\u00e5nga positioner och f\u00f6rv\u00e4ntas d\u00e4rf\u00f6r inte korrelera med utvecklingen p\u00e5 [&hellip;]<\/p>\n","protected":false},"author":2,"featured_media":0,"parent":0,"menu_order":0,"comment_status":"closed","ping_status":"closed","template":"","meta":{"_acf_changed":false,"footnotes":""},"class_list":["post-8672","page","type-page","status-publish","hentry"],"acf":[],"yoast_head":"<!-- This site is optimized with the Yoast SEO plugin v27.6 - https:\/\/yoast.com\/product\/yoast-seo-wordpress\/ -->\n<title>Pensum Fonder - Pensum Group<\/title>\n<meta name=\"robots\" content=\"index, follow, max-snippet:-1, max-image-preview:large, max-video-preview:-1\" \/>\n<link rel=\"canonical\" href=\"https:\/\/pensumgroup.no\/sv\/pensum-fonder\/\" \/>\n<meta property=\"og:locale\" content=\"sv_SE\" \/>\n<meta property=\"og:type\" content=\"article\" \/>\n<meta property=\"og:title\" content=\"Pensum Fonder - Pensum Group\" \/>\n<meta property=\"og:description\" content=\"Pensum Fonder Pensum Fonder \u00a0 Pensum Global Opportunities Pensum Global Opportunities \u00e4r en aktiebaserad hedgefond med exponering p\u00e5 den globala marknaden via investeringar i oms\u00e4ttbara v\u00e4rdepapper Detta uppn\u00e5s genom investeringar i aktier, aktierelaterade v\u00e4rdepapper, aktierelaterade derivat och i penningmarknadsinstrument Investeringarna kan best\u00e5 av korta och l\u00e5nga positioner och f\u00f6rv\u00e4ntas d\u00e4rf\u00f6r inte korrelera med utvecklingen p\u00e5 [&hellip;]\" \/>\n<meta property=\"og:url\" content=\"https:\/\/pensumgroup.no\/sv\/pensum-fonder\/\" \/>\n<meta property=\"og:site_name\" content=\"Pensum Group\" \/>\n<meta property=\"article:modified_time\" content=\"2024-04-02T08:22:19+00:00\" \/>\n<meta name=\"twitter:card\" content=\"summary_large_image\" \/>\n<meta name=\"twitter:label1\" content=\"Ber\u00e4knad l\u00e4stid\" \/>\n\t<meta name=\"twitter:data1\" content=\"3 minuter\" \/>\n<script type=\"application\/ld+json\" class=\"yoast-schema-graph\">{\"@context\":\"https:\\\/\\\/schema.org\",\"@graph\":[{\"@type\":\"WebPage\",\"@id\":\"https:\\\/\\\/pensumgroup.no\\\/sv\\\/pensum-fonder\\\/\",\"url\":\"https:\\\/\\\/pensumgroup.no\\\/sv\\\/pensum-fonder\\\/\",\"name\":\"Pensum Fonder - Pensum Group\",\"isPartOf\":{\"@id\":\"https:\\\/\\\/pensumgroup.no\\\/sv\\\/#website\"},\"datePublished\":\"2022-06-22T06:11:15+00:00\",\"dateModified\":\"2024-04-02T08:22:19+00:00\",\"breadcrumb\":{\"@id\":\"https:\\\/\\\/pensumgroup.no\\\/sv\\\/pensum-fonder\\\/#breadcrumb\"},\"inLanguage\":\"sv-SE\",\"potentialAction\":[{\"@type\":\"ReadAction\",\"target\":[\"https:\\\/\\\/pensumgroup.no\\\/sv\\\/pensum-fonder\\\/\"]}]},{\"@type\":\"BreadcrumbList\",\"@id\":\"https:\\\/\\\/pensumgroup.no\\\/sv\\\/pensum-fonder\\\/#breadcrumb\",\"itemListElement\":[{\"@type\":\"ListItem\",\"position\":1,\"name\":\"Forside\",\"item\":\"https:\\\/\\\/pensumgroup.no\\\/sv\\\/\"},{\"@type\":\"ListItem\",\"position\":2,\"name\":\"Pensum Fonder\"}]},{\"@type\":\"WebSite\",\"@id\":\"https:\\\/\\\/pensumgroup.no\\\/sv\\\/#website\",\"url\":\"https:\\\/\\\/pensumgroup.no\\\/sv\\\/\",\"name\":\"Pensum Group\",\"description\":\"\",\"publisher\":{\"@id\":\"https:\\\/\\\/pensumgroup.no\\\/sv\\\/#organization\"},\"potentialAction\":[{\"@type\":\"SearchAction\",\"target\":{\"@type\":\"EntryPoint\",\"urlTemplate\":\"https:\\\/\\\/pensumgroup.no\\\/sv\\\/?s={search_term_string}\"},\"query-input\":{\"@type\":\"PropertyValueSpecification\",\"valueRequired\":true,\"valueName\":\"search_term_string\"}}],\"inLanguage\":\"sv-SE\"},{\"@type\":\"Organization\",\"@id\":\"https:\\\/\\\/pensumgroup.no\\\/sv\\\/#organization\",\"name\":\"Pensum Group\",\"url\":\"https:\\\/\\\/pensumgroup.no\\\/sv\\\/\",\"logo\":{\"@type\":\"ImageObject\",\"inLanguage\":\"sv-SE\",\"@id\":\"https:\\\/\\\/pensumgroup.no\\\/sv\\\/#\\\/schema\\\/logo\\\/image\\\/\",\"url\":\"https:\\\/\\\/pensumgroup.no\\\/wp-content\\\/uploads\\\/2021\\\/06\\\/cropped-Pensum-Logo-2021-Bredde-Lys-bla\u2560e.png\",\"contentUrl\":\"https:\\\/\\\/pensumgroup.no\\\/wp-content\\\/uploads\\\/2021\\\/06\\\/cropped-Pensum-Logo-2021-Bredde-Lys-bla\u2560e.png\",\"width\":462,\"height\":176,\"caption\":\"Pensum Group\"},\"image\":{\"@id\":\"https:\\\/\\\/pensumgroup.no\\\/sv\\\/#\\\/schema\\\/logo\\\/image\\\/\"}}]}<\/script>\n<!-- \/ Yoast SEO plugin. -->","yoast_head_json":{"title":"Pensum Fonder - Pensum Group","robots":{"index":"index","follow":"follow","max-snippet":"max-snippet:-1","max-image-preview":"max-image-preview:large","max-video-preview":"max-video-preview:-1"},"canonical":"https:\/\/pensumgroup.no\/sv\/pensum-fonder\/","og_locale":"sv_SE","og_type":"article","og_title":"Pensum Fonder - Pensum Group","og_description":"Pensum Fonder Pensum Fonder \u00a0 Pensum Global Opportunities Pensum Global Opportunities \u00e4r en aktiebaserad hedgefond med exponering p\u00e5 den globala marknaden via investeringar i oms\u00e4ttbara v\u00e4rdepapper Detta uppn\u00e5s genom investeringar i aktier, aktierelaterade v\u00e4rdepapper, aktierelaterade derivat och i penningmarknadsinstrument Investeringarna kan best\u00e5 av korta och l\u00e5nga positioner och f\u00f6rv\u00e4ntas d\u00e4rf\u00f6r inte korrelera med utvecklingen p\u00e5 [&hellip;]","og_url":"https:\/\/pensumgroup.no\/sv\/pensum-fonder\/","og_site_name":"Pensum Group","article_modified_time":"2024-04-02T08:22:19+00:00","twitter_card":"summary_large_image","twitter_misc":{"Ber\u00e4knad l\u00e4stid":"3 minuter"},"schema":{"@context":"https:\/\/schema.org","@graph":[{"@type":"WebPage","@id":"https:\/\/pensumgroup.no\/sv\/pensum-fonder\/","url":"https:\/\/pensumgroup.no\/sv\/pensum-fonder\/","name":"Pensum Fonder - Pensum Group","isPartOf":{"@id":"https:\/\/pensumgroup.no\/sv\/#website"},"datePublished":"2022-06-22T06:11:15+00:00","dateModified":"2024-04-02T08:22:19+00:00","breadcrumb":{"@id":"https:\/\/pensumgroup.no\/sv\/pensum-fonder\/#breadcrumb"},"inLanguage":"sv-SE","potentialAction":[{"@type":"ReadAction","target":["https:\/\/pensumgroup.no\/sv\/pensum-fonder\/"]}]},{"@type":"BreadcrumbList","@id":"https:\/\/pensumgroup.no\/sv\/pensum-fonder\/#breadcrumb","itemListElement":[{"@type":"ListItem","position":1,"name":"Forside","item":"https:\/\/pensumgroup.no\/sv\/"},{"@type":"ListItem","position":2,"name":"Pensum Fonder"}]},{"@type":"WebSite","@id":"https:\/\/pensumgroup.no\/sv\/#website","url":"https:\/\/pensumgroup.no\/sv\/","name":"Pensum Group","description":"","publisher":{"@id":"https:\/\/pensumgroup.no\/sv\/#organization"},"potentialAction":[{"@type":"SearchAction","target":{"@type":"EntryPoint","urlTemplate":"https:\/\/pensumgroup.no\/sv\/?s={search_term_string}"},"query-input":{"@type":"PropertyValueSpecification","valueRequired":true,"valueName":"search_term_string"}}],"inLanguage":"sv-SE"},{"@type":"Organization","@id":"https:\/\/pensumgroup.no\/sv\/#organization","name":"Pensum Group","url":"https:\/\/pensumgroup.no\/sv\/","logo":{"@type":"ImageObject","inLanguage":"sv-SE","@id":"https:\/\/pensumgroup.no\/sv\/#\/schema\/logo\/image\/","url":"https:\/\/pensumgroup.no\/wp-content\/uploads\/2021\/06\/cropped-Pensum-Logo-2021-Bredde-Lys-bla\u2560e.png","contentUrl":"https:\/\/pensumgroup.no\/wp-content\/uploads\/2021\/06\/cropped-Pensum-Logo-2021-Bredde-Lys-bla\u2560e.png","width":462,"height":176,"caption":"Pensum Group"},"image":{"@id":"https:\/\/pensumgroup.no\/sv\/#\/schema\/logo\/image\/"}}]}},"_links":{"self":[{"href":"https:\/\/pensumgroup.no\/sv\/wp-json\/wp\/v2\/pages\/8672","targetHints":{"allow":["GET"]}}],"collection":[{"href":"https:\/\/pensumgroup.no\/sv\/wp-json\/wp\/v2\/pages"}],"about":[{"href":"https:\/\/pensumgroup.no\/sv\/wp-json\/wp\/v2\/types\/page"}],"author":[{"embeddable":true,"href":"https:\/\/pensumgroup.no\/sv\/wp-json\/wp\/v2\/users\/2"}],"replies":[{"embeddable":true,"href":"https:\/\/pensumgroup.no\/sv\/wp-json\/wp\/v2\/comments?post=8672"}],"version-history":[{"count":18,"href":"https:\/\/pensumgroup.no\/sv\/wp-json\/wp\/v2\/pages\/8672\/revisions"}],"predecessor-version":[{"id":11999,"href":"https:\/\/pensumgroup.no\/sv\/wp-json\/wp\/v2\/pages\/8672\/revisions\/11999"}],"wp:attachment":[{"href":"https:\/\/pensumgroup.no\/sv\/wp-json\/wp\/v2\/media?parent=8672"}],"curies":[{"name":"wp","href":"https:\/\/api.w.org\/{rel}","templated":true}]}}