{"id":8705,"date":"2021-03-22T13:06:15","date_gmt":"2021-03-22T12:06:15","guid":{"rendered":"https:\/\/pensumgroup.no\/sport\/"},"modified":"2023-03-24T17:29:12","modified_gmt":"2023-03-24T16:29:12","slug":"sport","status":"publish","type":"page","link":"https:\/\/pensumgroup.no\/sv\/sport\/","title":{"rendered":"Sport"},"content":{"rendered":"\t\t<div data-elementor-type=\"wp-page\" data-elementor-id=\"8705\" class=\"elementor elementor-8705 elementor-189\" data-elementor-post-type=\"page\">\n\t\t\t\t\t\t<section class=\"elementor-section elementor-top-section elementor-element elementor-element-1dda9b9 elementor-section-height-min-height elementor-section-content-middle elementor-section-boxed elementor-section-height-default elementor-section-items-middle\" data-id=\"1dda9b9\" data-element_type=\"section\" data-e-type=\"section\" data-settings=\"{&quot;background_background&quot;:&quot;classic&quot;}\">\n\t\t\t\t\t\t\t<div class=\"elementor-background-overlay\"><\/div>\n\t\t\t\t\t\t\t<div class=\"elementor-container elementor-column-gap-default\">\n\t\t\t\t\t<div class=\"elementor-column elementor-col-50 elementor-top-column elementor-element elementor-element-09d2341\" data-id=\"09d2341\" data-element_type=\"column\" data-e-type=\"column\">\n\t\t\t<div class=\"elementor-widget-wrap elementor-element-populated\">\n\t\t\t\t\t\t<div class=\"elementor-element elementor-element-3a6fbd5 elementor-widget elementor-widget-heading\" data-id=\"3a6fbd5\" data-element_type=\"widget\" data-e-type=\"widget\" data-widget_type=\"heading.default\">\n\t\t\t\t<div class=\"elementor-widget-container\">\n\t\t\t\t\t<h2 class=\"elementor-heading-title elementor-size-default\">Sport<\/h2>\t\t\t\t<\/div>\n\t\t\t\t<\/div>\n\t\t\t\t\t<\/div>\n\t\t<\/div>\n\t\t\t\t<div class=\"elementor-column elementor-col-50 elementor-top-column elementor-element elementor-element-0825e12\" data-id=\"0825e12\" data-element_type=\"column\" data-e-type=\"column\">\n\t\t\t<div class=\"elementor-widget-wrap elementor-element-populated\">\n\t\t\t\t\t\t<div class=\"elementor-element elementor-element-32e5395 elementor-align-right elementor-widget elementor-widget-breadcrumbs\" data-id=\"32e5395\" data-element_type=\"widget\" data-e-type=\"widget\" data-widget_type=\"breadcrumbs.default\">\n\t\t\t\t<div class=\"elementor-widget-container\">\n\t\t\t\t\t<p id=\"breadcrumbs\"><span><span><a href=\"https:\/\/pensumgroup.no\/sv\/\">Forside<\/a><\/span><\/span><\/p>\t\t\t\t<\/div>\n\t\t\t\t<\/div>\n\t\t\t\t\t<\/div>\n\t\t<\/div>\n\t\t\t\t\t<\/div>\n\t\t<\/section>\n\t\t\t\t<section class=\"elementor-section elementor-top-section elementor-element elementor-element-f65578f elementor-section-content-top elementor-section-boxed elementor-section-height-default elementor-section-height-default\" data-id=\"f65578f\" data-element_type=\"section\" data-e-type=\"section\">\n\t\t\t\t\t\t<div class=\"elementor-container elementor-column-gap-no\">\n\t\t\t\t\t<div class=\"elementor-column elementor-col-100 elementor-top-column elementor-element elementor-element-4d24340\" data-id=\"4d24340\" data-element_type=\"column\" data-e-type=\"column\">\n\t\t\t<div class=\"elementor-widget-wrap elementor-element-populated\">\n\t\t\t\t\t\t<div class=\"elementor-element elementor-element-522aadd elementor-widget elementor-widget-heading\" data-id=\"522aadd\" data-element_type=\"widget\" data-e-type=\"widget\" data-widget_type=\"heading.default\">\n\t\t\t\t<div class=\"elementor-widget-container\">\n\t\t\t\t\t<h2 class=\"elementor-heading-title elementor-size-default\">Pensum Sportf\u00f6rs\u00e4kring\n<\/h2>\t\t\t\t<\/div>\n\t\t\t\t<\/div>\n\t\t\t\t<div class=\"elementor-element elementor-element-268d2c7 elementor-widget elementor-widget-text-editor\" data-id=\"268d2c7\" data-element_type=\"widget\" data-e-type=\"widget\" data-widget_type=\"text-editor.default\">\n\t\t\t\t<div class=\"elementor-widget-container\">\n\t\t\t\t\t\t\t\t\t<article id=\"post-2087\" class=\"post-2087 page type-page status-publish has-post-thumbnail hentry\">\n<div class=\"entry-content\">\n<p>Pensum har genom \u00e5ren arbetat med m\u00e5nga idrottsf\u00f6reningar. Utifr\u00e5n v\u00e5r erfarenhet kan vi hj\u00e4lpa alla specialf\u00f6reningar med deras f\u00f6rs\u00e4kringsbehov samt leverera administrativa l\u00f6sningar relaterade till medlems\u00f6versikter och licensf\u00f6rs\u00e4kring.<\/p>\n<\/div>\n<\/article>\n\t\t\t\t\t\t\t\t<\/div>\n\t\t\t\t<\/div>\n\t\t\t\t\t<\/div>\n\t\t<\/div>\n\t\t\t\t\t<\/div>\n\t\t<\/section>\n\t\t\t\t<section class=\"elementor-section elementor-top-section elementor-element elementor-element-2dccba15 elementor-section-boxed elementor-section-height-default elementor-section-height-default\" data-id=\"2dccba15\" data-element_type=\"section\" data-e-type=\"section\">\n\t\t\t\t\t\t<div class=\"elementor-container elementor-column-gap-default\">\n\t\t\t\t\t<div class=\"elementor-column elementor-col-100 elementor-top-column elementor-element elementor-element-4f1dc3a2\" data-id=\"4f1dc3a2\" data-element_type=\"column\" data-e-type=\"column\">\n\t\t\t<div class=\"elementor-widget-wrap elementor-element-populated\">\n\t\t\t\t\t\t<section class=\"elementor-section elementor-inner-section elementor-element elementor-element-61369940 ignore-toc elementor-section-boxed elementor-section-height-default elementor-section-height-default\" data-id=\"61369940\" data-element_type=\"section\" data-e-type=\"section\" data-settings=\"{&quot;background_background&quot;:&quot;classic&quot;}\">\n\t\t\t\t\t\t<div class=\"elementor-container elementor-column-gap-default\">\n\t\t\t\t\t<div class=\"elementor-column elementor-col-100 elementor-inner-column elementor-element elementor-element-748cd68b\" data-id=\"748cd68b\" data-element_type=\"column\" data-e-type=\"column\">\n\t\t\t<div class=\"elementor-widget-wrap elementor-element-populated\">\n\t\t\t\t\t\t<div class=\"elementor-element elementor-element-1ff850b3 elementor-widget-divider--view-line_text elementor-widget-divider--element-align-right elementor-widget elementor-widget-divider\" data-id=\"1ff850b3\" data-element_type=\"widget\" data-e-type=\"widget\" data-widget_type=\"divider.default\">\n\t\t\t\t<div class=\"elementor-widget-container\">\n\t\t\t\t\t\t\t<div class=\"elementor-divider\">\n\t\t\t<span class=\"elementor-divider-separator\">\n\t\t\t\t\t\t\t<span class=\"elementor-divider__text elementor-divider__element\">\n\t\t\t\tF\u00e5 de senaste uppdateringarna\t\t\t\t<\/span>\n\t\t\t\t\t\t<\/span>\n\t\t<\/div>\n\t\t\t\t\t\t<\/div>\n\t\t\t\t<\/div>\n\t\t\t\t<div class=\"elementor-element elementor-element-4d0becd2 ignore-toc elementor-widget elementor-widget-heading\" data-id=\"4d0becd2\" data-element_type=\"widget\" data-e-type=\"widget\" data-widget_type=\"heading.default\">\n\t\t\t\t<div class=\"elementor-widget-container\">\n\t\t\t\t\t<h2 class=\"elementor-heading-title elementor-size-default\">Anm\u00e4l dig till v\u00e5rt nyhetsbrev<\/h2>\t\t\t\t<\/div>\n\t\t\t\t<\/div>\n\t\t\t\t<div class=\"elementor-element elementor-element-4e34759a elementor-widget elementor-widget-text-editor\" data-id=\"4e34759a\" data-element_type=\"widget\" data-e-type=\"widget\" data-widget_type=\"text-editor.default\">\n\t\t\t\t<div class=\"elementor-widget-container\">\n\t\t\t\t\t\t\t\t\t<p>Ingen spam &#8211; bara nyheter fr\u00e5n Pensum<\/p>\n\t\t\t\t\t\t\t\t<\/div>\n\t\t\t\t<\/div>\n\t\t\t\t\t<\/div>\n\t\t<\/div>\n\t\t\t\t\t<\/div>\n\t\t<\/section>\n\t\t\t\t<section class=\"elementor-section elementor-inner-section elementor-element elementor-element-3486c391 elementor-section-boxed elementor-section-height-default elementor-section-height-default\" data-id=\"3486c391\" data-element_type=\"section\" data-e-type=\"section\">\n\t\t\t\t\t\t<div class=\"elementor-container elementor-column-gap-default\">\n\t\t\t\t\t<div class=\"elementor-column elementor-col-100 elementor-inner-column elementor-element elementor-element-1c7364e4\" data-id=\"1c7364e4\" data-element_type=\"column\" data-e-type=\"column\">\n\t\t\t<div class=\"elementor-widget-wrap elementor-element-populated\">\n\t\t\t\t\t\t<div class=\"elementor-element elementor-element-7cacd373 elementor-widget elementor-widget-shortcode\" data-id=\"7cacd373\" data-element_type=\"widget\" data-e-type=\"widget\" data-widget_type=\"shortcode.default\">\n\t\t\t\t<div class=\"elementor-widget-container\">\n\t\t\t\t\t\t\t<div class=\"elementor-shortcode\"><script>(function() {\n\twindow.mc4wp = window.mc4wp || {\n\t\tlisteners: [],\n\t\tforms: {\n\t\t\ton: function(evt, cb) {\n\t\t\t\twindow.mc4wp.listeners.push(\n\t\t\t\t\t{\n\t\t\t\t\t\tevent   : evt,\n\t\t\t\t\t\tcallback: cb\n\t\t\t\t\t}\n\t\t\t\t);\n\t\t\t}\n\t\t}\n\t}\n})();\n<\/script><!-- Mailchimp for WordPress v4.12.2 - https:\/\/wordpress.org\/plugins\/mailchimp-for-wp\/ --><form id=\"mc4wp-form-1\" class=\"mc4wp-form mc4wp-form-1535\" method=\"post\" data-id=\"1535\" data-name=\"Nyhetsbrev\" ><div class=\"mc4wp-form-fields\"><p>\r\n    <label>Fornavn*<\/label>\r\n    <input type=\"text\" name=\"FNAME\" placeholder=\"Ditt fornavn\"\r\n    required=\"\">\r\n<\/p>\r\n<p>\r\n    <label>Etternavn*<\/label>\r\n    <input type=\"text\" name=\"LNAME\" placeholder=\"Ditt etternavn\"\r\n    required=\"\">\r\n<\/p>\r\n\r\n<p>\r\n\t<label>E-postadresse: *<\/label>\r\n\t\t<input type=\"email\" name=\"EMAIL\" placeholder=\"Din e-post\" required \/>\r\n<\/label>\r\n<\/p>\r\n\r\n<p>\r\n\t<input type=\"submit\" value=\"MOTTA NYHETSBREV\" \/>\r\n<\/p><\/div><label style=\"display: none !important;\">L\u00e5t detta f\u00e4lt vara tomt om du \u00e4r m\u00e4nniska: <input type=\"text\" name=\"_mc4wp_honeypot\" value=\"\" tabindex=\"-1\" autocomplete=\"off\" \/><\/label><input type=\"hidden\" name=\"_mc4wp_timestamp\" value=\"1778683989\" \/><input type=\"hidden\" name=\"_mc4wp_form_id\" value=\"1535\" \/><input type=\"hidden\" name=\"_mc4wp_form_element_id\" value=\"mc4wp-form-1\" \/><div class=\"mc4wp-response\"><\/div><\/form><!-- \/ Mailchimp for WordPress Plugin --><\/div>\n\t\t\t\t\t\t<\/div>\n\t\t\t\t<\/div>\n\t\t\t\t\t<\/div>\n\t\t<\/div>\n\t\t\t\t\t<\/div>\n\t\t<\/section>\n\t\t\t\t\t<\/div>\n\t\t<\/div>\n\t\t\t\t\t<\/div>\n\t\t<\/section>\n\t\t\t\t<\/div>\n\t\t","protected":false},"excerpt":{"rendered":"<p>Sport Pensum Sportf\u00f6rs\u00e4kring Pensum har genom \u00e5ren arbetat med m\u00e5nga idrottsf\u00f6reningar. Utifr\u00e5n v\u00e5r erfarenhet kan vi hj\u00e4lpa alla specialf\u00f6reningar med deras f\u00f6rs\u00e4kringsbehov samt leverera administrativa l\u00f6sningar relaterade till medlems\u00f6versikter och licensf\u00f6rs\u00e4kring. F\u00e5 de senaste uppdateringarna Anm\u00e4l dig till v\u00e5rt nyhetsbrev Ingen spam &#8211; bara nyheter fr\u00e5n Pensum<\/p>\n","protected":false},"author":1,"featured_media":0,"parent":0,"menu_order":0,"comment_status":"closed","ping_status":"closed","template":"","meta":{"_acf_changed":false,"footnotes":""},"class_list":["post-8705","page","type-page","status-publish","hentry"],"acf":[],"yoast_head":"<!-- This site is optimized with the Yoast SEO plugin v27.6 - https:\/\/yoast.com\/product\/yoast-seo-wordpress\/ -->\n<title>Sport - Pensum Group<\/title>\n<meta name=\"robots\" content=\"index, follow, max-snippet:-1, max-image-preview:large, max-video-preview:-1\" \/>\n<link rel=\"canonical\" href=\"https:\/\/pensumgroup.no\/sv\/sport\/\" \/>\n<meta property=\"og:locale\" content=\"sv_SE\" \/>\n<meta property=\"og:type\" content=\"article\" \/>\n<meta property=\"og:title\" content=\"Sport - Pensum Group\" \/>\n<meta property=\"og:description\" content=\"Sport Pensum Sportf\u00f6rs\u00e4kring Pensum har genom \u00e5ren arbetat med m\u00e5nga idrottsf\u00f6reningar. Utifr\u00e5n v\u00e5r erfarenhet kan vi hj\u00e4lpa alla specialf\u00f6reningar med deras f\u00f6rs\u00e4kringsbehov samt leverera administrativa l\u00f6sningar relaterade till medlems\u00f6versikter och licensf\u00f6rs\u00e4kring. F\u00e5 de senaste uppdateringarna Anm\u00e4l dig till v\u00e5rt nyhetsbrev Ingen spam &#8211; bara nyheter fr\u00e5n Pensum\" \/>\n<meta property=\"og:url\" content=\"https:\/\/pensumgroup.no\/sv\/sport\/\" \/>\n<meta property=\"og:site_name\" content=\"Pensum Group\" \/>\n<meta property=\"article:modified_time\" content=\"2023-03-24T16:29:12+00:00\" \/>\n<meta name=\"twitter:card\" content=\"summary_large_image\" \/>\n<script type=\"application\/ld+json\" class=\"yoast-schema-graph\">{\"@context\":\"https:\\\/\\\/schema.org\",\"@graph\":[{\"@type\":\"WebPage\",\"@id\":\"https:\\\/\\\/pensumgroup.no\\\/sv\\\/sport\\\/\",\"url\":\"https:\\\/\\\/pensumgroup.no\\\/sv\\\/sport\\\/\",\"name\":\"Sport - Pensum Group\",\"isPartOf\":{\"@id\":\"https:\\\/\\\/pensumgroup.no\\\/sv\\\/#website\"},\"datePublished\":\"2021-03-22T12:06:15+00:00\",\"dateModified\":\"2023-03-24T16:29:12+00:00\",\"breadcrumb\":{\"@id\":\"https:\\\/\\\/pensumgroup.no\\\/sv\\\/sport\\\/#breadcrumb\"},\"inLanguage\":\"sv-SE\",\"potentialAction\":[{\"@type\":\"ReadAction\",\"target\":[\"https:\\\/\\\/pensumgroup.no\\\/sv\\\/sport\\\/\"]}]},{\"@type\":\"BreadcrumbList\",\"@id\":\"https:\\\/\\\/pensumgroup.no\\\/sv\\\/sport\\\/#breadcrumb\",\"itemListElement\":[{\"@type\":\"ListItem\",\"position\":1,\"name\":\"Forside\",\"item\":\"https:\\\/\\\/pensumgroup.no\\\/sv\\\/\"},{\"@type\":\"ListItem\",\"position\":2,\"name\":\"Sport\"}]},{\"@type\":\"WebSite\",\"@id\":\"https:\\\/\\\/pensumgroup.no\\\/sv\\\/#website\",\"url\":\"https:\\\/\\\/pensumgroup.no\\\/sv\\\/\",\"name\":\"Pensum Group\",\"description\":\"\",\"publisher\":{\"@id\":\"https:\\\/\\\/pensumgroup.no\\\/sv\\\/#organization\"},\"potentialAction\":[{\"@type\":\"SearchAction\",\"target\":{\"@type\":\"EntryPoint\",\"urlTemplate\":\"https:\\\/\\\/pensumgroup.no\\\/sv\\\/?s={search_term_string}\"},\"query-input\":{\"@type\":\"PropertyValueSpecification\",\"valueRequired\":true,\"valueName\":\"search_term_string\"}}],\"inLanguage\":\"sv-SE\"},{\"@type\":\"Organization\",\"@id\":\"https:\\\/\\\/pensumgroup.no\\\/sv\\\/#organization\",\"name\":\"Pensum Group\",\"url\":\"https:\\\/\\\/pensumgroup.no\\\/sv\\\/\",\"logo\":{\"@type\":\"ImageObject\",\"inLanguage\":\"sv-SE\",\"@id\":\"https:\\\/\\\/pensumgroup.no\\\/sv\\\/#\\\/schema\\\/logo\\\/image\\\/\",\"url\":\"https:\\\/\\\/pensumgroup.no\\\/wp-content\\\/uploads\\\/2021\\\/06\\\/cropped-Pensum-Logo-2021-Bredde-Lys-bla\u2560e.png\",\"contentUrl\":\"https:\\\/\\\/pensumgroup.no\\\/wp-content\\\/uploads\\\/2021\\\/06\\\/cropped-Pensum-Logo-2021-Bredde-Lys-bla\u2560e.png\",\"width\":462,\"height\":176,\"caption\":\"Pensum Group\"},\"image\":{\"@id\":\"https:\\\/\\\/pensumgroup.no\\\/sv\\\/#\\\/schema\\\/logo\\\/image\\\/\"}}]}<\/script>\n<!-- \/ Yoast SEO plugin. -->","yoast_head_json":{"title":"Sport - Pensum Group","robots":{"index":"index","follow":"follow","max-snippet":"max-snippet:-1","max-image-preview":"max-image-preview:large","max-video-preview":"max-video-preview:-1"},"canonical":"https:\/\/pensumgroup.no\/sv\/sport\/","og_locale":"sv_SE","og_type":"article","og_title":"Sport - Pensum Group","og_description":"Sport Pensum Sportf\u00f6rs\u00e4kring Pensum har genom \u00e5ren arbetat med m\u00e5nga idrottsf\u00f6reningar. Utifr\u00e5n v\u00e5r erfarenhet kan vi hj\u00e4lpa alla specialf\u00f6reningar med deras f\u00f6rs\u00e4kringsbehov samt leverera administrativa l\u00f6sningar relaterade till medlems\u00f6versikter och licensf\u00f6rs\u00e4kring. F\u00e5 de senaste uppdateringarna Anm\u00e4l dig till v\u00e5rt nyhetsbrev Ingen spam &#8211; bara nyheter fr\u00e5n Pensum","og_url":"https:\/\/pensumgroup.no\/sv\/sport\/","og_site_name":"Pensum Group","article_modified_time":"2023-03-24T16:29:12+00:00","twitter_card":"summary_large_image","schema":{"@context":"https:\/\/schema.org","@graph":[{"@type":"WebPage","@id":"https:\/\/pensumgroup.no\/sv\/sport\/","url":"https:\/\/pensumgroup.no\/sv\/sport\/","name":"Sport - Pensum Group","isPartOf":{"@id":"https:\/\/pensumgroup.no\/sv\/#website"},"datePublished":"2021-03-22T12:06:15+00:00","dateModified":"2023-03-24T16:29:12+00:00","breadcrumb":{"@id":"https:\/\/pensumgroup.no\/sv\/sport\/#breadcrumb"},"inLanguage":"sv-SE","potentialAction":[{"@type":"ReadAction","target":["https:\/\/pensumgroup.no\/sv\/sport\/"]}]},{"@type":"BreadcrumbList","@id":"https:\/\/pensumgroup.no\/sv\/sport\/#breadcrumb","itemListElement":[{"@type":"ListItem","position":1,"name":"Forside","item":"https:\/\/pensumgroup.no\/sv\/"},{"@type":"ListItem","position":2,"name":"Sport"}]},{"@type":"WebSite","@id":"https:\/\/pensumgroup.no\/sv\/#website","url":"https:\/\/pensumgroup.no\/sv\/","name":"Pensum Group","description":"","publisher":{"@id":"https:\/\/pensumgroup.no\/sv\/#organization"},"potentialAction":[{"@type":"SearchAction","target":{"@type":"EntryPoint","urlTemplate":"https:\/\/pensumgroup.no\/sv\/?s={search_term_string}"},"query-input":{"@type":"PropertyValueSpecification","valueRequired":true,"valueName":"search_term_string"}}],"inLanguage":"sv-SE"},{"@type":"Organization","@id":"https:\/\/pensumgroup.no\/sv\/#organization","name":"Pensum Group","url":"https:\/\/pensumgroup.no\/sv\/","logo":{"@type":"ImageObject","inLanguage":"sv-SE","@id":"https:\/\/pensumgroup.no\/sv\/#\/schema\/logo\/image\/","url":"https:\/\/pensumgroup.no\/wp-content\/uploads\/2021\/06\/cropped-Pensum-Logo-2021-Bredde-Lys-bla\u2560e.png","contentUrl":"https:\/\/pensumgroup.no\/wp-content\/uploads\/2021\/06\/cropped-Pensum-Logo-2021-Bredde-Lys-bla\u2560e.png","width":462,"height":176,"caption":"Pensum Group"},"image":{"@id":"https:\/\/pensumgroup.no\/sv\/#\/schema\/logo\/image\/"}}]}},"_links":{"self":[{"href":"https:\/\/pensumgroup.no\/sv\/wp-json\/wp\/v2\/pages\/8705","targetHints":{"allow":["GET"]}}],"collection":[{"href":"https:\/\/pensumgroup.no\/sv\/wp-json\/wp\/v2\/pages"}],"about":[{"href":"https:\/\/pensumgroup.no\/sv\/wp-json\/wp\/v2\/types\/page"}],"author":[{"embeddable":true,"href":"https:\/\/pensumgroup.no\/sv\/wp-json\/wp\/v2\/users\/1"}],"replies":[{"embeddable":true,"href":"https:\/\/pensumgroup.no\/sv\/wp-json\/wp\/v2\/comments?post=8705"}],"version-history":[{"count":3,"href":"https:\/\/pensumgroup.no\/sv\/wp-json\/wp\/v2\/pages\/8705\/revisions"}],"predecessor-version":[{"id":8708,"href":"https:\/\/pensumgroup.no\/sv\/wp-json\/wp\/v2\/pages\/8705\/revisions\/8708"}],"wp:attachment":[{"href":"https:\/\/pensumgroup.no\/sv\/wp-json\/wp\/v2\/media?parent=8705"}],"curies":[{"name":"wp","href":"https:\/\/api.w.org\/{rel}","templated":true}]}}