{"id":8709,"date":"2021-03-22T13:06:27","date_gmt":"2021-03-22T12:06:27","guid":{"rendered":"https:\/\/pensumgroup.no\/konst\/"},"modified":"2023-03-24T17:32:51","modified_gmt":"2023-03-24T16:32:51","slug":"konst","status":"publish","type":"page","link":"https:\/\/pensumgroup.no\/sv\/konst\/","title":{"rendered":"Konst"},"content":{"rendered":"\t\t<div data-elementor-type=\"wp-page\" data-elementor-id=\"8709\" class=\"elementor elementor-8709 elementor-191\" data-elementor-post-type=\"page\">\n\t\t\t\t\t\t<section class=\"elementor-section elementor-top-section elementor-element elementor-element-2d9ffca elementor-section-height-min-height elementor-section-content-middle elementor-section-boxed elementor-section-height-default elementor-section-items-middle\" data-id=\"2d9ffca\" data-element_type=\"section\" data-e-type=\"section\" data-settings=\"{&quot;background_background&quot;:&quot;classic&quot;}\">\n\t\t\t\t\t\t\t<div class=\"elementor-background-overlay\"><\/div>\n\t\t\t\t\t\t\t<div class=\"elementor-container elementor-column-gap-default\">\n\t\t\t\t\t<div class=\"elementor-column elementor-col-50 elementor-top-column elementor-element elementor-element-d4ff83c\" data-id=\"d4ff83c\" data-element_type=\"column\" data-e-type=\"column\">\n\t\t\t<div class=\"elementor-widget-wrap elementor-element-populated\">\n\t\t\t\t\t\t<div class=\"elementor-element elementor-element-640a61d elementor-widget elementor-widget-heading\" data-id=\"640a61d\" data-element_type=\"widget\" data-e-type=\"widget\" data-widget_type=\"heading.default\">\n\t\t\t\t<div class=\"elementor-widget-container\">\n\t\t\t\t\t<h2 class=\"elementor-heading-title elementor-size-default\">Fine art<\/h2>\t\t\t\t<\/div>\n\t\t\t\t<\/div>\n\t\t\t\t\t<\/div>\n\t\t<\/div>\n\t\t\t\t<div class=\"elementor-column elementor-col-50 elementor-top-column elementor-element elementor-element-5c1faf3\" data-id=\"5c1faf3\" data-element_type=\"column\" data-e-type=\"column\">\n\t\t\t<div class=\"elementor-widget-wrap elementor-element-populated\">\n\t\t\t\t\t\t<div class=\"elementor-element elementor-element-87fbb59 elementor-align-right elementor-widget elementor-widget-breadcrumbs\" data-id=\"87fbb59\" data-element_type=\"widget\" data-e-type=\"widget\" data-widget_type=\"breadcrumbs.default\">\n\t\t\t\t<div class=\"elementor-widget-container\">\n\t\t\t\t\t<p id=\"breadcrumbs\"><span><span><a href=\"https:\/\/pensumgroup.no\/sv\/\">Forside<\/a><\/span><\/span><\/p>\t\t\t\t<\/div>\n\t\t\t\t<\/div>\n\t\t\t\t\t<\/div>\n\t\t<\/div>\n\t\t\t\t\t<\/div>\n\t\t<\/section>\n\t\t\t\t<section class=\"elementor-section elementor-top-section elementor-element elementor-element-b0f13b5 elementor-section-content-top elementor-section-boxed elementor-section-height-default elementor-section-height-default\" data-id=\"b0f13b5\" data-element_type=\"section\" data-e-type=\"section\">\n\t\t\t\t\t\t<div class=\"elementor-container elementor-column-gap-no\">\n\t\t\t\t\t<div class=\"elementor-column elementor-col-100 elementor-top-column elementor-element elementor-element-c25b39d\" data-id=\"c25b39d\" data-element_type=\"column\" data-e-type=\"column\">\n\t\t\t<div class=\"elementor-widget-wrap elementor-element-populated\">\n\t\t\t\t\t\t<div class=\"elementor-element elementor-element-275570a elementor-widget elementor-widget-heading\" data-id=\"275570a\" data-element_type=\"widget\" data-e-type=\"widget\" data-widget_type=\"heading.default\">\n\t\t\t\t<div class=\"elementor-widget-container\">\n\t\t\t\t\t<h2 class=\"elementor-heading-title elementor-size-default\">Konstf\u00f6rs\u00e4kring<\/h2>\t\t\t\t<\/div>\n\t\t\t\t<\/div>\n\t\t\t\t<div class=\"elementor-element elementor-element-95481ae elementor-widget elementor-widget-text-editor\" data-id=\"95481ae\" data-element_type=\"widget\" data-e-type=\"widget\" data-widget_type=\"text-editor.default\">\n\t\t\t\t<div class=\"elementor-widget-container\">\n\t\t\t\t\t\t\t\t\t<article id=\"post-2089\" class=\"post-2089 page type-page status-publish has-post-thumbnail hentry\">\n<div class=\"entry-content\">\n<p>Pensum har m\u00e5nga \u00e5rs erfarenhet som m\u00e4klare av konstf\u00f6rs\u00e4kringar f\u00f6r auktionshus, gallerier, antikhandlare och privata samlare. Vi kan d\u00e4rf\u00f6r erbjuda marknadens b\u00e4sta f\u00f6rs\u00e4kringsvillkor och premier.<\/p>\n<ul>\n<li>F\u00f6rs\u00e4kringen \u00e4r unik och t\u00e4cker alla fysiska skador.<\/li>\n<li>Alla transporter, m\u00e4ssor och utst\u00e4llningar ing\u00e5r ocks\u00e5. F\u00f6rs\u00e4kringen ska g\u00e4lla mellan alla f\u00f6rs\u00e4kringsorter.<\/li>\n<\/ul>\n<p>Smycken och dyra klockor kan ocks\u00e5 medf\u00f6rs\u00e4kras.<\/p>\n<\/div>\n<\/article>\n\t\t\t\t\t\t\t\t<\/div>\n\t\t\t\t<\/div>\n\t\t\t\t\t<\/div>\n\t\t<\/div>\n\t\t\t\t\t<\/div>\n\t\t<\/section>\n\t\t\t\t<section class=\"elementor-section elementor-top-section elementor-element elementor-element-70baf6f1 elementor-section-boxed elementor-section-height-default elementor-section-height-default\" data-id=\"70baf6f1\" data-element_type=\"section\" data-e-type=\"section\">\n\t\t\t\t\t\t<div class=\"elementor-container elementor-column-gap-default\">\n\t\t\t\t\t<div class=\"elementor-column elementor-col-100 elementor-top-column elementor-element elementor-element-7f123014\" data-id=\"7f123014\" data-element_type=\"column\" data-e-type=\"column\">\n\t\t\t<div class=\"elementor-widget-wrap elementor-element-populated\">\n\t\t\t\t\t\t<section class=\"elementor-section elementor-inner-section elementor-element elementor-element-7e281bd0 ignore-toc elementor-section-boxed elementor-section-height-default elementor-section-height-default\" data-id=\"7e281bd0\" data-element_type=\"section\" data-e-type=\"section\" data-settings=\"{&quot;background_background&quot;:&quot;classic&quot;}\">\n\t\t\t\t\t\t<div class=\"elementor-container elementor-column-gap-default\">\n\t\t\t\t\t<div class=\"elementor-column elementor-col-100 elementor-inner-column elementor-element elementor-element-f1dcc39\" data-id=\"f1dcc39\" data-element_type=\"column\" data-e-type=\"column\">\n\t\t\t<div class=\"elementor-widget-wrap elementor-element-populated\">\n\t\t\t\t\t\t<div class=\"elementor-element elementor-element-28331a8c elementor-widget-divider--view-line_text elementor-widget-divider--element-align-right elementor-widget elementor-widget-divider\" data-id=\"28331a8c\" data-element_type=\"widget\" data-e-type=\"widget\" data-widget_type=\"divider.default\">\n\t\t\t\t<div class=\"elementor-widget-container\">\n\t\t\t\t\t\t\t<div class=\"elementor-divider\">\n\t\t\t<span class=\"elementor-divider-separator\">\n\t\t\t\t\t\t\t<span class=\"elementor-divider__text elementor-divider__element\">\n\t\t\t\tF\u00e5 de senaste uppdateringarna\t\t\t\t<\/span>\n\t\t\t\t\t\t<\/span>\n\t\t<\/div>\n\t\t\t\t\t\t<\/div>\n\t\t\t\t<\/div>\n\t\t\t\t<div class=\"elementor-element elementor-element-7c187ce0 ignore-toc elementor-widget elementor-widget-heading\" data-id=\"7c187ce0\" data-element_type=\"widget\" data-e-type=\"widget\" data-widget_type=\"heading.default\">\n\t\t\t\t<div class=\"elementor-widget-container\">\n\t\t\t\t\t<h2 class=\"elementor-heading-title elementor-size-default\">Anm\u00e4l dig till v\u00e5rt nyhetsbrev<\/h2>\t\t\t\t<\/div>\n\t\t\t\t<\/div>\n\t\t\t\t<div class=\"elementor-element elementor-element-231bae61 elementor-widget elementor-widget-text-editor\" data-id=\"231bae61\" data-element_type=\"widget\" data-e-type=\"widget\" data-widget_type=\"text-editor.default\">\n\t\t\t\t<div class=\"elementor-widget-container\">\n\t\t\t\t\t\t\t\t\t<p>Ingen spam &#8211; bara nyheter fr\u00e5n Pensum<\/p>\n\t\t\t\t\t\t\t\t<\/div>\n\t\t\t\t<\/div>\n\t\t\t\t\t<\/div>\n\t\t<\/div>\n\t\t\t\t\t<\/div>\n\t\t<\/section>\n\t\t\t\t<section class=\"elementor-section elementor-inner-section elementor-element elementor-element-5805ae97 elementor-section-boxed elementor-section-height-default elementor-section-height-default\" data-id=\"5805ae97\" data-element_type=\"section\" data-e-type=\"section\">\n\t\t\t\t\t\t<div class=\"elementor-container elementor-column-gap-default\">\n\t\t\t\t\t<div class=\"elementor-column elementor-col-100 elementor-inner-column elementor-element elementor-element-276ae416\" data-id=\"276ae416\" data-element_type=\"column\" data-e-type=\"column\">\n\t\t\t<div class=\"elementor-widget-wrap elementor-element-populated\">\n\t\t\t\t\t\t<div class=\"elementor-element elementor-element-7866a9b8 elementor-widget elementor-widget-shortcode\" data-id=\"7866a9b8\" data-element_type=\"widget\" data-e-type=\"widget\" data-widget_type=\"shortcode.default\">\n\t\t\t\t<div class=\"elementor-widget-container\">\n\t\t\t\t\t\t\t<div class=\"elementor-shortcode\"><script>(function() {\n\twindow.mc4wp = window.mc4wp || {\n\t\tlisteners: [],\n\t\tforms: {\n\t\t\ton: function(evt, cb) {\n\t\t\t\twindow.mc4wp.listeners.push(\n\t\t\t\t\t{\n\t\t\t\t\t\tevent   : evt,\n\t\t\t\t\t\tcallback: cb\n\t\t\t\t\t}\n\t\t\t\t);\n\t\t\t}\n\t\t}\n\t}\n})();\n<\/script><!-- Mailchimp for WordPress v4.12.2 - https:\/\/wordpress.org\/plugins\/mailchimp-for-wp\/ --><form id=\"mc4wp-form-1\" class=\"mc4wp-form mc4wp-form-1535\" method=\"post\" data-id=\"1535\" data-name=\"Nyhetsbrev\" ><div class=\"mc4wp-form-fields\"><p>\r\n    <label>Fornavn*<\/label>\r\n    <input type=\"text\" name=\"FNAME\" placeholder=\"Ditt fornavn\"\r\n    required=\"\">\r\n<\/p>\r\n<p>\r\n    <label>Etternavn*<\/label>\r\n    <input type=\"text\" name=\"LNAME\" placeholder=\"Ditt etternavn\"\r\n    required=\"\">\r\n<\/p>\r\n\r\n<p>\r\n\t<label>E-postadresse: *<\/label>\r\n\t\t<input type=\"email\" name=\"EMAIL\" placeholder=\"Din e-post\" required \/>\r\n<\/label>\r\n<\/p>\r\n\r\n<p>\r\n\t<input type=\"submit\" value=\"MOTTA NYHETSBREV\" \/>\r\n<\/p><\/div><label style=\"display: none !important;\">L\u00e5t detta f\u00e4lt vara tomt om du \u00e4r m\u00e4nniska: <input type=\"text\" name=\"_mc4wp_honeypot\" value=\"\" tabindex=\"-1\" autocomplete=\"off\" \/><\/label><input type=\"hidden\" name=\"_mc4wp_timestamp\" value=\"1777625523\" \/><input type=\"hidden\" name=\"_mc4wp_form_id\" value=\"1535\" \/><input type=\"hidden\" name=\"_mc4wp_form_element_id\" value=\"mc4wp-form-1\" \/><div class=\"mc4wp-response\"><\/div><\/form><!-- \/ Mailchimp for WordPress Plugin --><\/div>\n\t\t\t\t\t\t<\/div>\n\t\t\t\t<\/div>\n\t\t\t\t\t<\/div>\n\t\t<\/div>\n\t\t\t\t\t<\/div>\n\t\t<\/section>\n\t\t\t\t\t<\/div>\n\t\t<\/div>\n\t\t\t\t\t<\/div>\n\t\t<\/section>\n\t\t\t\t<\/div>\n\t\t","protected":false},"excerpt":{"rendered":"<p>Fine art Konstf\u00f6rs\u00e4kring Pensum har m\u00e5nga \u00e5rs erfarenhet som m\u00e4klare av konstf\u00f6rs\u00e4kringar f\u00f6r auktionshus, gallerier, antikhandlare och privata samlare. Vi kan d\u00e4rf\u00f6r erbjuda marknadens b\u00e4sta f\u00f6rs\u00e4kringsvillkor och premier. F\u00f6rs\u00e4kringen \u00e4r unik och t\u00e4cker alla fysiska skador. Alla transporter, m\u00e4ssor och utst\u00e4llningar ing\u00e5r ocks\u00e5. F\u00f6rs\u00e4kringen ska g\u00e4lla mellan alla f\u00f6rs\u00e4kringsorter. Smycken och dyra klockor kan ocks\u00e5 [&hellip;]<\/p>\n","protected":false},"author":1,"featured_media":0,"parent":0,"menu_order":0,"comment_status":"closed","ping_status":"closed","template":"","meta":{"_acf_changed":false,"footnotes":""},"class_list":["post-8709","page","type-page","status-publish","hentry"],"acf":[],"yoast_head":"<!-- This site is optimized with the Yoast SEO plugin v27.5 - https:\/\/yoast.com\/product\/yoast-seo-wordpress\/ -->\n<title>Konst - Pensum Group<\/title>\n<meta name=\"robots\" content=\"index, follow, max-snippet:-1, max-image-preview:large, max-video-preview:-1\" \/>\n<link rel=\"canonical\" href=\"https:\/\/pensumgroup.no\/sv\/konst\/\" \/>\n<meta property=\"og:locale\" content=\"sv_SE\" \/>\n<meta property=\"og:type\" content=\"article\" \/>\n<meta property=\"og:title\" content=\"Konst - Pensum Group\" \/>\n<meta property=\"og:description\" content=\"Fine art Konstf\u00f6rs\u00e4kring Pensum har m\u00e5nga \u00e5rs erfarenhet som m\u00e4klare av konstf\u00f6rs\u00e4kringar f\u00f6r auktionshus, gallerier, antikhandlare och privata samlare. Vi kan d\u00e4rf\u00f6r erbjuda marknadens b\u00e4sta f\u00f6rs\u00e4kringsvillkor och premier. F\u00f6rs\u00e4kringen \u00e4r unik och t\u00e4cker alla fysiska skador. Alla transporter, m\u00e4ssor och utst\u00e4llningar ing\u00e5r ocks\u00e5. F\u00f6rs\u00e4kringen ska g\u00e4lla mellan alla f\u00f6rs\u00e4kringsorter. Smycken och dyra klockor kan ocks\u00e5 [&hellip;]\" \/>\n<meta property=\"og:url\" content=\"https:\/\/pensumgroup.no\/sv\/konst\/\" \/>\n<meta property=\"og:site_name\" content=\"Pensum Group\" \/>\n<meta property=\"article:modified_time\" content=\"2023-03-24T16:32:51+00:00\" \/>\n<meta name=\"twitter:card\" content=\"summary_large_image\" \/>\n<meta name=\"twitter:label1\" content=\"Ber\u00e4knad l\u00e4stid\" \/>\n\t<meta name=\"twitter:data1\" content=\"1 minut\" \/>\n<script type=\"application\/ld+json\" class=\"yoast-schema-graph\">{\"@context\":\"https:\\\/\\\/schema.org\",\"@graph\":[{\"@type\":\"WebPage\",\"@id\":\"https:\\\/\\\/pensumgroup.no\\\/sv\\\/konst\\\/\",\"url\":\"https:\\\/\\\/pensumgroup.no\\\/sv\\\/konst\\\/\",\"name\":\"Konst - Pensum Group\",\"isPartOf\":{\"@id\":\"https:\\\/\\\/pensumgroup.no\\\/sv\\\/#website\"},\"datePublished\":\"2021-03-22T12:06:27+00:00\",\"dateModified\":\"2023-03-24T16:32:51+00:00\",\"breadcrumb\":{\"@id\":\"https:\\\/\\\/pensumgroup.no\\\/sv\\\/konst\\\/#breadcrumb\"},\"inLanguage\":\"sv-SE\",\"potentialAction\":[{\"@type\":\"ReadAction\",\"target\":[\"https:\\\/\\\/pensumgroup.no\\\/sv\\\/konst\\\/\"]}]},{\"@type\":\"BreadcrumbList\",\"@id\":\"https:\\\/\\\/pensumgroup.no\\\/sv\\\/konst\\\/#breadcrumb\",\"itemListElement\":[{\"@type\":\"ListItem\",\"position\":1,\"name\":\"Forside\",\"item\":\"https:\\\/\\\/pensumgroup.no\\\/sv\\\/\"},{\"@type\":\"ListItem\",\"position\":2,\"name\":\"Konst\"}]},{\"@type\":\"WebSite\",\"@id\":\"https:\\\/\\\/pensumgroup.no\\\/sv\\\/#website\",\"url\":\"https:\\\/\\\/pensumgroup.no\\\/sv\\\/\",\"name\":\"Pensum Group\",\"description\":\"\",\"publisher\":{\"@id\":\"https:\\\/\\\/pensumgroup.no\\\/sv\\\/#organization\"},\"potentialAction\":[{\"@type\":\"SearchAction\",\"target\":{\"@type\":\"EntryPoint\",\"urlTemplate\":\"https:\\\/\\\/pensumgroup.no\\\/sv\\\/?s={search_term_string}\"},\"query-input\":{\"@type\":\"PropertyValueSpecification\",\"valueRequired\":true,\"valueName\":\"search_term_string\"}}],\"inLanguage\":\"sv-SE\"},{\"@type\":\"Organization\",\"@id\":\"https:\\\/\\\/pensumgroup.no\\\/sv\\\/#organization\",\"name\":\"Pensum Group\",\"url\":\"https:\\\/\\\/pensumgroup.no\\\/sv\\\/\",\"logo\":{\"@type\":\"ImageObject\",\"inLanguage\":\"sv-SE\",\"@id\":\"https:\\\/\\\/pensumgroup.no\\\/sv\\\/#\\\/schema\\\/logo\\\/image\\\/\",\"url\":\"https:\\\/\\\/pensumgroup.no\\\/wp-content\\\/uploads\\\/2021\\\/06\\\/cropped-Pensum-Logo-2021-Bredde-Lys-bla\u2560e.png\",\"contentUrl\":\"https:\\\/\\\/pensumgroup.no\\\/wp-content\\\/uploads\\\/2021\\\/06\\\/cropped-Pensum-Logo-2021-Bredde-Lys-bla\u2560e.png\",\"width\":462,\"height\":176,\"caption\":\"Pensum Group\"},\"image\":{\"@id\":\"https:\\\/\\\/pensumgroup.no\\\/sv\\\/#\\\/schema\\\/logo\\\/image\\\/\"}}]}<\/script>\n<!-- \/ Yoast SEO plugin. -->","yoast_head_json":{"title":"Konst - Pensum Group","robots":{"index":"index","follow":"follow","max-snippet":"max-snippet:-1","max-image-preview":"max-image-preview:large","max-video-preview":"max-video-preview:-1"},"canonical":"https:\/\/pensumgroup.no\/sv\/konst\/","og_locale":"sv_SE","og_type":"article","og_title":"Konst - Pensum Group","og_description":"Fine art Konstf\u00f6rs\u00e4kring Pensum har m\u00e5nga \u00e5rs erfarenhet som m\u00e4klare av konstf\u00f6rs\u00e4kringar f\u00f6r auktionshus, gallerier, antikhandlare och privata samlare. Vi kan d\u00e4rf\u00f6r erbjuda marknadens b\u00e4sta f\u00f6rs\u00e4kringsvillkor och premier. F\u00f6rs\u00e4kringen \u00e4r unik och t\u00e4cker alla fysiska skador. Alla transporter, m\u00e4ssor och utst\u00e4llningar ing\u00e5r ocks\u00e5. F\u00f6rs\u00e4kringen ska g\u00e4lla mellan alla f\u00f6rs\u00e4kringsorter. Smycken och dyra klockor kan ocks\u00e5 [&hellip;]","og_url":"https:\/\/pensumgroup.no\/sv\/konst\/","og_site_name":"Pensum Group","article_modified_time":"2023-03-24T16:32:51+00:00","twitter_card":"summary_large_image","twitter_misc":{"Ber\u00e4knad l\u00e4stid":"1 minut"},"schema":{"@context":"https:\/\/schema.org","@graph":[{"@type":"WebPage","@id":"https:\/\/pensumgroup.no\/sv\/konst\/","url":"https:\/\/pensumgroup.no\/sv\/konst\/","name":"Konst - Pensum Group","isPartOf":{"@id":"https:\/\/pensumgroup.no\/sv\/#website"},"datePublished":"2021-03-22T12:06:27+00:00","dateModified":"2023-03-24T16:32:51+00:00","breadcrumb":{"@id":"https:\/\/pensumgroup.no\/sv\/konst\/#breadcrumb"},"inLanguage":"sv-SE","potentialAction":[{"@type":"ReadAction","target":["https:\/\/pensumgroup.no\/sv\/konst\/"]}]},{"@type":"BreadcrumbList","@id":"https:\/\/pensumgroup.no\/sv\/konst\/#breadcrumb","itemListElement":[{"@type":"ListItem","position":1,"name":"Forside","item":"https:\/\/pensumgroup.no\/sv\/"},{"@type":"ListItem","position":2,"name":"Konst"}]},{"@type":"WebSite","@id":"https:\/\/pensumgroup.no\/sv\/#website","url":"https:\/\/pensumgroup.no\/sv\/","name":"Pensum Group","description":"","publisher":{"@id":"https:\/\/pensumgroup.no\/sv\/#organization"},"potentialAction":[{"@type":"SearchAction","target":{"@type":"EntryPoint","urlTemplate":"https:\/\/pensumgroup.no\/sv\/?s={search_term_string}"},"query-input":{"@type":"PropertyValueSpecification","valueRequired":true,"valueName":"search_term_string"}}],"inLanguage":"sv-SE"},{"@type":"Organization","@id":"https:\/\/pensumgroup.no\/sv\/#organization","name":"Pensum Group","url":"https:\/\/pensumgroup.no\/sv\/","logo":{"@type":"ImageObject","inLanguage":"sv-SE","@id":"https:\/\/pensumgroup.no\/sv\/#\/schema\/logo\/image\/","url":"https:\/\/pensumgroup.no\/wp-content\/uploads\/2021\/06\/cropped-Pensum-Logo-2021-Bredde-Lys-bla\u2560e.png","contentUrl":"https:\/\/pensumgroup.no\/wp-content\/uploads\/2021\/06\/cropped-Pensum-Logo-2021-Bredde-Lys-bla\u2560e.png","width":462,"height":176,"caption":"Pensum Group"},"image":{"@id":"https:\/\/pensumgroup.no\/sv\/#\/schema\/logo\/image\/"}}]}},"_links":{"self":[{"href":"https:\/\/pensumgroup.no\/sv\/wp-json\/wp\/v2\/pages\/8709","targetHints":{"allow":["GET"]}}],"collection":[{"href":"https:\/\/pensumgroup.no\/sv\/wp-json\/wp\/v2\/pages"}],"about":[{"href":"https:\/\/pensumgroup.no\/sv\/wp-json\/wp\/v2\/types\/page"}],"author":[{"embeddable":true,"href":"https:\/\/pensumgroup.no\/sv\/wp-json\/wp\/v2\/users\/1"}],"replies":[{"embeddable":true,"href":"https:\/\/pensumgroup.no\/sv\/wp-json\/wp\/v2\/comments?post=8709"}],"version-history":[{"count":3,"href":"https:\/\/pensumgroup.no\/sv\/wp-json\/wp\/v2\/pages\/8709\/revisions"}],"predecessor-version":[{"id":8712,"href":"https:\/\/pensumgroup.no\/sv\/wp-json\/wp\/v2\/pages\/8709\/revisions\/8712"}],"wp:attachment":[{"href":"https:\/\/pensumgroup.no\/sv\/wp-json\/wp\/v2\/media?parent=8709"}],"curies":[{"name":"wp","href":"https:\/\/api.w.org\/{rel}","templated":true}]}}