{"id":8713,"date":"2022-02-01T13:40:56","date_gmt":"2022-02-01T12:40:56","guid":{"rendered":"https:\/\/pensumgroup.no\/advokatforsakring\/"},"modified":"2023-03-24T17:35:47","modified_gmt":"2023-03-24T16:35:47","slug":"advokatforsakring","status":"publish","type":"page","link":"https:\/\/pensumgroup.no\/sv\/advokatforsakring\/","title":{"rendered":"Advokatf\u00f6rs\u00e4kring"},"content":{"rendered":"\t\t<div data-elementor-type=\"wp-page\" data-elementor-id=\"8713\" class=\"elementor elementor-8713 elementor-3055\" data-elementor-post-type=\"page\">\n\t\t\t\t\t\t<section class=\"elementor-section elementor-top-section elementor-element elementor-element-5ce59f95 elementor-section-height-min-height elementor-section-content-middle elementor-section-boxed elementor-section-height-default elementor-section-items-middle\" data-id=\"5ce59f95\" data-element_type=\"section\" data-e-type=\"section\" data-settings=\"{&quot;background_background&quot;:&quot;classic&quot;}\">\n\t\t\t\t\t\t\t<div class=\"elementor-background-overlay\"><\/div>\n\t\t\t\t\t\t\t<div class=\"elementor-container elementor-column-gap-default\">\n\t\t\t\t\t<div class=\"elementor-column elementor-col-50 elementor-top-column elementor-element elementor-element-4e81b028\" data-id=\"4e81b028\" data-element_type=\"column\" data-e-type=\"column\">\n\t\t\t<div class=\"elementor-widget-wrap elementor-element-populated\">\n\t\t\t\t\t\t<div class=\"elementor-element elementor-element-322b27e3 elementor-widget elementor-widget-heading\" data-id=\"322b27e3\" data-element_type=\"widget\" data-e-type=\"widget\" data-widget_type=\"heading.default\">\n\t\t\t\t<div class=\"elementor-widget-container\">\n\t\t\t\t\t<h2 class=\"elementor-heading-title elementor-size-default\">Advokatf\u00f6rs\u00e4kring<\/h2>\t\t\t\t<\/div>\n\t\t\t\t<\/div>\n\t\t\t\t\t<\/div>\n\t\t<\/div>\n\t\t\t\t<div class=\"elementor-column elementor-col-50 elementor-top-column elementor-element elementor-element-7d5d2462\" data-id=\"7d5d2462\" data-element_type=\"column\" data-e-type=\"column\">\n\t\t\t<div class=\"elementor-widget-wrap elementor-element-populated\">\n\t\t\t\t\t\t<div class=\"elementor-element elementor-element-6eb9bc2e elementor-align-right elementor-widget elementor-widget-breadcrumbs\" data-id=\"6eb9bc2e\" data-element_type=\"widget\" data-e-type=\"widget\" data-widget_type=\"breadcrumbs.default\">\n\t\t\t\t<div class=\"elementor-widget-container\">\n\t\t\t\t\t<p id=\"breadcrumbs\"><span><span><a href=\"https:\/\/pensumgroup.no\/sv\/\">Forside<\/a><\/span><\/span><\/p>\t\t\t\t<\/div>\n\t\t\t\t<\/div>\n\t\t\t\t\t<\/div>\n\t\t<\/div>\n\t\t\t\t\t<\/div>\n\t\t<\/section>\n\t\t\t\t<section class=\"elementor-section elementor-top-section elementor-element elementor-element-6530cea7 elementor-section-boxed elementor-section-height-default elementor-section-height-default\" data-id=\"6530cea7\" data-element_type=\"section\" data-e-type=\"section\">\n\t\t\t\t\t\t<div class=\"elementor-container elementor-column-gap-default\">\n\t\t\t\t\t<div class=\"elementor-column elementor-col-100 elementor-top-column elementor-element elementor-element-2197f810\" data-id=\"2197f810\" data-element_type=\"column\" data-e-type=\"column\">\n\t\t\t<div class=\"elementor-widget-wrap elementor-element-populated\">\n\t\t\t\t\t\t<div class=\"elementor-element elementor-element-69569b75 elementor-widget elementor-widget-heading\" data-id=\"69569b75\" data-element_type=\"widget\" data-e-type=\"widget\" data-widget_type=\"heading.default\">\n\t\t\t\t<div class=\"elementor-widget-container\">\n\t\t\t\t\t<h2 class=\"elementor-heading-title elementor-size-default\"><br>Advokatf\u00f6rs\u00e4kring<\/h2>\t\t\t\t<\/div>\n\t\t\t\t<\/div>\n\t\t\t\t<div class=\"elementor-element elementor-element-3a15e07b elementor-widget elementor-widget-text-editor\" data-id=\"3a15e07b\" data-element_type=\"widget\" data-e-type=\"widget\" data-widget_type=\"text-editor.default\">\n\t\t\t\t<div class=\"elementor-widget-container\">\n\t\t\t\t\t\t\t\t\t<p>R\u00e4ttsf\u00f6rs\u00e4kring ger ditt f\u00f6retag eller organisation snabb tillg\u00e5ng till specialiserad juridisk hj\u00e4lp. Det kan m\u00f6ta ett behov f\u00f6r f\u00f6retag eller organisationer som inte har en juridisk avdelning eller en fast advokatanknytning. F\u00f6rs\u00e4kringen kan ocks\u00e5 vara till nytta f\u00f6r dig som har en juridisk avdelning, men vill ha tillg\u00e5ng till ett st\u00f6rre urval av jurister, eller minska kostnaderna f\u00f6r extern juridisk hj\u00e4lp.<\/p>\n<p>En advokatf\u00f6rs\u00e4kring kostar s\u00e5 lite som ett par advokattimmar per \u00e5r. Advokatf\u00f6rs\u00e4kring kan anv\u00e4ndas f\u00f6r allm\u00e4n r\u00e5dgivning, f\u00f6r att f\u00f6rebygga tvister eller om f\u00f6retaget blir en del av en tvist. Att ing\u00e5 och tolka avtal kommer alltid att vara en del av att driva n\u00e5gon form av verksamhet. D\u00e4rmed kommer det alltid att finnas behov av juridisk hj\u00e4lp om avtalet inte g\u00e5r som planerat. D\u00e4rmed kommer det alltid att finnas behov av juridisk hj\u00e4lp om avtalet inte g\u00e5r som planerat.<\/p>\n<p>Vad f\u00e5r du t\u00e4ckt genom advokatf\u00f6rs\u00e4kringen?<\/p>\n<ul>\n<li>Tillg\u00e5ng till juridisk r\u00e5dgivning inom utvalda omr\u00e5den som ber\u00f6r de flesta f\u00f6retag och organisationer<\/li>\n<li>Juridisk hj\u00e4lp vid tvister<\/li>\n<li>Ingen ekonomisk risk vid r\u00e4tteg\u00e5ng<\/li>\n<\/ul>\n<p>Advokatf\u00f6rs\u00e4kringen bidrar till att trygga vardagen och verksamheten.<\/p>\n<p>Pensum Forsikringsmegling kan hj\u00e4lpa dig att hitta r\u00e4ttsf\u00f6rs\u00e4kringar f\u00f6r ditt f\u00f6retag, bransch eller organisation. H\u00f6r av dig f\u00f6r ett of\u00f6rpliktande samtal.<\/p>\n\t\t\t\t\t\t\t\t<\/div>\n\t\t\t\t<\/div>\n\t\t\t\t\t<\/div>\n\t\t<\/div>\n\t\t\t\t\t<\/div>\n\t\t<\/section>\n\t\t\t\t<section class=\"elementor-section elementor-top-section elementor-element elementor-element-44fa0614 elementor-section-boxed elementor-section-height-default elementor-section-height-default\" data-id=\"44fa0614\" data-element_type=\"section\" data-e-type=\"section\">\n\t\t\t\t\t\t<div class=\"elementor-container elementor-column-gap-default\">\n\t\t\t\t\t<div class=\"elementor-column elementor-col-100 elementor-top-column elementor-element elementor-element-f571203\" data-id=\"f571203\" data-element_type=\"column\" data-e-type=\"column\">\n\t\t\t<div class=\"elementor-widget-wrap elementor-element-populated\">\n\t\t\t\t\t\t<section class=\"elementor-section elementor-inner-section elementor-element elementor-element-55e26181 ignore-toc elementor-section-boxed elementor-section-height-default elementor-section-height-default\" data-id=\"55e26181\" data-element_type=\"section\" data-e-type=\"section\" data-settings=\"{&quot;background_background&quot;:&quot;classic&quot;}\">\n\t\t\t\t\t\t<div class=\"elementor-container elementor-column-gap-default\">\n\t\t\t\t\t<div class=\"elementor-column elementor-col-100 elementor-inner-column elementor-element elementor-element-b7533d7\" data-id=\"b7533d7\" data-element_type=\"column\" data-e-type=\"column\">\n\t\t\t<div class=\"elementor-widget-wrap elementor-element-populated\">\n\t\t\t\t\t\t<div class=\"elementor-element elementor-element-73d7cf48 elementor-widget-divider--view-line_text elementor-widget-divider--element-align-right elementor-widget elementor-widget-divider\" data-id=\"73d7cf48\" data-element_type=\"widget\" data-e-type=\"widget\" data-widget_type=\"divider.default\">\n\t\t\t\t<div class=\"elementor-widget-container\">\n\t\t\t\t\t\t\t<div class=\"elementor-divider\">\n\t\t\t<span class=\"elementor-divider-separator\">\n\t\t\t\t\t\t\t<span class=\"elementor-divider__text elementor-divider__element\">\n\t\t\t\tF\u00e5 de senaste uppdateringarna\t\t\t\t<\/span>\n\t\t\t\t\t\t<\/span>\n\t\t<\/div>\n\t\t\t\t\t\t<\/div>\n\t\t\t\t<\/div>\n\t\t\t\t<div class=\"elementor-element elementor-element-7e75d4d8 ignore-toc elementor-widget elementor-widget-heading\" data-id=\"7e75d4d8\" data-element_type=\"widget\" data-e-type=\"widget\" data-widget_type=\"heading.default\">\n\t\t\t\t<div class=\"elementor-widget-container\">\n\t\t\t\t\t<h2 class=\"elementor-heading-title elementor-size-default\">Anm\u00e4l dig till v\u00e5rt nyhetsbrev<\/h2>\t\t\t\t<\/div>\n\t\t\t\t<\/div>\n\t\t\t\t<div class=\"elementor-element elementor-element-121a855f elementor-widget elementor-widget-text-editor\" data-id=\"121a855f\" data-element_type=\"widget\" data-e-type=\"widget\" data-widget_type=\"text-editor.default\">\n\t\t\t\t<div class=\"elementor-widget-container\">\n\t\t\t\t\t\t\t\t\t<p>Ingen spam &#8211; bara nyheter fr\u00e5n Pensum<\/p>\n\t\t\t\t\t\t\t\t<\/div>\n\t\t\t\t<\/div>\n\t\t\t\t\t<\/div>\n\t\t<\/div>\n\t\t\t\t\t<\/div>\n\t\t<\/section>\n\t\t\t\t<section class=\"elementor-section elementor-inner-section elementor-element elementor-element-cdd0aa2 elementor-section-boxed elementor-section-height-default elementor-section-height-default\" data-id=\"cdd0aa2\" data-element_type=\"section\" data-e-type=\"section\">\n\t\t\t\t\t\t<div class=\"elementor-container elementor-column-gap-default\">\n\t\t\t\t\t<div class=\"elementor-column elementor-col-100 elementor-inner-column elementor-element elementor-element-2e8c552e\" data-id=\"2e8c552e\" data-element_type=\"column\" data-e-type=\"column\">\n\t\t\t<div class=\"elementor-widget-wrap elementor-element-populated\">\n\t\t\t\t\t\t<div class=\"elementor-element elementor-element-240ae8c0 elementor-widget elementor-widget-shortcode\" data-id=\"240ae8c0\" data-element_type=\"widget\" data-e-type=\"widget\" data-widget_type=\"shortcode.default\">\n\t\t\t\t<div class=\"elementor-widget-container\">\n\t\t\t\t\t\t\t<div class=\"elementor-shortcode\"><script>(function() {\n\twindow.mc4wp = window.mc4wp || {\n\t\tlisteners: [],\n\t\tforms: {\n\t\t\ton: function(evt, cb) {\n\t\t\t\twindow.mc4wp.listeners.push(\n\t\t\t\t\t{\n\t\t\t\t\t\tevent   : evt,\n\t\t\t\t\t\tcallback: cb\n\t\t\t\t\t}\n\t\t\t\t);\n\t\t\t}\n\t\t}\n\t}\n})();\n<\/script><!-- Mailchimp for WordPress v4.12.2 - https:\/\/wordpress.org\/plugins\/mailchimp-for-wp\/ --><form id=\"mc4wp-form-1\" class=\"mc4wp-form mc4wp-form-1535\" method=\"post\" data-id=\"1535\" data-name=\"Nyhetsbrev\" ><div class=\"mc4wp-form-fields\"><p>\r\n    <label>Fornavn*<\/label>\r\n    <input type=\"text\" name=\"FNAME\" placeholder=\"Ditt fornavn\"\r\n    required=\"\">\r\n<\/p>\r\n<p>\r\n    <label>Etternavn*<\/label>\r\n    <input type=\"text\" name=\"LNAME\" placeholder=\"Ditt etternavn\"\r\n    required=\"\">\r\n<\/p>\r\n\r\n<p>\r\n\t<label>E-postadresse: *<\/label>\r\n\t\t<input type=\"email\" name=\"EMAIL\" placeholder=\"Din e-post\" required \/>\r\n<\/label>\r\n<\/p>\r\n\r\n<p>\r\n\t<input type=\"submit\" value=\"MOTTA NYHETSBREV\" \/>\r\n<\/p><\/div><label style=\"display: none !important;\">L\u00e5t detta f\u00e4lt vara tomt om du \u00e4r m\u00e4nniska: <input type=\"text\" name=\"_mc4wp_honeypot\" value=\"\" tabindex=\"-1\" autocomplete=\"off\" \/><\/label><input type=\"hidden\" name=\"_mc4wp_timestamp\" value=\"1777666112\" \/><input type=\"hidden\" name=\"_mc4wp_form_id\" value=\"1535\" \/><input type=\"hidden\" name=\"_mc4wp_form_element_id\" value=\"mc4wp-form-1\" \/><div class=\"mc4wp-response\"><\/div><\/form><!-- \/ Mailchimp for WordPress Plugin --><\/div>\n\t\t\t\t\t\t<\/div>\n\t\t\t\t<\/div>\n\t\t\t\t\t<\/div>\n\t\t<\/div>\n\t\t\t\t\t<\/div>\n\t\t<\/section>\n\t\t\t\t\t<\/div>\n\t\t<\/div>\n\t\t\t\t\t<\/div>\n\t\t<\/section>\n\t\t\t\t<\/div>\n\t\t","protected":false},"excerpt":{"rendered":"<p>Advokatf\u00f6rs\u00e4kring Advokatf\u00f6rs\u00e4kring R\u00e4ttsf\u00f6rs\u00e4kring ger ditt f\u00f6retag eller organisation snabb tillg\u00e5ng till specialiserad juridisk hj\u00e4lp. Det kan m\u00f6ta ett behov f\u00f6r f\u00f6retag eller organisationer som inte har en juridisk avdelning eller en fast advokatanknytning. F\u00f6rs\u00e4kringen kan ocks\u00e5 vara till nytta f\u00f6r dig som har en juridisk avdelning, men vill ha tillg\u00e5ng till ett st\u00f6rre urval av [&hellip;]<\/p>\n","protected":false},"author":2,"featured_media":0,"parent":0,"menu_order":0,"comment_status":"closed","ping_status":"closed","template":"","meta":{"_acf_changed":false,"footnotes":""},"class_list":["post-8713","page","type-page","status-publish","hentry"],"acf":[],"yoast_head":"<!-- This site is optimized with the Yoast SEO plugin v27.5 - https:\/\/yoast.com\/product\/yoast-seo-wordpress\/ -->\n<title>Advokatf\u00f6rs\u00e4kring - Pensum Group<\/title>\n<meta name=\"robots\" content=\"index, follow, max-snippet:-1, max-image-preview:large, max-video-preview:-1\" \/>\n<link rel=\"canonical\" href=\"https:\/\/pensumgroup.no\/sv\/advokatforsakring\/\" \/>\n<meta property=\"og:locale\" content=\"sv_SE\" \/>\n<meta property=\"og:type\" content=\"article\" \/>\n<meta property=\"og:title\" content=\"Advokatf\u00f6rs\u00e4kring - Pensum Group\" \/>\n<meta property=\"og:description\" content=\"Advokatf\u00f6rs\u00e4kring Advokatf\u00f6rs\u00e4kring R\u00e4ttsf\u00f6rs\u00e4kring ger ditt f\u00f6retag eller organisation snabb tillg\u00e5ng till specialiserad juridisk hj\u00e4lp. Det kan m\u00f6ta ett behov f\u00f6r f\u00f6retag eller organisationer som inte har en juridisk avdelning eller en fast advokatanknytning. F\u00f6rs\u00e4kringen kan ocks\u00e5 vara till nytta f\u00f6r dig som har en juridisk avdelning, men vill ha tillg\u00e5ng till ett st\u00f6rre urval av [&hellip;]\" \/>\n<meta property=\"og:url\" content=\"https:\/\/pensumgroup.no\/sv\/advokatforsakring\/\" \/>\n<meta property=\"og:site_name\" content=\"Pensum Group\" \/>\n<meta property=\"article:modified_time\" content=\"2023-03-24T16:35:47+00:00\" \/>\n<meta name=\"twitter:card\" content=\"summary_large_image\" \/>\n<meta name=\"twitter:label1\" content=\"Ber\u00e4knad l\u00e4stid\" \/>\n\t<meta name=\"twitter:data1\" content=\"1 minut\" \/>\n<script type=\"application\/ld+json\" class=\"yoast-schema-graph\">{\"@context\":\"https:\\\/\\\/schema.org\",\"@graph\":[{\"@type\":\"WebPage\",\"@id\":\"https:\\\/\\\/pensumgroup.no\\\/sv\\\/advokatforsakring\\\/\",\"url\":\"https:\\\/\\\/pensumgroup.no\\\/sv\\\/advokatforsakring\\\/\",\"name\":\"Advokatf\u00f6rs\u00e4kring - Pensum Group\",\"isPartOf\":{\"@id\":\"https:\\\/\\\/pensumgroup.no\\\/sv\\\/#website\"},\"datePublished\":\"2022-02-01T12:40:56+00:00\",\"dateModified\":\"2023-03-24T16:35:47+00:00\",\"breadcrumb\":{\"@id\":\"https:\\\/\\\/pensumgroup.no\\\/sv\\\/advokatforsakring\\\/#breadcrumb\"},\"inLanguage\":\"sv-SE\",\"potentialAction\":[{\"@type\":\"ReadAction\",\"target\":[\"https:\\\/\\\/pensumgroup.no\\\/sv\\\/advokatforsakring\\\/\"]}]},{\"@type\":\"BreadcrumbList\",\"@id\":\"https:\\\/\\\/pensumgroup.no\\\/sv\\\/advokatforsakring\\\/#breadcrumb\",\"itemListElement\":[{\"@type\":\"ListItem\",\"position\":1,\"name\":\"Forside\",\"item\":\"https:\\\/\\\/pensumgroup.no\\\/sv\\\/\"},{\"@type\":\"ListItem\",\"position\":2,\"name\":\"Advokatf\u00f6rs\u00e4kring\"}]},{\"@type\":\"WebSite\",\"@id\":\"https:\\\/\\\/pensumgroup.no\\\/sv\\\/#website\",\"url\":\"https:\\\/\\\/pensumgroup.no\\\/sv\\\/\",\"name\":\"Pensum Group\",\"description\":\"\",\"publisher\":{\"@id\":\"https:\\\/\\\/pensumgroup.no\\\/sv\\\/#organization\"},\"potentialAction\":[{\"@type\":\"SearchAction\",\"target\":{\"@type\":\"EntryPoint\",\"urlTemplate\":\"https:\\\/\\\/pensumgroup.no\\\/sv\\\/?s={search_term_string}\"},\"query-input\":{\"@type\":\"PropertyValueSpecification\",\"valueRequired\":true,\"valueName\":\"search_term_string\"}}],\"inLanguage\":\"sv-SE\"},{\"@type\":\"Organization\",\"@id\":\"https:\\\/\\\/pensumgroup.no\\\/sv\\\/#organization\",\"name\":\"Pensum Group\",\"url\":\"https:\\\/\\\/pensumgroup.no\\\/sv\\\/\",\"logo\":{\"@type\":\"ImageObject\",\"inLanguage\":\"sv-SE\",\"@id\":\"https:\\\/\\\/pensumgroup.no\\\/sv\\\/#\\\/schema\\\/logo\\\/image\\\/\",\"url\":\"https:\\\/\\\/pensumgroup.no\\\/wp-content\\\/uploads\\\/2021\\\/06\\\/cropped-Pensum-Logo-2021-Bredde-Lys-bla\u2560e.png\",\"contentUrl\":\"https:\\\/\\\/pensumgroup.no\\\/wp-content\\\/uploads\\\/2021\\\/06\\\/cropped-Pensum-Logo-2021-Bredde-Lys-bla\u2560e.png\",\"width\":462,\"height\":176,\"caption\":\"Pensum Group\"},\"image\":{\"@id\":\"https:\\\/\\\/pensumgroup.no\\\/sv\\\/#\\\/schema\\\/logo\\\/image\\\/\"}}]}<\/script>\n<!-- \/ Yoast SEO plugin. -->","yoast_head_json":{"title":"Advokatf\u00f6rs\u00e4kring - Pensum Group","robots":{"index":"index","follow":"follow","max-snippet":"max-snippet:-1","max-image-preview":"max-image-preview:large","max-video-preview":"max-video-preview:-1"},"canonical":"https:\/\/pensumgroup.no\/sv\/advokatforsakring\/","og_locale":"sv_SE","og_type":"article","og_title":"Advokatf\u00f6rs\u00e4kring - Pensum Group","og_description":"Advokatf\u00f6rs\u00e4kring Advokatf\u00f6rs\u00e4kring R\u00e4ttsf\u00f6rs\u00e4kring ger ditt f\u00f6retag eller organisation snabb tillg\u00e5ng till specialiserad juridisk hj\u00e4lp. Det kan m\u00f6ta ett behov f\u00f6r f\u00f6retag eller organisationer som inte har en juridisk avdelning eller en fast advokatanknytning. F\u00f6rs\u00e4kringen kan ocks\u00e5 vara till nytta f\u00f6r dig som har en juridisk avdelning, men vill ha tillg\u00e5ng till ett st\u00f6rre urval av [&hellip;]","og_url":"https:\/\/pensumgroup.no\/sv\/advokatforsakring\/","og_site_name":"Pensum Group","article_modified_time":"2023-03-24T16:35:47+00:00","twitter_card":"summary_large_image","twitter_misc":{"Ber\u00e4knad l\u00e4stid":"1 minut"},"schema":{"@context":"https:\/\/schema.org","@graph":[{"@type":"WebPage","@id":"https:\/\/pensumgroup.no\/sv\/advokatforsakring\/","url":"https:\/\/pensumgroup.no\/sv\/advokatforsakring\/","name":"Advokatf\u00f6rs\u00e4kring - Pensum Group","isPartOf":{"@id":"https:\/\/pensumgroup.no\/sv\/#website"},"datePublished":"2022-02-01T12:40:56+00:00","dateModified":"2023-03-24T16:35:47+00:00","breadcrumb":{"@id":"https:\/\/pensumgroup.no\/sv\/advokatforsakring\/#breadcrumb"},"inLanguage":"sv-SE","potentialAction":[{"@type":"ReadAction","target":["https:\/\/pensumgroup.no\/sv\/advokatforsakring\/"]}]},{"@type":"BreadcrumbList","@id":"https:\/\/pensumgroup.no\/sv\/advokatforsakring\/#breadcrumb","itemListElement":[{"@type":"ListItem","position":1,"name":"Forside","item":"https:\/\/pensumgroup.no\/sv\/"},{"@type":"ListItem","position":2,"name":"Advokatf\u00f6rs\u00e4kring"}]},{"@type":"WebSite","@id":"https:\/\/pensumgroup.no\/sv\/#website","url":"https:\/\/pensumgroup.no\/sv\/","name":"Pensum Group","description":"","publisher":{"@id":"https:\/\/pensumgroup.no\/sv\/#organization"},"potentialAction":[{"@type":"SearchAction","target":{"@type":"EntryPoint","urlTemplate":"https:\/\/pensumgroup.no\/sv\/?s={search_term_string}"},"query-input":{"@type":"PropertyValueSpecification","valueRequired":true,"valueName":"search_term_string"}}],"inLanguage":"sv-SE"},{"@type":"Organization","@id":"https:\/\/pensumgroup.no\/sv\/#organization","name":"Pensum Group","url":"https:\/\/pensumgroup.no\/sv\/","logo":{"@type":"ImageObject","inLanguage":"sv-SE","@id":"https:\/\/pensumgroup.no\/sv\/#\/schema\/logo\/image\/","url":"https:\/\/pensumgroup.no\/wp-content\/uploads\/2021\/06\/cropped-Pensum-Logo-2021-Bredde-Lys-bla\u2560e.png","contentUrl":"https:\/\/pensumgroup.no\/wp-content\/uploads\/2021\/06\/cropped-Pensum-Logo-2021-Bredde-Lys-bla\u2560e.png","width":462,"height":176,"caption":"Pensum Group"},"image":{"@id":"https:\/\/pensumgroup.no\/sv\/#\/schema\/logo\/image\/"}}]}},"_links":{"self":[{"href":"https:\/\/pensumgroup.no\/sv\/wp-json\/wp\/v2\/pages\/8713","targetHints":{"allow":["GET"]}}],"collection":[{"href":"https:\/\/pensumgroup.no\/sv\/wp-json\/wp\/v2\/pages"}],"about":[{"href":"https:\/\/pensumgroup.no\/sv\/wp-json\/wp\/v2\/types\/page"}],"author":[{"embeddable":true,"href":"https:\/\/pensumgroup.no\/sv\/wp-json\/wp\/v2\/users\/2"}],"replies":[{"embeddable":true,"href":"https:\/\/pensumgroup.no\/sv\/wp-json\/wp\/v2\/comments?post=8713"}],"version-history":[{"count":3,"href":"https:\/\/pensumgroup.no\/sv\/wp-json\/wp\/v2\/pages\/8713\/revisions"}],"predecessor-version":[{"id":8716,"href":"https:\/\/pensumgroup.no\/sv\/wp-json\/wp\/v2\/pages\/8713\/revisions\/8716"}],"wp:attachment":[{"href":"https:\/\/pensumgroup.no\/sv\/wp-json\/wp\/v2\/media?parent=8713"}],"curies":[{"name":"wp","href":"https:\/\/api.w.org\/{rel}","templated":true}]}}