{"id":8717,"date":"2022-09-27T15:28:37","date_gmt":"2022-09-27T13:28:37","guid":{"rendered":"https:\/\/pensumgroup.no\/styrelseansvar-och-styrelseansvar-forsiktighetsatgard\/"},"modified":"2023-03-24T17:39:46","modified_gmt":"2023-03-24T16:39:46","slug":"styrelseansvar-och-styrelseansvar-forsiktighetsatgard","status":"publish","type":"page","link":"https:\/\/pensumgroup.no\/sv\/styrelseansvar-och-styrelseansvar-forsiktighetsatgard\/","title":{"rendered":"Styrelseansvar och styrelseansvar f\u00f6rsiktighets\u00e5tg\u00e4rd"},"content":{"rendered":"\t\t<div data-elementor-type=\"wp-page\" data-elementor-id=\"8717\" class=\"elementor elementor-8717 elementor-3861\" data-elementor-post-type=\"page\">\n\t\t\t\t\t\t<section class=\"elementor-section elementor-top-section elementor-element elementor-element-43a5f0e4 elementor-section-height-min-height elementor-section-content-middle elementor-section-boxed elementor-section-height-default elementor-section-items-middle\" data-id=\"43a5f0e4\" data-element_type=\"section\" data-e-type=\"section\" data-settings=\"{&quot;background_background&quot;:&quot;classic&quot;}\">\n\t\t\t\t\t\t\t<div class=\"elementor-background-overlay\"><\/div>\n\t\t\t\t\t\t\t<div class=\"elementor-container elementor-column-gap-default\">\n\t\t\t\t\t<div class=\"elementor-column elementor-col-50 elementor-top-column elementor-element elementor-element-7c55d88b\" data-id=\"7c55d88b\" data-element_type=\"column\" data-e-type=\"column\">\n\t\t\t<div class=\"elementor-widget-wrap elementor-element-populated\">\n\t\t\t\t\t\t<div class=\"elementor-element elementor-element-344a766d elementor-widget elementor-widget-heading\" data-id=\"344a766d\" data-element_type=\"widget\" data-e-type=\"widget\" data-widget_type=\"heading.default\">\n\t\t\t\t<div class=\"elementor-widget-container\">\n\t\t\t\t\t<h2 class=\"elementor-heading-title elementor-size-default\">Styrelseansvar och styrelseansvar f\u00f6rsiktighets\u00e5tg\u00e4rd<\/h2>\t\t\t\t<\/div>\n\t\t\t\t<\/div>\n\t\t\t\t\t<\/div>\n\t\t<\/div>\n\t\t\t\t<div class=\"elementor-column elementor-col-50 elementor-top-column elementor-element elementor-element-4460724\" data-id=\"4460724\" data-element_type=\"column\" data-e-type=\"column\">\n\t\t\t<div class=\"elementor-widget-wrap elementor-element-populated\">\n\t\t\t\t\t\t<div class=\"elementor-element elementor-element-4a09bb6b elementor-align-right elementor-widget elementor-widget-breadcrumbs\" data-id=\"4a09bb6b\" data-element_type=\"widget\" data-e-type=\"widget\" data-widget_type=\"breadcrumbs.default\">\n\t\t\t\t<div class=\"elementor-widget-container\">\n\t\t\t\t\t<p id=\"breadcrumbs\"><span><span><a href=\"https:\/\/pensumgroup.no\/sv\/\">Forside<\/a><\/span><\/span><\/p>\t\t\t\t<\/div>\n\t\t\t\t<\/div>\n\t\t\t\t\t<\/div>\n\t\t<\/div>\n\t\t\t\t\t<\/div>\n\t\t<\/section>\n\t\t\t\t<section class=\"elementor-section elementor-top-section elementor-element elementor-element-51a621f elementor-section-boxed elementor-section-height-default elementor-section-height-default\" data-id=\"51a621f\" data-element_type=\"section\" data-e-type=\"section\">\n\t\t\t\t\t\t<div class=\"elementor-container elementor-column-gap-default\">\n\t\t\t\t\t<div class=\"elementor-column elementor-col-100 elementor-top-column elementor-element elementor-element-d85df45\" data-id=\"d85df45\" data-element_type=\"column\" data-e-type=\"column\">\n\t\t\t<div class=\"elementor-widget-wrap elementor-element-populated\">\n\t\t\t\t\t\t<div class=\"elementor-element elementor-element-44ffbc9 elementor-widget elementor-widget-spacer\" data-id=\"44ffbc9\" data-element_type=\"widget\" data-e-type=\"widget\" data-widget_type=\"spacer.default\">\n\t\t\t\t<div class=\"elementor-widget-container\">\n\t\t\t\t\t\t\t<div class=\"elementor-spacer\">\n\t\t\t<div class=\"elementor-spacer-inner\"><\/div>\n\t\t<\/div>\n\t\t\t\t\t\t<\/div>\n\t\t\t\t<\/div>\n\t\t\t\t<div class=\"elementor-element elementor-element-8a71b60 elementor-widget elementor-widget-text-editor\" data-id=\"8a71b60\" data-element_type=\"widget\" data-e-type=\"widget\" data-widget_type=\"text-editor.default\">\n\t\t\t\t<div class=\"elementor-widget-container\">\n\t\t\t\t\t\t\t\t\t<p>Styrelseansvarsf\u00f6rs\u00e4kring eller D&amp;O (styrelseledam\u00f6ter och tj\u00e4nstem\u00e4n), som f\u00f6rs\u00e4kringen ocks\u00e5 kallas, \u00e4r f\u00f6rs\u00e4kring mot ansvar styrelseledam\u00f6ter och andra i ledningen kan \u00e5dra sig p\u00e5 grund av felaktiga beslut eller andra dispositioner som orsakar n\u00e5gon ekonomisk skada. Detta \u00e4r ett personligt ekonomiskt ansvar och kravet kan d\u00e4rf\u00f6r riktas mot enskilda i styrelse eller ledning.<\/p>\n<p>Styrelseansvar uppst\u00e5r ur det som kallas culpaansvar, vilket inneb\u00e4r ansvar f\u00f6r skada orsakad av v\u00e5rdsl\u00f6shet. Styrelseledam\u00f6ter och andra i ledningen har en aktsamhetsplikt. Styrelseledam\u00f6ter och andra i ledningen har en aktsamhetsplikt. I detta ligger en f\u00f6rv\u00e4ntan om att styrelsens och ledningens bed\u00f6mningar baseras p\u00e5 ett noggrant beslut. F\u00f6rsummelse har en gr\u00e4ns f\u00f6r avsiktlig\/medveten skada \u00e5 ena sidan och oavsiktliga olyckor \u00e5 andra sidan. Det \u00e4r de oaktsamma och avsiktliga handlingarna som kan utl\u00f6sa styrelseansvar.<\/p>\n<p>Styrelsen \u00e4r i princip kollektivt ansvarig f\u00f6r de beslut som fattas. Du kan d\u00e4rf\u00f6r bli skadest\u00e5ndsskyldig f\u00f6r beslut som fattas av n\u00e4mnden \u00e4ven om du inte haft en aktiv roll under den beslutsprocess som ledde till skadest\u00e5ndsskyldighet. Med det sagt kommer en ledamot som r\u00f6stat emot beslutet normalt inte att h\u00e5llas ansvarig om detta kan dokumenteras.<\/p>\n<p>Exempel p\u00e5 situationer d\u00e4r ledningen eller styrelsen kan \u00e5dra sig en fordran \u00e4r f\u00f6rv\u00e4rvsprocesser, emissioner och kapital\u00f6kningar, neddragningsprocesser och konkurs. I alla s\u00e5dana situationer finns det m\u00e5nga bed\u00f6mningar att g\u00f6ra och beslut att fatta. Dessa kan senare ligga till grund f\u00f6r krav mot dem som satt i styrelsen eller ledningen n\u00e4r beslutet fattades.<\/p>\n<p>Som utg\u00e5ngspunkt \u00e4r styrelsearbete inte farligt och att bara vara styrelseledamot inneb\u00e4r inget ansvar. Det viktigaste \u00e4r att du tar det ansvar som \u00e4r f\u00f6rknippat med den position du befinner dig i p\u00e5 allvar.<\/p>\n<p>F\u00f6r aktiebolag regleras styrelseansvaret i aktiebolagslagen. F\u00f6r f\u00f6reningar g\u00e4ller inte styrelseansvaret enligt lag. <br \/>Styrelsens ansvarsf\u00f6rs\u00e4kring t\u00e4cker i allm\u00e4nhet det personliga ekonomiska ansvar du har som ledamot i styrelse eller ledning. Detta \u00e4r en anv\u00e4ndbar f\u00f6rs\u00e4kring som kostar lite j\u00e4mf\u00f6rt med den s\u00e4kerhet den ger.<\/p>\n<p>Kontakta oss p\u00e5 Pensum Forsikringsmegling f\u00f6r en of\u00f6rpliktande pratstund om styrelseansvarsf\u00f6rs\u00e4kring f\u00f6r ditt f\u00f6retag, bostadsr\u00e4tt, eller f\u00f6rening. Vi kan hj\u00e4lpa till med en \u00f6versyn av dina f\u00f6rs\u00e4kringsavtal och bist\u00e5 i dialogen med bolagen s\u00e5 att du f\u00e5r b\u00e4sta m\u00f6jliga skydd anpassat efter dina behov.<\/p>\n\t\t\t\t\t\t\t\t<\/div>\n\t\t\t\t<\/div>\n\t\t\t\t\t<\/div>\n\t\t<\/div>\n\t\t\t\t\t<\/div>\n\t\t<\/section>\n\t\t\t\t<section class=\"elementor-section elementor-top-section elementor-element elementor-element-5207cc0 elementor-section-boxed elementor-section-height-default elementor-section-height-default\" data-id=\"5207cc0\" data-element_type=\"section\" data-e-type=\"section\">\n\t\t\t\t\t\t<div class=\"elementor-container elementor-column-gap-default\">\n\t\t\t\t\t<div class=\"elementor-column elementor-col-100 elementor-top-column elementor-element elementor-element-13eea59\" data-id=\"13eea59\" data-element_type=\"column\" data-e-type=\"column\">\n\t\t\t<div class=\"elementor-widget-wrap elementor-element-populated\">\n\t\t\t\t\t\t<div class=\"elementor-element elementor-element-259210c elementor-widget elementor-widget-image\" data-id=\"259210c\" data-element_type=\"widget\" data-e-type=\"widget\" data-widget_type=\"image.default\">\n\t\t\t\t<div class=\"elementor-widget-container\">\n\t\t\t\t\t\t\t\t\t\t\t\t\t\t\t<img fetchpriority=\"high\" decoding=\"async\" width=\"573\" height=\"524\" src=\"https:\/\/pensumgroup.no\/wp-content\/uploads\/2022\/09\/Styreansvar.png\" class=\"attachment-large size-large wp-image-8028\" alt=\"\" srcset=\"https:\/\/pensumgroup.no\/wp-content\/uploads\/2022\/09\/Styreansvar.png 573w, https:\/\/pensumgroup.no\/wp-content\/uploads\/2022\/09\/Styreansvar-300x274.png 300w\" sizes=\"(max-width: 573px) 100vw, 573px\" \/>\t\t\t\t\t\t\t\t\t\t\t\t\t\t\t<\/div>\n\t\t\t\t<\/div>\n\t\t\t\t\t<\/div>\n\t\t<\/div>\n\t\t\t\t\t<\/div>\n\t\t<\/section>\n\t\t\t\t<\/div>\n\t\t","protected":false},"excerpt":{"rendered":"<p>Styrelseansvar och styrelseansvar f\u00f6rsiktighets\u00e5tg\u00e4rd Styrelseansvarsf\u00f6rs\u00e4kring eller D&amp;O (styrelseledam\u00f6ter och tj\u00e4nstem\u00e4n), som f\u00f6rs\u00e4kringen ocks\u00e5 kallas, \u00e4r f\u00f6rs\u00e4kring mot ansvar styrelseledam\u00f6ter och andra i ledningen kan \u00e5dra sig p\u00e5 grund av felaktiga beslut eller andra dispositioner som orsakar n\u00e5gon ekonomisk skada. Detta \u00e4r ett personligt ekonomiskt ansvar och kravet kan d\u00e4rf\u00f6r riktas mot enskilda i styrelse eller [&hellip;]<\/p>\n","protected":false},"author":2,"featured_media":0,"parent":0,"menu_order":0,"comment_status":"closed","ping_status":"closed","template":"","meta":{"_acf_changed":false,"footnotes":""},"class_list":["post-8717","page","type-page","status-publish","hentry"],"acf":[],"yoast_head":"<!-- This site is optimized with the Yoast SEO plugin v27.5 - https:\/\/yoast.com\/product\/yoast-seo-wordpress\/ -->\n<title>Styrelseansvar och styrelseansvar f\u00f6rsiktighets\u00e5tg\u00e4rd - Pensum Group<\/title>\n<meta name=\"robots\" content=\"index, follow, max-snippet:-1, max-image-preview:large, max-video-preview:-1\" \/>\n<link rel=\"canonical\" href=\"https:\/\/pensumgroup.no\/sv\/styrelseansvar-och-styrelseansvar-forsiktighetsatgard\/\" \/>\n<meta property=\"og:locale\" content=\"sv_SE\" \/>\n<meta property=\"og:type\" content=\"article\" \/>\n<meta property=\"og:title\" content=\"Styrelseansvar och styrelseansvar f\u00f6rsiktighets\u00e5tg\u00e4rd - Pensum Group\" \/>\n<meta property=\"og:description\" content=\"Styrelseansvar och styrelseansvar f\u00f6rsiktighets\u00e5tg\u00e4rd Styrelseansvarsf\u00f6rs\u00e4kring eller D&amp;O (styrelseledam\u00f6ter och tj\u00e4nstem\u00e4n), som f\u00f6rs\u00e4kringen ocks\u00e5 kallas, \u00e4r f\u00f6rs\u00e4kring mot ansvar styrelseledam\u00f6ter och andra i ledningen kan \u00e5dra sig p\u00e5 grund av felaktiga beslut eller andra dispositioner som orsakar n\u00e5gon ekonomisk skada. Detta \u00e4r ett personligt ekonomiskt ansvar och kravet kan d\u00e4rf\u00f6r riktas mot enskilda i styrelse eller [&hellip;]\" \/>\n<meta property=\"og:url\" content=\"https:\/\/pensumgroup.no\/sv\/styrelseansvar-och-styrelseansvar-forsiktighetsatgard\/\" \/>\n<meta property=\"og:site_name\" content=\"Pensum Group\" \/>\n<meta property=\"article:modified_time\" content=\"2023-03-24T16:39:46+00:00\" \/>\n<meta property=\"og:image\" content=\"https:\/\/pensumgroup.no\/wp-content\/uploads\/2022\/09\/Styreansvar.png\" \/>\n<meta name=\"twitter:card\" content=\"summary_large_image\" \/>\n<meta name=\"twitter:label1\" content=\"Ber\u00e4knad l\u00e4stid\" \/>\n\t<meta name=\"twitter:data1\" content=\"2 minuter\" \/>\n<script type=\"application\/ld+json\" class=\"yoast-schema-graph\">{\"@context\":\"https:\\\/\\\/schema.org\",\"@graph\":[{\"@type\":\"WebPage\",\"@id\":\"https:\\\/\\\/pensumgroup.no\\\/sv\\\/styrelseansvar-och-styrelseansvar-forsiktighetsatgard\\\/\",\"url\":\"https:\\\/\\\/pensumgroup.no\\\/sv\\\/styrelseansvar-och-styrelseansvar-forsiktighetsatgard\\\/\",\"name\":\"Styrelseansvar och styrelseansvar f\u00f6rsiktighets\u00e5tg\u00e4rd - Pensum Group\",\"isPartOf\":{\"@id\":\"https:\\\/\\\/pensumgroup.no\\\/sv\\\/#website\"},\"primaryImageOfPage\":{\"@id\":\"https:\\\/\\\/pensumgroup.no\\\/sv\\\/styrelseansvar-och-styrelseansvar-forsiktighetsatgard\\\/#primaryimage\"},\"image\":{\"@id\":\"https:\\\/\\\/pensumgroup.no\\\/sv\\\/styrelseansvar-och-styrelseansvar-forsiktighetsatgard\\\/#primaryimage\"},\"thumbnailUrl\":\"https:\\\/\\\/pensumgroup.no\\\/wp-content\\\/uploads\\\/2022\\\/09\\\/Styreansvar.png\",\"datePublished\":\"2022-09-27T13:28:37+00:00\",\"dateModified\":\"2023-03-24T16:39:46+00:00\",\"breadcrumb\":{\"@id\":\"https:\\\/\\\/pensumgroup.no\\\/sv\\\/styrelseansvar-och-styrelseansvar-forsiktighetsatgard\\\/#breadcrumb\"},\"inLanguage\":\"sv-SE\",\"potentialAction\":[{\"@type\":\"ReadAction\",\"target\":[\"https:\\\/\\\/pensumgroup.no\\\/sv\\\/styrelseansvar-och-styrelseansvar-forsiktighetsatgard\\\/\"]}]},{\"@type\":\"ImageObject\",\"inLanguage\":\"sv-SE\",\"@id\":\"https:\\\/\\\/pensumgroup.no\\\/sv\\\/styrelseansvar-och-styrelseansvar-forsiktighetsatgard\\\/#primaryimage\",\"url\":\"https:\\\/\\\/pensumgroup.no\\\/wp-content\\\/uploads\\\/2022\\\/09\\\/Styreansvar.png\",\"contentUrl\":\"https:\\\/\\\/pensumgroup.no\\\/wp-content\\\/uploads\\\/2022\\\/09\\\/Styreansvar.png\"},{\"@type\":\"BreadcrumbList\",\"@id\":\"https:\\\/\\\/pensumgroup.no\\\/sv\\\/styrelseansvar-och-styrelseansvar-forsiktighetsatgard\\\/#breadcrumb\",\"itemListElement\":[{\"@type\":\"ListItem\",\"position\":1,\"name\":\"Forside\",\"item\":\"https:\\\/\\\/pensumgroup.no\\\/sv\\\/\"},{\"@type\":\"ListItem\",\"position\":2,\"name\":\"Styrelseansvar och styrelseansvar f\u00f6rsiktighets\u00e5tg\u00e4rd\"}]},{\"@type\":\"WebSite\",\"@id\":\"https:\\\/\\\/pensumgroup.no\\\/sv\\\/#website\",\"url\":\"https:\\\/\\\/pensumgroup.no\\\/sv\\\/\",\"name\":\"Pensum Group\",\"description\":\"\",\"publisher\":{\"@id\":\"https:\\\/\\\/pensumgroup.no\\\/sv\\\/#organization\"},\"potentialAction\":[{\"@type\":\"SearchAction\",\"target\":{\"@type\":\"EntryPoint\",\"urlTemplate\":\"https:\\\/\\\/pensumgroup.no\\\/sv\\\/?s={search_term_string}\"},\"query-input\":{\"@type\":\"PropertyValueSpecification\",\"valueRequired\":true,\"valueName\":\"search_term_string\"}}],\"inLanguage\":\"sv-SE\"},{\"@type\":\"Organization\",\"@id\":\"https:\\\/\\\/pensumgroup.no\\\/sv\\\/#organization\",\"name\":\"Pensum Group\",\"url\":\"https:\\\/\\\/pensumgroup.no\\\/sv\\\/\",\"logo\":{\"@type\":\"ImageObject\",\"inLanguage\":\"sv-SE\",\"@id\":\"https:\\\/\\\/pensumgroup.no\\\/sv\\\/#\\\/schema\\\/logo\\\/image\\\/\",\"url\":\"https:\\\/\\\/pensumgroup.no\\\/wp-content\\\/uploads\\\/2021\\\/06\\\/cropped-Pensum-Logo-2021-Bredde-Lys-bla\u2560e.png\",\"contentUrl\":\"https:\\\/\\\/pensumgroup.no\\\/wp-content\\\/uploads\\\/2021\\\/06\\\/cropped-Pensum-Logo-2021-Bredde-Lys-bla\u2560e.png\",\"width\":462,\"height\":176,\"caption\":\"Pensum Group\"},\"image\":{\"@id\":\"https:\\\/\\\/pensumgroup.no\\\/sv\\\/#\\\/schema\\\/logo\\\/image\\\/\"}}]}<\/script>\n<!-- \/ Yoast SEO plugin. -->","yoast_head_json":{"title":"Styrelseansvar och styrelseansvar f\u00f6rsiktighets\u00e5tg\u00e4rd - Pensum Group","robots":{"index":"index","follow":"follow","max-snippet":"max-snippet:-1","max-image-preview":"max-image-preview:large","max-video-preview":"max-video-preview:-1"},"canonical":"https:\/\/pensumgroup.no\/sv\/styrelseansvar-och-styrelseansvar-forsiktighetsatgard\/","og_locale":"sv_SE","og_type":"article","og_title":"Styrelseansvar och styrelseansvar f\u00f6rsiktighets\u00e5tg\u00e4rd - Pensum Group","og_description":"Styrelseansvar och styrelseansvar f\u00f6rsiktighets\u00e5tg\u00e4rd Styrelseansvarsf\u00f6rs\u00e4kring eller D&amp;O (styrelseledam\u00f6ter och tj\u00e4nstem\u00e4n), som f\u00f6rs\u00e4kringen ocks\u00e5 kallas, \u00e4r f\u00f6rs\u00e4kring mot ansvar styrelseledam\u00f6ter och andra i ledningen kan \u00e5dra sig p\u00e5 grund av felaktiga beslut eller andra dispositioner som orsakar n\u00e5gon ekonomisk skada. Detta \u00e4r ett personligt ekonomiskt ansvar och kravet kan d\u00e4rf\u00f6r riktas mot enskilda i styrelse eller [&hellip;]","og_url":"https:\/\/pensumgroup.no\/sv\/styrelseansvar-och-styrelseansvar-forsiktighetsatgard\/","og_site_name":"Pensum Group","article_modified_time":"2023-03-24T16:39:46+00:00","og_image":[{"url":"https:\/\/pensumgroup.no\/wp-content\/uploads\/2022\/09\/Styreansvar.png","type":"","width":"","height":""}],"twitter_card":"summary_large_image","twitter_misc":{"Ber\u00e4knad l\u00e4stid":"2 minuter"},"schema":{"@context":"https:\/\/schema.org","@graph":[{"@type":"WebPage","@id":"https:\/\/pensumgroup.no\/sv\/styrelseansvar-och-styrelseansvar-forsiktighetsatgard\/","url":"https:\/\/pensumgroup.no\/sv\/styrelseansvar-och-styrelseansvar-forsiktighetsatgard\/","name":"Styrelseansvar och styrelseansvar f\u00f6rsiktighets\u00e5tg\u00e4rd - Pensum Group","isPartOf":{"@id":"https:\/\/pensumgroup.no\/sv\/#website"},"primaryImageOfPage":{"@id":"https:\/\/pensumgroup.no\/sv\/styrelseansvar-och-styrelseansvar-forsiktighetsatgard\/#primaryimage"},"image":{"@id":"https:\/\/pensumgroup.no\/sv\/styrelseansvar-och-styrelseansvar-forsiktighetsatgard\/#primaryimage"},"thumbnailUrl":"https:\/\/pensumgroup.no\/wp-content\/uploads\/2022\/09\/Styreansvar.png","datePublished":"2022-09-27T13:28:37+00:00","dateModified":"2023-03-24T16:39:46+00:00","breadcrumb":{"@id":"https:\/\/pensumgroup.no\/sv\/styrelseansvar-och-styrelseansvar-forsiktighetsatgard\/#breadcrumb"},"inLanguage":"sv-SE","potentialAction":[{"@type":"ReadAction","target":["https:\/\/pensumgroup.no\/sv\/styrelseansvar-och-styrelseansvar-forsiktighetsatgard\/"]}]},{"@type":"ImageObject","inLanguage":"sv-SE","@id":"https:\/\/pensumgroup.no\/sv\/styrelseansvar-och-styrelseansvar-forsiktighetsatgard\/#primaryimage","url":"https:\/\/pensumgroup.no\/wp-content\/uploads\/2022\/09\/Styreansvar.png","contentUrl":"https:\/\/pensumgroup.no\/wp-content\/uploads\/2022\/09\/Styreansvar.png"},{"@type":"BreadcrumbList","@id":"https:\/\/pensumgroup.no\/sv\/styrelseansvar-och-styrelseansvar-forsiktighetsatgard\/#breadcrumb","itemListElement":[{"@type":"ListItem","position":1,"name":"Forside","item":"https:\/\/pensumgroup.no\/sv\/"},{"@type":"ListItem","position":2,"name":"Styrelseansvar och styrelseansvar f\u00f6rsiktighets\u00e5tg\u00e4rd"}]},{"@type":"WebSite","@id":"https:\/\/pensumgroup.no\/sv\/#website","url":"https:\/\/pensumgroup.no\/sv\/","name":"Pensum Group","description":"","publisher":{"@id":"https:\/\/pensumgroup.no\/sv\/#organization"},"potentialAction":[{"@type":"SearchAction","target":{"@type":"EntryPoint","urlTemplate":"https:\/\/pensumgroup.no\/sv\/?s={search_term_string}"},"query-input":{"@type":"PropertyValueSpecification","valueRequired":true,"valueName":"search_term_string"}}],"inLanguage":"sv-SE"},{"@type":"Organization","@id":"https:\/\/pensumgroup.no\/sv\/#organization","name":"Pensum Group","url":"https:\/\/pensumgroup.no\/sv\/","logo":{"@type":"ImageObject","inLanguage":"sv-SE","@id":"https:\/\/pensumgroup.no\/sv\/#\/schema\/logo\/image\/","url":"https:\/\/pensumgroup.no\/wp-content\/uploads\/2021\/06\/cropped-Pensum-Logo-2021-Bredde-Lys-bla\u2560e.png","contentUrl":"https:\/\/pensumgroup.no\/wp-content\/uploads\/2021\/06\/cropped-Pensum-Logo-2021-Bredde-Lys-bla\u2560e.png","width":462,"height":176,"caption":"Pensum Group"},"image":{"@id":"https:\/\/pensumgroup.no\/sv\/#\/schema\/logo\/image\/"}}]}},"_links":{"self":[{"href":"https:\/\/pensumgroup.no\/sv\/wp-json\/wp\/v2\/pages\/8717","targetHints":{"allow":["GET"]}}],"collection":[{"href":"https:\/\/pensumgroup.no\/sv\/wp-json\/wp\/v2\/pages"}],"about":[{"href":"https:\/\/pensumgroup.no\/sv\/wp-json\/wp\/v2\/types\/page"}],"author":[{"embeddable":true,"href":"https:\/\/pensumgroup.no\/sv\/wp-json\/wp\/v2\/users\/2"}],"replies":[{"embeddable":true,"href":"https:\/\/pensumgroup.no\/sv\/wp-json\/wp\/v2\/comments?post=8717"}],"version-history":[{"count":1,"href":"https:\/\/pensumgroup.no\/sv\/wp-json\/wp\/v2\/pages\/8717\/revisions"}],"predecessor-version":[{"id":8718,"href":"https:\/\/pensumgroup.no\/sv\/wp-json\/wp\/v2\/pages\/8717\/revisions\/8718"}],"wp:attachment":[{"href":"https:\/\/pensumgroup.no\/sv\/wp-json\/wp\/v2\/media?parent=8717"}],"curies":[{"name":"wp","href":"https:\/\/api.w.org\/{rel}","templated":true}]}}