{"id":8721,"date":"2021-06-23T07:29:32","date_gmt":"2021-06-23T05:29:32","guid":{"rendered":"https:\/\/pensumgroup.no\/business-services\/"},"modified":"2023-03-24T17:46:54","modified_gmt":"2023-03-24T16:46:54","slug":"business-services","status":"publish","type":"page","link":"https:\/\/pensumgroup.no\/sv\/business-services\/","title":{"rendered":"Business Services"},"content":{"rendered":"\t\t<div data-elementor-type=\"wp-page\" data-elementor-id=\"8721\" class=\"elementor elementor-8721 elementor-773\" data-elementor-post-type=\"page\">\n\t\t\t\t\t\t<section class=\"elementor-section elementor-top-section elementor-element elementor-element-31540113 elementor-section-height-min-height elementor-section-content-middle elementor-section-boxed elementor-section-height-default elementor-section-items-middle\" data-id=\"31540113\" data-element_type=\"section\" data-e-type=\"section\" data-settings=\"{&quot;background_background&quot;:&quot;classic&quot;}\">\n\t\t\t\t\t\t\t<div class=\"elementor-background-overlay\"><\/div>\n\t\t\t\t\t\t\t<div class=\"elementor-container elementor-column-gap-default\">\n\t\t\t\t\t<div class=\"elementor-column elementor-col-50 elementor-top-column elementor-element elementor-element-5c09b733\" data-id=\"5c09b733\" data-element_type=\"column\" data-e-type=\"column\">\n\t\t\t<div class=\"elementor-widget-wrap elementor-element-populated\">\n\t\t\t\t\t\t<div class=\"elementor-element elementor-element-72084d5 elementor-widget elementor-widget-heading\" data-id=\"72084d5\" data-element_type=\"widget\" data-e-type=\"widget\" data-widget_type=\"heading.default\">\n\t\t\t\t<div class=\"elementor-widget-container\">\n\t\t\t\t\t<h2 class=\"elementor-heading-title elementor-size-default\">Business Services<\/h2>\t\t\t\t<\/div>\n\t\t\t\t<\/div>\n\t\t\t\t\t<\/div>\n\t\t<\/div>\n\t\t\t\t<div class=\"elementor-column elementor-col-50 elementor-top-column elementor-element elementor-element-6df97329\" data-id=\"6df97329\" data-element_type=\"column\" data-e-type=\"column\">\n\t\t\t<div class=\"elementor-widget-wrap elementor-element-populated\">\n\t\t\t\t\t\t<div class=\"elementor-element elementor-element-5c5bcfda elementor-align-right elementor-widget elementor-widget-breadcrumbs\" data-id=\"5c5bcfda\" data-element_type=\"widget\" data-e-type=\"widget\" data-widget_type=\"breadcrumbs.default\">\n\t\t\t\t<div class=\"elementor-widget-container\">\n\t\t\t\t\t<p id=\"breadcrumbs\"><span><span><a href=\"https:\/\/pensumgroup.no\/sv\/\">Forside<\/a><\/span><\/span><\/p>\t\t\t\t<\/div>\n\t\t\t\t<\/div>\n\t\t\t\t\t<\/div>\n\t\t<\/div>\n\t\t\t\t\t<\/div>\n\t\t<\/section>\n\t\t\t\t<section class=\"elementor-section elementor-top-section elementor-element elementor-element-33fdc984 elementor-section-content-top elementor-section-boxed elementor-section-height-default elementor-section-height-default\" data-id=\"33fdc984\" data-element_type=\"section\" data-e-type=\"section\">\n\t\t\t\t\t\t<div class=\"elementor-container elementor-column-gap-no\">\n\t\t\t\t\t<div class=\"elementor-column elementor-col-100 elementor-top-column elementor-element elementor-element-4c83a624\" data-id=\"4c83a624\" data-element_type=\"column\" data-e-type=\"column\">\n\t\t\t<div class=\"elementor-widget-wrap elementor-element-populated\">\n\t\t\t\t\t\t<div class=\"elementor-element elementor-element-363674c3 elementor-widget elementor-widget-text-editor\" data-id=\"363674c3\" data-element_type=\"widget\" data-e-type=\"widget\" data-widget_type=\"text-editor.default\">\n\t\t\t\t<div class=\"elementor-widget-container\">\n\t\t\t\t\t\t\t\t\t<p>Pensum Business Services AS \u00e4r ett auktoriserat redovisningskontor samlokaliserat med Pensum Group AS, Pensum Asset Management AS och Pensum Forsikringsmegling AS.<\/p>\n<p>F\u00f6retaget grundades 2020 och best\u00e5r idag av 2 anst\u00e4llda som b\u00e5da \u00e4r auktoriserade revisorer med m\u00e5ng\u00e5rig erfarenhet av redovisning. Verkst\u00e4llande direkt\u00f6ren har flera \u00e5rs bakgrund inom revision.<\/p>\n<p>Pensum Business Services AS \u00e4r medlem i Regnskap Norge, som \u00e4r yrkes- och branschorganisationen f\u00f6r auktoriserade revisorer i Norge.<\/p>\n<p><span style=\"background-color: transparent; font-family: var( --e-global-typography-text-font-family ), Sans-serif; font-weight: var( --e-global-typography-text-font-weight );\">Pensum Business Services AS erbjuder tj\u00e4nster som:<\/span><\/p>\n<ul>\n<li><strong>Bokf\u00f6ring<\/strong><br \/>Vi anv\u00e4nder Power Office GO som redovisningssystem <br \/>&#8211; Dokumenthantering <br \/>&#8211; Avst\u00e4mning av r\u00e4kenskaperna<br \/>&#8211; L\u00f6pande rapportering och uppf\u00f6ljning av kund- och leverant\u00f6rsreskontra<br \/>&#8211; Remittering<\/li>\n<\/ul>\n<ul>\n<li><strong>L\u00f6n<\/strong><br \/>Vi anv\u00e4nder Visma L\u00f6n som l\u00f6nesystem<br \/>&#8211; L\u00f6neavr\u00e4kning<br \/>&#8211; Banklistor\/l\u00f6ne\u00f6verf\u00f6ring<br \/>&#8211; A m\u00e4rker<br \/>&#8211; Sjukanm\u00e4lan<br \/>&#8211; \u00c5rlig avst\u00e4mning<br \/>&#8211; Olika grunder som f\u00f6ljer av l\u00f6ner som OTP<\/li>\n<\/ul>\n<ul>\n<li><strong>Bokslutskommunik\u00e9<\/strong><br \/>Vi anv\u00e4nder Maestro som bokslutssystem<br \/>&#8211; Avsluta r\u00e4kenskaperna<br \/>&#8211; F\u00f6rberedelse och inl\u00e4mning av f\u00f6rlikningspapper<br \/>&#8211; Uppr\u00e4ttande och inl\u00e4mnande av \u00e5rsbokslut med noter och \u00e5rsredovisning<br \/>&#8211; Uppr\u00e4ttande och inl\u00e4mnande av aktie\u00e4garbokf\u00f6ring<\/li>\n<\/ul>\n\t\t\t\t\t\t\t\t<\/div>\n\t\t\t\t<\/div>\n\t\t\t\t\t<\/div>\n\t\t<\/div>\n\t\t\t\t\t<\/div>\n\t\t<\/section>\n\t\t\t\t<section class=\"elementor-section elementor-top-section elementor-element elementor-element-5d868b4f elementor-section-boxed elementor-section-height-default elementor-section-height-default\" data-id=\"5d868b4f\" data-element_type=\"section\" data-e-type=\"section\">\n\t\t\t\t\t\t<div class=\"elementor-container elementor-column-gap-default\">\n\t\t\t\t\t<div class=\"elementor-column elementor-col-100 elementor-top-column elementor-element elementor-element-565df756\" data-id=\"565df756\" data-element_type=\"column\" data-e-type=\"column\">\n\t\t\t<div class=\"elementor-widget-wrap elementor-element-populated\">\n\t\t\t\t\t\t<section class=\"elementor-section elementor-inner-section elementor-element elementor-element-30dfb631 ignore-toc elementor-section-boxed elementor-section-height-default elementor-section-height-default\" data-id=\"30dfb631\" data-element_type=\"section\" data-e-type=\"section\" data-settings=\"{&quot;background_background&quot;:&quot;classic&quot;}\">\n\t\t\t\t\t\t<div class=\"elementor-container elementor-column-gap-default\">\n\t\t\t\t\t<div class=\"elementor-column elementor-col-100 elementor-inner-column elementor-element elementor-element-4e6ccd91\" data-id=\"4e6ccd91\" data-element_type=\"column\" data-e-type=\"column\">\n\t\t\t<div class=\"elementor-widget-wrap elementor-element-populated\">\n\t\t\t\t\t\t<div class=\"elementor-element elementor-element-42fff3a4 elementor-widget-divider--view-line_text elementor-widget-divider--element-align-right elementor-widget elementor-widget-divider\" data-id=\"42fff3a4\" data-element_type=\"widget\" data-e-type=\"widget\" data-widget_type=\"divider.default\">\n\t\t\t\t<div class=\"elementor-widget-container\">\n\t\t\t\t\t\t\t<div class=\"elementor-divider\">\n\t\t\t<span class=\"elementor-divider-separator\">\n\t\t\t\t\t\t\t<span class=\"elementor-divider__text elementor-divider__element\">\n\t\t\t\tF\u00e5 de senaste uppdateringarna\t\t\t\t<\/span>\n\t\t\t\t\t\t<\/span>\n\t\t<\/div>\n\t\t\t\t\t\t<\/div>\n\t\t\t\t<\/div>\n\t\t\t\t<div class=\"elementor-element elementor-element-109c712d ignore-toc elementor-widget elementor-widget-heading\" data-id=\"109c712d\" data-element_type=\"widget\" data-e-type=\"widget\" data-widget_type=\"heading.default\">\n\t\t\t\t<div class=\"elementor-widget-container\">\n\t\t\t\t\t<h2 class=\"elementor-heading-title elementor-size-default\">Anm\u00e4l dig till v\u00e5rt nyhetsbrev<\/h2>\t\t\t\t<\/div>\n\t\t\t\t<\/div>\n\t\t\t\t<div class=\"elementor-element elementor-element-141ad436 elementor-widget elementor-widget-text-editor\" data-id=\"141ad436\" data-element_type=\"widget\" data-e-type=\"widget\" data-widget_type=\"text-editor.default\">\n\t\t\t\t<div class=\"elementor-widget-container\">\n\t\t\t\t\t\t\t\t\t<p>Ingen spam &#8211; bara nyheter fr\u00e5n Pensum<\/p>\n\t\t\t\t\t\t\t\t<\/div>\n\t\t\t\t<\/div>\n\t\t\t\t\t<\/div>\n\t\t<\/div>\n\t\t\t\t\t<\/div>\n\t\t<\/section>\n\t\t\t\t<section class=\"elementor-section elementor-inner-section elementor-element elementor-element-4cf83444 elementor-section-boxed elementor-section-height-default elementor-section-height-default\" data-id=\"4cf83444\" data-element_type=\"section\" data-e-type=\"section\">\n\t\t\t\t\t\t<div class=\"elementor-container elementor-column-gap-default\">\n\t\t\t\t\t<div class=\"elementor-column elementor-col-100 elementor-inner-column elementor-element elementor-element-584feec9\" data-id=\"584feec9\" data-element_type=\"column\" data-e-type=\"column\">\n\t\t\t<div class=\"elementor-widget-wrap elementor-element-populated\">\n\t\t\t\t\t\t<div class=\"elementor-element elementor-element-4ebe244 elementor-widget elementor-widget-shortcode\" data-id=\"4ebe244\" data-element_type=\"widget\" data-e-type=\"widget\" data-widget_type=\"shortcode.default\">\n\t\t\t\t<div class=\"elementor-widget-container\">\n\t\t\t\t\t\t\t<div class=\"elementor-shortcode\"><script>(function() {\n\twindow.mc4wp = window.mc4wp || {\n\t\tlisteners: [],\n\t\tforms: {\n\t\t\ton: function(evt, cb) {\n\t\t\t\twindow.mc4wp.listeners.push(\n\t\t\t\t\t{\n\t\t\t\t\t\tevent   : evt,\n\t\t\t\t\t\tcallback: cb\n\t\t\t\t\t}\n\t\t\t\t);\n\t\t\t}\n\t\t}\n\t}\n})();\n<\/script><!-- Mailchimp for WordPress v4.12.0 - https:\/\/wordpress.org\/plugins\/mailchimp-for-wp\/ --><form id=\"mc4wp-form-1\" class=\"mc4wp-form mc4wp-form-1535\" method=\"post\" data-id=\"1535\" data-name=\"Nyhetsbrev\" ><div class=\"mc4wp-form-fields\"><p>\r\n    <label>Fornavn*<\/label>\r\n    <input type=\"text\" name=\"FNAME\" placeholder=\"Ditt fornavn\"\r\n    required=\"\">\r\n<\/p>\r\n<p>\r\n    <label>Etternavn*<\/label>\r\n    <input type=\"text\" name=\"LNAME\" placeholder=\"Ditt etternavn\"\r\n    required=\"\">\r\n<\/p>\r\n\r\n<p>\r\n\t<label>E-postadresse: *<\/label>\r\n\t\t<input type=\"email\" name=\"EMAIL\" placeholder=\"Din e-post\" required \/>\r\n<\/label>\r\n<\/p>\r\n\r\n<p>\r\n\t<input type=\"submit\" value=\"MOTTA NYHETSBREV\" \/>\r\n<\/p><\/div><label style=\"display: none !important;\">L\u00e5t detta f\u00e4lt vara tomt om du \u00e4r m\u00e4nniska: <input type=\"text\" name=\"_mc4wp_honeypot\" value=\"\" tabindex=\"-1\" autocomplete=\"off\" \/><\/label><input type=\"hidden\" name=\"_mc4wp_timestamp\" value=\"1776280417\" \/><input type=\"hidden\" name=\"_mc4wp_form_id\" value=\"1535\" \/><input type=\"hidden\" name=\"_mc4wp_form_element_id\" value=\"mc4wp-form-1\" \/><div class=\"mc4wp-response\"><\/div><\/form><!-- \/ Mailchimp for WordPress Plugin --><\/div>\n\t\t\t\t\t\t<\/div>\n\t\t\t\t<\/div>\n\t\t\t\t\t<\/div>\n\t\t<\/div>\n\t\t\t\t\t<\/div>\n\t\t<\/section>\n\t\t\t\t\t<\/div>\n\t\t<\/div>\n\t\t\t\t\t<\/div>\n\t\t<\/section>\n\t\t\t\t<\/div>\n\t\t","protected":false},"excerpt":{"rendered":"<p>Business Services Pensum Business Services AS \u00e4r ett auktoriserat redovisningskontor samlokaliserat med Pensum Group AS, Pensum Asset Management AS och Pensum Forsikringsmegling AS. F\u00f6retaget grundades 2020 och best\u00e5r idag av 2 anst\u00e4llda som b\u00e5da \u00e4r auktoriserade revisorer med m\u00e5ng\u00e5rig erfarenhet av redovisning. Verkst\u00e4llande direkt\u00f6ren har flera \u00e5rs bakgrund inom revision. Pensum Business Services AS \u00e4r [&hellip;]<\/p>\n","protected":false},"author":2,"featured_media":0,"parent":0,"menu_order":0,"comment_status":"closed","ping_status":"closed","template":"","meta":{"_acf_changed":false,"footnotes":""},"class_list":["post-8721","page","type-page","status-publish","hentry"],"acf":[],"yoast_head":"<!-- This site is optimized with the Yoast SEO plugin v27.4 - https:\/\/yoast.com\/product\/yoast-seo-wordpress\/ -->\n<title>Business Services - Pensum Group<\/title>\n<meta name=\"robots\" content=\"index, follow, max-snippet:-1, max-image-preview:large, max-video-preview:-1\" \/>\n<link rel=\"canonical\" href=\"https:\/\/pensumgroup.no\/sv\/business-services\/\" \/>\n<meta property=\"og:locale\" content=\"sv_SE\" \/>\n<meta property=\"og:type\" content=\"article\" \/>\n<meta property=\"og:title\" content=\"Business Services - Pensum Group\" \/>\n<meta property=\"og:description\" content=\"Business Services Pensum Business Services AS \u00e4r ett auktoriserat redovisningskontor samlokaliserat med Pensum Group AS, Pensum Asset Management AS och Pensum Forsikringsmegling AS. F\u00f6retaget grundades 2020 och best\u00e5r idag av 2 anst\u00e4llda som b\u00e5da \u00e4r auktoriserade revisorer med m\u00e5ng\u00e5rig erfarenhet av redovisning. Verkst\u00e4llande direkt\u00f6ren har flera \u00e5rs bakgrund inom revision. Pensum Business Services AS \u00e4r [&hellip;]\" \/>\n<meta property=\"og:url\" content=\"https:\/\/pensumgroup.no\/sv\/business-services\/\" \/>\n<meta property=\"og:site_name\" content=\"Pensum Group\" \/>\n<meta property=\"article:modified_time\" content=\"2023-03-24T16:46:54+00:00\" \/>\n<meta name=\"twitter:card\" content=\"summary_large_image\" \/>\n<meta name=\"twitter:label1\" content=\"Ber\u00e4knad l\u00e4stid\" \/>\n\t<meta name=\"twitter:data1\" content=\"1 minut\" \/>\n<script type=\"application\/ld+json\" class=\"yoast-schema-graph\">{\"@context\":\"https:\\\/\\\/schema.org\",\"@graph\":[{\"@type\":\"WebPage\",\"@id\":\"https:\\\/\\\/pensumgroup.no\\\/sv\\\/business-services\\\/\",\"url\":\"https:\\\/\\\/pensumgroup.no\\\/sv\\\/business-services\\\/\",\"name\":\"Business Services - Pensum Group\",\"isPartOf\":{\"@id\":\"https:\\\/\\\/pensumgroup.no\\\/sv\\\/#website\"},\"datePublished\":\"2021-06-23T05:29:32+00:00\",\"dateModified\":\"2023-03-24T16:46:54+00:00\",\"breadcrumb\":{\"@id\":\"https:\\\/\\\/pensumgroup.no\\\/sv\\\/business-services\\\/#breadcrumb\"},\"inLanguage\":\"sv-SE\",\"potentialAction\":[{\"@type\":\"ReadAction\",\"target\":[\"https:\\\/\\\/pensumgroup.no\\\/sv\\\/business-services\\\/\"]}]},{\"@type\":\"BreadcrumbList\",\"@id\":\"https:\\\/\\\/pensumgroup.no\\\/sv\\\/business-services\\\/#breadcrumb\",\"itemListElement\":[{\"@type\":\"ListItem\",\"position\":1,\"name\":\"Forside\",\"item\":\"https:\\\/\\\/pensumgroup.no\\\/sv\\\/\"},{\"@type\":\"ListItem\",\"position\":2,\"name\":\"Business Services\"}]},{\"@type\":\"WebSite\",\"@id\":\"https:\\\/\\\/pensumgroup.no\\\/sv\\\/#website\",\"url\":\"https:\\\/\\\/pensumgroup.no\\\/sv\\\/\",\"name\":\"Pensum Group\",\"description\":\"\",\"publisher\":{\"@id\":\"https:\\\/\\\/pensumgroup.no\\\/sv\\\/#organization\"},\"potentialAction\":[{\"@type\":\"SearchAction\",\"target\":{\"@type\":\"EntryPoint\",\"urlTemplate\":\"https:\\\/\\\/pensumgroup.no\\\/sv\\\/?s={search_term_string}\"},\"query-input\":{\"@type\":\"PropertyValueSpecification\",\"valueRequired\":true,\"valueName\":\"search_term_string\"}}],\"inLanguage\":\"sv-SE\"},{\"@type\":\"Organization\",\"@id\":\"https:\\\/\\\/pensumgroup.no\\\/sv\\\/#organization\",\"name\":\"Pensum Group\",\"url\":\"https:\\\/\\\/pensumgroup.no\\\/sv\\\/\",\"logo\":{\"@type\":\"ImageObject\",\"inLanguage\":\"sv-SE\",\"@id\":\"https:\\\/\\\/pensumgroup.no\\\/sv\\\/#\\\/schema\\\/logo\\\/image\\\/\",\"url\":\"https:\\\/\\\/pensumgroup.no\\\/wp-content\\\/uploads\\\/2021\\\/06\\\/cropped-Pensum-Logo-2021-Bredde-Lys-bla\u2560e.png\",\"contentUrl\":\"https:\\\/\\\/pensumgroup.no\\\/wp-content\\\/uploads\\\/2021\\\/06\\\/cropped-Pensum-Logo-2021-Bredde-Lys-bla\u2560e.png\",\"width\":462,\"height\":176,\"caption\":\"Pensum Group\"},\"image\":{\"@id\":\"https:\\\/\\\/pensumgroup.no\\\/sv\\\/#\\\/schema\\\/logo\\\/image\\\/\"}}]}<\/script>\n<!-- \/ Yoast SEO plugin. -->","yoast_head_json":{"title":"Business Services - Pensum Group","robots":{"index":"index","follow":"follow","max-snippet":"max-snippet:-1","max-image-preview":"max-image-preview:large","max-video-preview":"max-video-preview:-1"},"canonical":"https:\/\/pensumgroup.no\/sv\/business-services\/","og_locale":"sv_SE","og_type":"article","og_title":"Business Services - Pensum Group","og_description":"Business Services Pensum Business Services AS \u00e4r ett auktoriserat redovisningskontor samlokaliserat med Pensum Group AS, Pensum Asset Management AS och Pensum Forsikringsmegling AS. F\u00f6retaget grundades 2020 och best\u00e5r idag av 2 anst\u00e4llda som b\u00e5da \u00e4r auktoriserade revisorer med m\u00e5ng\u00e5rig erfarenhet av redovisning. Verkst\u00e4llande direkt\u00f6ren har flera \u00e5rs bakgrund inom revision. Pensum Business Services AS \u00e4r [&hellip;]","og_url":"https:\/\/pensumgroup.no\/sv\/business-services\/","og_site_name":"Pensum Group","article_modified_time":"2023-03-24T16:46:54+00:00","twitter_card":"summary_large_image","twitter_misc":{"Ber\u00e4knad l\u00e4stid":"1 minut"},"schema":{"@context":"https:\/\/schema.org","@graph":[{"@type":"WebPage","@id":"https:\/\/pensumgroup.no\/sv\/business-services\/","url":"https:\/\/pensumgroup.no\/sv\/business-services\/","name":"Business Services - Pensum Group","isPartOf":{"@id":"https:\/\/pensumgroup.no\/sv\/#website"},"datePublished":"2021-06-23T05:29:32+00:00","dateModified":"2023-03-24T16:46:54+00:00","breadcrumb":{"@id":"https:\/\/pensumgroup.no\/sv\/business-services\/#breadcrumb"},"inLanguage":"sv-SE","potentialAction":[{"@type":"ReadAction","target":["https:\/\/pensumgroup.no\/sv\/business-services\/"]}]},{"@type":"BreadcrumbList","@id":"https:\/\/pensumgroup.no\/sv\/business-services\/#breadcrumb","itemListElement":[{"@type":"ListItem","position":1,"name":"Forside","item":"https:\/\/pensumgroup.no\/sv\/"},{"@type":"ListItem","position":2,"name":"Business Services"}]},{"@type":"WebSite","@id":"https:\/\/pensumgroup.no\/sv\/#website","url":"https:\/\/pensumgroup.no\/sv\/","name":"Pensum Group","description":"","publisher":{"@id":"https:\/\/pensumgroup.no\/sv\/#organization"},"potentialAction":[{"@type":"SearchAction","target":{"@type":"EntryPoint","urlTemplate":"https:\/\/pensumgroup.no\/sv\/?s={search_term_string}"},"query-input":{"@type":"PropertyValueSpecification","valueRequired":true,"valueName":"search_term_string"}}],"inLanguage":"sv-SE"},{"@type":"Organization","@id":"https:\/\/pensumgroup.no\/sv\/#organization","name":"Pensum Group","url":"https:\/\/pensumgroup.no\/sv\/","logo":{"@type":"ImageObject","inLanguage":"sv-SE","@id":"https:\/\/pensumgroup.no\/sv\/#\/schema\/logo\/image\/","url":"https:\/\/pensumgroup.no\/wp-content\/uploads\/2021\/06\/cropped-Pensum-Logo-2021-Bredde-Lys-bla\u2560e.png","contentUrl":"https:\/\/pensumgroup.no\/wp-content\/uploads\/2021\/06\/cropped-Pensum-Logo-2021-Bredde-Lys-bla\u2560e.png","width":462,"height":176,"caption":"Pensum Group"},"image":{"@id":"https:\/\/pensumgroup.no\/sv\/#\/schema\/logo\/image\/"}}]}},"_links":{"self":[{"href":"https:\/\/pensumgroup.no\/sv\/wp-json\/wp\/v2\/pages\/8721","targetHints":{"allow":["GET"]}}],"collection":[{"href":"https:\/\/pensumgroup.no\/sv\/wp-json\/wp\/v2\/pages"}],"about":[{"href":"https:\/\/pensumgroup.no\/sv\/wp-json\/wp\/v2\/types\/page"}],"author":[{"embeddable":true,"href":"https:\/\/pensumgroup.no\/sv\/wp-json\/wp\/v2\/users\/2"}],"replies":[{"embeddable":true,"href":"https:\/\/pensumgroup.no\/sv\/wp-json\/wp\/v2\/comments?post=8721"}],"version-history":[{"count":1,"href":"https:\/\/pensumgroup.no\/sv\/wp-json\/wp\/v2\/pages\/8721\/revisions"}],"predecessor-version":[{"id":8722,"href":"https:\/\/pensumgroup.no\/sv\/wp-json\/wp\/v2\/pages\/8721\/revisions\/8722"}],"wp:attachment":[{"href":"https:\/\/pensumgroup.no\/sv\/wp-json\/wp\/v2\/media?parent=8721"}],"curies":[{"name":"wp","href":"https:\/\/api.w.org\/{rel}","templated":true}]}}